{"id":143,"date":"2021-09-06T08:00:11","date_gmt":"2021-09-06T08:00:11","guid":{"rendered":"http:\/\/sw-themes.com\/porto_dummy\/?page_id=143"},"modified":"2025-04-30T14:27:06","modified_gmt":"2025-04-30T19:27:06","slug":"home","status":"publish","type":"page","link":"https:\/\/gs1ec.org\/contenido\/","title":{"rendered":"Inicio"},"content":{"rendered":"<p>[vc_row wrap_container=&#8221;yes&#8221; css=&#8221;.vc_custom_1644965471612{padding-top: 70px !important;padding-bottom: 70px !important;}&#8221;][vc_column][vc_row_inner][vc_column_inner width=&#8221;1\/2&#8243; css=&#8221;.vc_custom_1644965491923{padding-right: 20px !important;padding-left: 20px !important;}&#8221;][vc_column_text]<span style=\"color: #002c6c; font-size: 19px;\"><br \/>\nEl Sistema GS1 es un conjunto de est\u00e1ndares que permiten la administraci\u00f3n eficiente de las cadenas de distribuciones multisectoriales y mundiales mediante la identificaci\u00f3n inequ\u00edvoca de productos, unidades log\u00edsticas, activos, localizaciones y servicios. Facilita los procesos de comercio electr\u00f3nico incluyendo el rastreo y seguimiento completos.<\/span>[\/vc_column_text][vc_btn title=&#8221;M\u00e1s informaci\u00f3n sobre GS1&#8243; style=&#8221;custom&#8221; custom_background=&#8221;#cd3c0c&#8221; custom_text=&#8221;#ffffff&#8221; size=&#8221;lg&#8221; link=&#8221;url:https%3A%2F%2Fgs1ec.org%2Fcontenido%2Fempresa|title:Solicitar%20C%C3%B3digos%20de%20Barras||&#8221; css=&#8221;.vc_custom_1657745379252{border-radius: 4px !important;}&#8221;][vc_empty_space height=&#8221;1px&#8221;][vc_btn title=&#8221;Gu\u00eda pr\u00e1ctica&#8221; style=&#8221;custom&#8221; custom_background=&#8221;#002c6c&#8221; custom_text=&#8221;#ffffff&#8221; size=&#8221;lg&#8221; link=&#8221;url:https%3A%2F%2Fgs1ec.org%2Fcontenido%2Fguia-practica%2F|title:Gu%C3%ADa%20Pr%C3%A1ctica||&#8221; css=&#8221;.vc_custom_1657831361766{border-radius: 4px !important;}&#8221;][\/vc_column_inner][vc_column_inner width=&#8221;1\/2&#8243; css=&#8221;.vc_custom_1644965503117{padding-right: 20px !important;padding-left: 20px !important;}&#8221;][vc_separator color=&#8221;custom&#8221; accent_color=&#8221;#002c6c&#8221;]<div class=\"porto-sicon-wrapper style_1\"><div class=\"porto-sicon-box default-icon\" style=\"\"  ><div class=\"porto-sicon-default\"><div id=\"porto-icon-150602742469d780590e814\" class=\"porto-just-icon-wrapper  \"><div class=\"align-icon\" style=\"text-align:center;\">\n<div class=\"porto-sicon-img \" style=\"font-size:48px;display:inline-block;\" >\n\t<img decoding=\"async\" class=\"img-icon\" alt=\"\" src=\"https:\/\/gs1ec.org\/contenido\/wp-content\/uploads\/2021\/09\/GS1_Traceability_Benefits_Transparency_RGB_2017-11-17.png\"\/>\n<\/div><\/div><\/div><\/div><div class=\"porto-sicon-header\" ><h3 class=\"porto-sicon-title\" style=\"font-weight:300;font-size:15px;line-height:22px;color:#cd3c0d;\">Uniendo los mundos f\u00edsico y digital para mejorar la experiencia del consumidor y la seguridad del paciente<\/h3><\/div> <!-- header --><\/div> <!-- porto-sicon-box --><\/div>[vc_separator color=&#8221;custom&#8221; accent_color=&#8221;#002c6c&#8221;]<div class=\"porto-sicon-wrapper style_1\"><div class=\"porto-sicon-box default-icon\" style=\"\"  ><div class=\"porto-sicon-default\"><div id=\"porto-icon-89807889369d780590f281\" class=\"porto-just-icon-wrapper  \"><div class=\"align-icon\" style=\"text-align:center;\">\n<div class=\"porto-sicon-img \" style=\"font-size:48px;display:inline-block;\" >\n\t<img decoding=\"async\" class=\"img-icon\" alt=\"\" src=\"https:\/\/gs1ec.org\/contenido\/wp-content\/uploads\/2021\/09\/GS1_Traceability_Security_Shield_RGB_2017-11-17.png\"\/>\n<\/div><\/div><\/div><\/div><div class=\"porto-sicon-header\" ><h3 class=\"porto-sicon-title\" style=\"font-family:&#039;Gothamssm-medium&#039;;font-weight:300;font-size:15px;color:#cd3c0d;\">Haciendo posible hacer negocios de manera m\u00e1s eficiente y segura<\/h3><\/div> <!-- header --><\/div> <!-- porto-sicon-box --><\/div>[vc_separator color=&#8221;custom&#8221; accent_color=&#8221;#002c6c&#8221;]<div class=\"porto-sicon-wrapper style_1\"><div class=\"porto-sicon-box default-icon\" style=\"\"  ><div class=\"porto-sicon-default\"><div id=\"porto-icon-163375936669d780590fd56\" class=\"porto-just-icon-wrapper  \"><div class=\"align-icon\" style=\"text-align:center;\">\n<div class=\"porto-sicon-img \" style=\"font-size:48px;display:inline-block;\" >\n\t<img decoding=\"async\" class=\"img-icon\" alt=\"\" src=\"https:\/\/gs1ec.org\/contenido\/wp-content\/uploads\/2021\/09\/GS1_Traceability_Benefits_Trust_RGB_2017-11-17.png\"\/>\n<\/div><\/div><\/div><\/div><div class=\"porto-sicon-header\" ><h3 class=\"porto-sicon-title\" style=\"font-family:&#039;Gothamssm-medium&#039;;font-weight:300;font-size:15px;color:#cd3c0d;\">Reunir a las partes interesadas de la industria para hacer avanzar el negocio<\/h3><\/div> <!-- header --><\/div> <!-- porto-sicon-box --><\/div>[\/vc_column_inner][\/vc_row_inner][\/vc_column][\/vc_row][vc_row wrap_container=&#8221;yes&#8221; text_align=&#8221;left&#8221; css=&#8221;.vc_custom_1654718262381{padding-top: 20px !important;background-color: #f0f5fa !important;}&#8221;][vc_column][vc_row_inner][vc_column_inner][vc_custom_heading text=&#8221;Est\u00e1ndares y servicios&#8221; font_container=&#8221;tag:h2|font_size:32|text_align:left|color:%23002c6c&#8221; use_theme_fonts=&#8221;yes&#8221;][vc_column_text]<span style=\"color: #333333;\">Los est\u00e1ndares GS1 son el sistema de est\u00e1ndares m\u00e1s utilizado en el mundo, y ofrecemos una cartera de servicios y herramientas para que la adopci\u00f3n de nuestros est\u00e1ndares sea m\u00e1s f\u00e1cil y tenga m\u00e1s impacto en su negocio.<\/span>[\/vc_column_text][\/vc_column_inner][\/vc_row_inner][\/vc_column][\/vc_row][vc_row wrap_container=&#8221;yes&#8221; text_align=&#8221;left&#8221; css=&#8221;.vc_custom_1654700086486{padding-bottom: 50px !important;background-color: #f0f5fa !important;}&#8221;][vc_column width=&#8221;1\/3&#8243; text_align=&#8221;left&#8221;]<div class=\"porto-sicon-wrapper  vc_custom_1654719254063 style_1\"><a class=\"porto-sicon-box-link\" href=\"https:\/\/www.gs1.org\/services\/check-digit-calculator\" target='_blank'  ><div class=\"porto-sicon-box top-icon\" style=\"\"  ><div class=\"porto-sicon-top\"><div id=\"porto-icon-167667632569d78059107a3\" class=\"porto-just-icon-wrapper  \"><div class=\"align-icon\" style=\"text-align:center;\">\n<div class=\"porto-sicon-img \" style=\"font-size:380px;display:inline-block;\" >\n\t<img decoding=\"async\" class=\"img-icon\" alt=\"\" src=\"https:\/\/gs1ec.org\/contenido\/wp-content\/uploads\/2021\/09\/calculo-del-digito.png\"\/>\n<\/div><\/div><\/div><\/div><div class=\"porto-sicon-header\" ><h4 class=\"porto-sicon-title\" style=\"font-weight:500;font-size:18px;color:#002c6c;\">C\u00e1lculo del d\u00edgito verificador<\/h4><\/div> <!-- header --><div class=\"porto-sicon-description\" style=\"font-weight:400;font-size:14px;color:#0a0a0a;\">\n<p style=\"text-align: justify;\">Calcule el d\u00edgito verificador de su c\u00f3digo de barras para confirmar la integridad de su GTIN<\/p>\n<p><\/div> <!-- description --><\/div> <!-- porto-sicon-box --><\/a><\/div>[\/vc_column][vc_column width=&#8221;1\/3&#8243; text_align=&#8221;left&#8221;]<div class=\"porto-sicon-wrapper  vc_custom_1654719265385 style_2\"><a class=\"porto-sicon-box-link\" href=\"https:\/\/gepir.gs1.org\/\" target='_blank'  ><div class=\"porto-sicon-box top-icon\" style=\"\"  ><div class=\"porto-sicon-top\"><div id=\"porto-icon-64753882769d7805911312\" class=\"porto-just-icon-wrapper  \"><div class=\"align-icon\" style=\"text-align:center;\">\n<div class=\"porto-sicon-img \" style=\"font-size:380px;display:inline-block;\" >\n\t<img decoding=\"async\" class=\"img-icon\" alt=\"\" src=\"https:\/\/gs1ec.org\/contenido\/wp-content\/uploads\/2021\/09\/consulta-codigos.png\"\/>\n<\/div><\/div><\/div><\/div><div class=\"porto-sicon-header\" ><h4 class=\"porto-sicon-title\" style=\"font-weight:500;font-size:18px;color:#002c6c;\">Consulta de c\u00f3digos en el mundo<\/h4><\/div> <!-- header --><div class=\"porto-sicon-description\" style=\"font-weight:400;font-size:14px;color:#0a0a0a;\">\n<p style=\"text-align: justify;\">Consulte si su c\u00f3digo de barras es un n\u00famero autorizado y confirme la identidad de su producto<\/p>\n<p><\/div> <!-- description --><\/div> <!-- porto-sicon-box --><\/a><\/div>[\/vc_column][vc_column width=&#8221;1\/3&#8243; text_align=&#8221;left&#8221;]<div class=\"porto-sicon-wrapper  vc_custom_1654719274403 style_2\"><a class=\"porto-sicon-box-link\" href=\"http:\/\/www.gs1ecapp.com\/gs1app\/\" target='_blank'  ><div class=\"porto-sicon-box top-icon\" style=\"\"  ><div class=\"porto-sicon-top\"><div id=\"porto-icon-112810683869d7805911fce\" class=\"porto-just-icon-wrapper  \"><div class=\"align-icon\" style=\"text-align:center;\">\n<div class=\"porto-sicon-img \" style=\"font-size:380px;display:inline-block;\" >\n\t<img decoding=\"async\" class=\"img-icon\" alt=\"\" src=\"https:\/\/gs1ec.org\/contenido\/wp-content\/uploads\/2021\/09\/codigos-ecuador-or.jpg\"\/>\n<\/div><\/div><\/div><\/div><div class=\"porto-sicon-header\" ><h4 class=\"porto-sicon-title\" style=\"font-weight:500;font-size:18px;color:#002c6c;\">Consulta de c\u00f3digos en Ecuador<\/h4><\/div> <!-- header --><div class=\"porto-sicon-description\" style=\"font-weight:400;font-size:14px;color:#0a0a0a;\">\n<p style=\"text-align: justify;\">Consulte la identidad de un c\u00f3digo de barras comercializado en Ecuador, contacte el due\u00f1o de la marca.<\/p>\n<p><\/div> <!-- description --><\/div> <!-- porto-sicon-box --><\/a><\/div>[\/vc_column][\/vc_row][vc_row full_width=&#8221;stretch_row_content&#8221; content_placement=&#8221;middle&#8221; wrap_container=&#8221;yes&#8221; is_section=&#8221;yes&#8221; remove_margin_top=&#8221;yes&#8221; remove_margin_bottom=&#8221;yes&#8221; remove_padding_top=&#8221;yes&#8221; remove_padding_bottom=&#8221;yes&#8221; remove_border=&#8221;yes&#8221; show_divider=&#8221;yes&#8221; css=&#8221;.vc_custom_1654719780834{padding-top: 30px !important;padding-bottom: 50px !important;background-image: url(https:\/\/gs1ec.org\/contenido\/wp-content\/uploads\/2021\/09\/slide-home-half-1.jpg?id=1655) !important;background-position: center !important;background-repeat: no-repeat !important;background-size: cover !important;}&#8221;][vc_column width=&#8221;1\/2&#8243;][vc_custom_heading text=&#8221;\u00bfNecesita c\u00f3digos de barra?&#8221; font_container=&#8221;tag:h2|font_size:50px|text_align:left|color:%23ffffff&#8221; use_theme_fonts=&#8221;yes&#8221;][vc_custom_heading text=&#8221;La venta de un producto<br \/>\ncomienza con un n\u00famero de<br \/>\nc\u00f3digo de barras GS1 \/ GTIN&#8221; font_container=&#8221;tag:h2|font_size:24px|text_align:left|color:%23ffffff&#8221; use_theme_fonts=&#8221;yes&#8221;][vc_btn title=&#8221;Obtenga su c\u00f3digo de barras&#8221; style=&#8221;custom&#8221; custom_background=&#8221;#f26231&#8243; custom_text=&#8221;#ffffff&#8221; size=&#8221;lg&#8221; link=&#8221;url:https%3A%2F%2Fgs1ec.org%2Fcontenido%2Fsolicitar-codigos-de-barras%2F|title:Solicitar%20C%C3%B3digos%20de%20Barras||&#8221; css=&#8221;.vc_custom_1654719522134{border-radius: 4px !important;}&#8221;][\/vc_column][vc_column width=&#8221;1\/2&#8243;][\/vc_column][\/vc_row][vc_row wrap_container=&#8221;yes&#8221; css=&#8221;.vc_custom_1631826809903{padding-top: 40px !important;background-color: #f0f5fa !important;}&#8221;][vc_column width=&#8221;1\/2&#8243;][vc_custom_heading text=&#8221;Noticias&#8221; font_container=&#8221;tag:h2|text_align:left|color:%23002c6c&#8221; use_theme_fonts=&#8221;yes&#8221;]<div class=\"porto-recent-posts wpb_content_element \">    <div class=\"row\">\r\n        <div class=\"post-carousel porto-carousel owl-carousel\" data-plugin-options=\"{&quot;themeConfig&quot;:true,&quot;lg&quot;:1,&quot;md&quot;:1,&quot;sm&quot;:1}\">\r\n            <div class=\"post-slide\">    <div class=\"post-item style-5\">\r\n                <h3 class=\"m-b-lg\">\r\n            <a class=\"text-decoration-none text-dark\" href=\"https:\/\/gs1ec.org\/contenido\/identificacion-de-frutas-para-paises-bajos\/\">Noticia: Identificaci\u00f3n de Unidades Log\u00edsticas con GS1-128<\/a>\r\n        <\/h3>\r\n        <p class=\"post-excerpt\">[vc_row][vc_column][vc_column_text]Antes que todo, debe identificar cada unidad log\u00edstica con su c\u00f3digo EAN-14, el cual define el producto (unidad de [...]<\/p>        <div class=\"post-meta clearfix m-t-lg\">\r\n            <span class=\"meta-date\"><i class=\"fa fa-calendar\"><\/i> 13\/07\/2022<\/span>                                                        <\/div>\r\n    <\/div>\r\n<\/div><div class=\"post-slide\">    <div class=\"post-item style-5\">\r\n                <h3 class=\"m-b-lg\">\r\n            <a class=\"text-decoration-none text-dark\" href=\"https:\/\/gs1ec.org\/contenido\/noticia-1\/\">Noticia: Solicitar C\u00f3digos de Barras GS1 Ecuador<\/a>\r\n        <\/h3>\r\n        <p class=\"post-excerpt\">[vc_row][vc_column][vc_column_text]GS1 es el \u00fanico organismo oficial a nivel mundial de asignar claves de identificaci\u00f3n GTIN\u2019s y c\u00f3digos de barras [...]<\/p>        <div class=\"post-meta clearfix m-t-lg\">\r\n            <span class=\"meta-date\"><i class=\"fa fa-calendar\"><\/i> 26\/02\/2018<\/span>                                                        <\/div>\r\n    <\/div>\r\n<\/div><div class=\"post-slide\">    <div class=\"post-item style-5\">\r\n                <h3 class=\"m-b-lg\">\r\n            <a class=\"text-decoration-none text-dark\" href=\"https:\/\/gs1ec.org\/contenido\/noticia-3\/\">Noticia: Si va a vender en Amazon necesita un GTIN<\/a>\r\n        <\/h3>\r\n        <p class=\"post-excerpt\">Si vas a vender en Amazon, te pedir\u00e1n un c\u00f3digo de barras, un GTIN o un n\u00famero EAN. No [...]<\/p>        <div class=\"post-meta clearfix m-t-lg\">\r\n            <span class=\"meta-date\"><i class=\"fa fa-calendar\"><\/i> 26\/02\/2018<\/span>                                                        <\/div>\r\n    <\/div>\r\n<\/div><div class=\"post-slide\">    <div class=\"post-item style-5\">\r\n                <h3 class=\"m-b-lg\">\r\n            <a class=\"text-decoration-none text-dark\" href=\"https:\/\/gs1ec.org\/contenido\/noticia-5\/\">Noticia: Trazabilidad de Medicamentos<\/a>\r\n        <\/h3>\r\n        <p class=\"post-excerpt\">Sab\u00edas que en el Ecuador, el Decreto Ejecutivo 1033, publicado en Registro Oficial Suplemento 208 de 21 de Mayo [...]<\/p>        <div class=\"post-meta clearfix m-t-lg\">\r\n            <span class=\"meta-date\"><i class=\"fa fa-calendar\"><\/i> 13\/06\/2016<\/span>                                                        <\/div>\r\n    <\/div>\r\n<\/div>        <\/div>\r\n    <\/div>\r\n    <\/div>[\/vc_column][vc_column width=&#8221;1\/2&#8243;][vc_custom_heading text=&#8221;Eventos&#8221; font_container=&#8221;tag:h2|text_align:left|color:%23002c6c&#8221; use_theme_fonts=&#8221;yes&#8221;]<div class=\"porto-recent-posts wpb_content_element \">    <div class=\"row\">\r\n        <div class=\"post-carousel porto-carousel owl-carousel\" data-plugin-options=\"{&quot;themeConfig&quot;:true,&quot;lg&quot;:1,&quot;md&quot;:1,&quot;sm&quot;:1}\">\r\n            <div class=\"post-slide\">    <div class=\"post-item style-5\">\r\n                <h3 class=\"m-b-lg\">\r\n            <a class=\"text-decoration-none text-dark\" href=\"https:\/\/gs1ec.org\/contenido\/taller-trazabilidad-pymes\/\">Evento: Taller de Trazabilidad de Alimentos para PYMES<\/a>\r\n        <\/h3>\r\n        <p class=\"post-excerpt\">[vc_row][vc_column][vc_column_text]El Taller Latinoamericano de Trazabilidad GS1 para Pymes Sector Alimentos, iniciativa creada en 2020 por el Grupo de Trabajo [...]<\/p>        <div class=\"post-meta clearfix m-t-lg\">\r\n            <span class=\"meta-date\"><i class=\"fa fa-calendar\"><\/i> 13\/07\/2022<\/span>                                                        <\/div>\r\n    <\/div>\r\n<\/div>        <\/div>\r\n    <\/div>\r\n    <\/div>[\/vc_column][\/vc_row]<\/p>\n","protected":false},"excerpt":{"rendered":"<p>[vc_row wrap_container=&#8221;yes&#8221; css=&#8221;.vc_custom_1644965471612{padding-top: 70px !important;padding-bottom: 70px !important;}&#8221;][vc_column][vc_row_inner][vc_column_inner width=&#8221;1\/2&#8243; css=&#8221;.vc_custom_1644965491923{padding-right: 20px !important;padding-left: 20px !important;}&#8221;][vc_column_text] El Sistema GS1 es un conjunto de est\u00e1ndares que permiten la administraci\u00f3n eficiente de las cadenas de distribuciones multisectoriales y mundiales mediante la identificaci\u00f3n inequ\u00edvoca de productos, unidades log\u00edsticas, activos, localizaciones y servicios. Facilita los procesos de comercio electr\u00f3nico incluyendo el rastreo [&hellip;]<\/p>\n","protected":false},"author":2,"featured_media":0,"parent":0,"menu_order":0,"comment_status":"closed","ping_status":"closed","template":"","meta":{"iawp_total_views":8865,"footnotes":""},"class_list":["post-143","page","type-page","status-publish","hentry"],"_links":{"self":[{"href":"https:\/\/gs1ec.org\/contenido\/wp-json\/wp\/v2\/pages\/143","targetHints":{"allow":["GET"]}}],"collection":[{"href":"https:\/\/gs1ec.org\/contenido\/wp-json\/wp\/v2\/pages"}],"about":[{"href":"https:\/\/gs1ec.org\/contenido\/wp-json\/wp\/v2\/types\/page"}],"author":[{"embeddable":true,"href":"https:\/\/gs1ec.org\/contenido\/wp-json\/wp\/v2\/users\/2"}],"replies":[{"embeddable":true,"href":"https:\/\/gs1ec.org\/contenido\/wp-json\/wp\/v2\/comments?post=143"}],"version-history":[{"count":147,"href":"https:\/\/gs1ec.org\/contenido\/wp-json\/wp\/v2\/pages\/143\/revisions"}],"predecessor-version":[{"id":2907,"href":"https:\/\/gs1ec.org\/contenido\/wp-json\/wp\/v2\/pages\/143\/revisions\/2907"}],"wp:attachment":[{"href":"https:\/\/gs1ec.org\/contenido\/wp-json\/wp\/v2\/media?parent=143"}],"curies":[{"name":"wp","href":"https:\/\/api.w.org\/{rel}","templated":true}]}}