{"id":1723,"date":"2021-09-16T22:07:38","date_gmt":"2021-09-16T22:07:38","guid":{"rendered":"http:\/\/portalvive.com\/gs11\/?page_id=1723"},"modified":"2023-09-05T12:08:40","modified_gmt":"2023-09-05T17:08:40","slug":"empresa","status":"publish","type":"page","link":"https:\/\/gs1ec.org\/contenido\/empresa\/","title":{"rendered":"Empresa"},"content":{"rendered":"<p>[vc_row full_width=&#8221;stretch_row&#8221; css=&#8221;.vc_custom_1654721946977{padding-top: 10px !important;padding-bottom: 50px !important;background-color: #f26334 !important;}&#8221;][vc_column][vc_custom_heading text=&#8221;GS1 Ecuador (ECOP)&#8221; font_container=&#8221;tag:h2|font_size:40px|text_align:left|color:%23ffffff&#8221; use_theme_fonts=&#8221;yes&#8221; css=&#8221;.vc_custom_1654721919730{margin-bottom: 0px !important;padding-bottom: 0px !important;}&#8221;][vc_custom_heading text=&#8221;Es la representaci\u00f3n de GS1 AISBL, empresa l\u00edder a nivel mundial en el desarrollo e implementaci\u00f3n de est\u00e1ndares y soluciones.&#8221; font_container=&#8221;tag:h2|font_size:24px|text_align:left|color:%23ffffff&#8221; use_theme_fonts=&#8221;yes&#8221; css=&#8221;.vc_custom_1654721931238{margin-bottom: 0px !important;padding-bottom: 0px !important;}&#8221;][\/vc_column][\/vc_row][vc_row css=&#8221;.vc_custom_1654721999816{padding-top: 20px !important;padding-bottom: 50px !important;}&#8221;][vc_column][vc_custom_heading text=&#8221;Est\u00e1ndares y soluciones para mejorar la eficiencia de la cadena de abastecimiento&#8221; font_container=&#8221;tag:h2|font_size:32px|text_align:left&#8221; use_theme_fonts=&#8221;yes&#8221; el_class=&#8221;m-b-none&#8221;][vc_empty_space height=&#8221;30px&#8221;][vc_row_inner][vc_column_inner width=&#8221;2\/3&#8243;][vc_single_image image=&#8221;1764&#8243; img_size=&#8221;full&#8221; alignment=&#8221;center&#8221;][\/vc_column_inner][vc_column_inner width=&#8221;1\/3&#8243;][vc_column_text]<\/p>\n<p style=\"text-align: justify;\"><span style=\"font-size: 16px;\"><strong>Para mejorar la eficiencia de la cadena de abastecimiento y suministro en todos los sectores del pa\u00eds. Trabajamos en el Ecuador desde 1992 como una entidad privada y multisectorial para difundir el Sistema GS1 que ofrece una gama completa de servicios y soluciones. GS1 tiene presencia en m\u00e1s de 145 pa\u00edses y con m\u00e1s de 2 millones de empresas usuarias.<\/strong><\/span><\/p>\n<p>[\/vc_column_text][\/vc_column_inner][\/vc_row_inner][vc_row_inner][vc_column_inner width=&#8221;1\/3&#8243;][mvc_infobox title_color=&#8221;#002c6c&#8221; image_id=&#8221;1774&#8243; info_title=&#8221;Vincular el producto correcto con la informaci\u00f3n correcta&#8221; image_size=&#8221;200&#8243; title_size=&#8221;16&#8243; caption_url=&#8221;&#8221;][\/mvc_infobox][\/vc_column_inner][vc_column_inner width=&#8221;1\/3&#8243;][mvc_infobox title_color=&#8221;#002c6c&#8221; image_id=&#8221;1779&#8243; info_title=&#8221;Llevando el producto correcto al lugar correcto en el momento correcto&#8221; image_size=&#8221;200&#8243; title_size=&#8221;16&#8243;][\/mvc_infobox][\/vc_column_inner][vc_column_inner width=&#8221;1\/3&#8243;][vc_empty_space height=&#8221;40px&#8221;][mvc_infobox title_color=&#8221;#002c6c&#8221; image_id=&#8221;1780&#8243; info_title=&#8221;Dar el medicamento adecuado al paciente adecuado&#8221; image_size=&#8221;200&#8243; title_size=&#8221;16&#8243;][\/mvc_infobox][\/vc_column_inner][\/vc_row_inner][\/vc_column][\/vc_row][vc_row full_width=&#8221;stretch_row&#8221; css=&#8221;.vc_custom_1654722042362{padding-top: 30px !important;padding-bottom: 50px !important;background-color: #f0f5fa !important;}&#8221;][vc_column][vc_custom_heading text=&#8221;GS1 AISBL (GS1) es una asociaci\u00f3n internacional&#8221; use_theme_fonts=&#8221;yes&#8221; el_class=&#8221;m-b-none&#8221;][vc_empty_space height=&#8221;30px&#8221;][vc_row_inner][vc_column_inner width=&#8221;2\/3&#8243;][vc_single_image image=&#8221;1785&#8243; img_size=&#8221;full&#8221; alignment=&#8221;center&#8221;][\/vc_column_inner][vc_column_inner width=&#8221;1\/3&#8243;][vc_column_text]<\/p>\n<p style=\"text-align: justify;\"><span style=\"font-size: 16px;\"><b style=\"font-size: 16px;\">Voluntaria, sin fines de lucro que desarrolla est\u00e1ndares globales para la cadena de abastecimiento. Los est\u00e1ndares GS1 permiten la identificaci\u00f3n \u00fanica de productos y servicios; la comunicaci\u00f3n electr\u00f3nica y la sincronizaci\u00f3n de datos comerciales relacionados. Actualmente GS1 tiene m\u00e1s de 110 Organizaciones Miembros en todo el mundo. GS1 autoriza a cada Organizaci\u00f3n Miembro de GS1 a administrar el sistema GS1 en su pa\u00eds y es la \u00fanica Organizaci\u00f3n Miembro de GS1 para ese pa\u00eds. GS1 Ecuador conocida como <\/b><span style=\"font-size: 16px;\"><b>Asociaci\u00f3n<\/b><\/span><b style=\"font-size: 16px;\"> Ecuatoriana de C\u00f3digo de Producto (ECOP), es la \u00fanica Organizaci\u00f3n Miembro GS1 para Ecuador y el \u00fanico representante de GS1 en Ecuador.<\/b><\/span><\/p>\n<p>[\/vc_column_text][\/vc_column_inner][\/vc_row_inner][vc_row_inner][vc_column_inner width=&#8221;1\/3&#8243;][mvc_infobox title_color=&#8221;#002c6c&#8221; image_id=&#8221;1788&#8243; info_title=&#8221;Mejorar la disponibilidad de informaci\u00f3n de productos confiables&#8221; image_size=&#8221;200&#8243; title_size=&#8221;16&#8243;][\/mvc_infobox][\/vc_column_inner][vc_column_inner width=&#8221;1\/3&#8243;][mvc_infobox title_color=&#8221;#002c6c&#8221; image_id=&#8221;1789&#8243; info_title=&#8221;Facilitar la b\u00fasqueda y compra de un producto&#8221; image_size=&#8221;200&#8243; title_size=&#8221;16&#8243; caption_url=&#8221;&#8221;][\/mvc_infobox][\/vc_column_inner][vc_column_inner width=&#8221;1\/3&#8243;][mvc_infobox title_color=&#8221;#002c6c&#8221; image_id=&#8221;1790&#8243; info_title=&#8221;Ofreciendo mejores experiencias de compras y atenci\u00f3n m\u00e9dica&#8221; image_size=&#8221;200&#8243; title_size=&#8221;16&#8243; caption_url=&#8221;&#8221;][\/mvc_infobox][\/vc_column_inner][\/vc_row_inner][\/vc_column][\/vc_row][vc_row][vc_column][vc_single_image image=&#8221;2354&#8243; img_size=&#8221;full&#8221; alignment=&#8221;center&#8221;][\/vc_column][\/vc_row]<\/p>\n","protected":false},"excerpt":{"rendered":"<p>[vc_row full_width=&#8221;stretch_row&#8221; css=&#8221;.vc_custom_1654721946977{padding-top: 10px !important;padding-bottom: 50px !important;background-color: #f26334 !important;}&#8221;][vc_column][vc_custom_heading text=&#8221;GS1 Ecuador (ECOP)&#8221; font_container=&#8221;tag:h2|font_size:40px|text_align:left|color:%23ffffff&#8221; use_theme_fonts=&#8221;yes&#8221; css=&#8221;.vc_custom_1654721919730{margin-bottom: 0px !important;padding-bottom: 0px !important;}&#8221;][vc_custom_heading text=&#8221;Es la representaci\u00f3n de GS1 AISBL, empresa l\u00edder a nivel mundial en el desarrollo e implementaci\u00f3n de est\u00e1ndares y soluciones.&#8221; font_container=&#8221;tag:h2|font_size:24px|text_align:left|color:%23ffffff&#8221; use_theme_fonts=&#8221;yes&#8221; css=&#8221;.vc_custom_1654721931238{margin-bottom: 0px !important;padding-bottom: 0px !important;}&#8221;][\/vc_column][\/vc_row][vc_row css=&#8221;.vc_custom_1654721999816{padding-top: 20px !important;padding-bottom: 50px !important;}&#8221;][vc_column][vc_custom_heading text=&#8221;Est\u00e1ndares y soluciones para [&hellip;]<\/p>\n","protected":false},"author":2,"featured_media":0,"parent":0,"menu_order":0,"comment_status":"closed","ping_status":"closed","template":"","meta":{"iawp_total_views":943,"footnotes":""},"class_list":["post-1723","page","type-page","status-publish","hentry"],"_links":{"self":[{"href":"https:\/\/gs1ec.org\/contenido\/wp-json\/wp\/v2\/pages\/1723","targetHints":{"allow":["GET"]}}],"collection":[{"href":"https:\/\/gs1ec.org\/contenido\/wp-json\/wp\/v2\/pages"}],"about":[{"href":"https:\/\/gs1ec.org\/contenido\/wp-json\/wp\/v2\/types\/page"}],"author":[{"embeddable":true,"href":"https:\/\/gs1ec.org\/contenido\/wp-json\/wp\/v2\/users\/2"}],"replies":[{"embeddable":true,"href":"https:\/\/gs1ec.org\/contenido\/wp-json\/wp\/v2\/comments?post=1723"}],"version-history":[{"count":64,"href":"https:\/\/gs1ec.org\/contenido\/wp-json\/wp\/v2\/pages\/1723\/revisions"}],"predecessor-version":[{"id":3027,"href":"https:\/\/gs1ec.org\/contenido\/wp-json\/wp\/v2\/pages\/1723\/revisions\/3027"}],"wp:attachment":[{"href":"https:\/\/gs1ec.org\/contenido\/wp-json\/wp\/v2\/media?parent=1723"}],"curies":[{"name":"wp","href":"https:\/\/api.w.org\/{rel}","templated":true}]}}