{"id":1735,"date":"2021-09-17T16:02:32","date_gmt":"2021-09-17T21:02:32","guid":{"rendered":"http:\/\/portalvive.com\/gs11\/?page_id=1735"},"modified":"2022-06-09T16:46:48","modified_gmt":"2022-06-09T21:46:48","slug":"contactenos","status":"publish","type":"page","link":"https:\/\/gs1ec.org\/contenido\/contactenos\/","title":{"rendered":"Cont\u00e1ctenos"},"content":{"rendered":"<p>[vc_row full_width=&#8221;stretch_row&#8221; gap=&#8221;5&#8243; css=&#8221;.vc_custom_1654811057790{padding-top: 30px !important;background-color: #f4f4f4 !important;}&#8221;][vc_column][vc_custom_heading text=&#8221;Cont\u00e1ctanos&#8221; use_theme_fonts=&#8221;yes&#8221; el_class=&#8221;m-b-none&#8221;][vc_column_text]Estamos presentes en m\u00e1s de 100 pa\u00edses[\/vc_column_text][\/vc_column][\/vc_row][vc_row full_width=&#8221;stretch_row&#8221; gap=&#8221;5&#8243; css=&#8221;.vc_custom_1631915886409{background-color: #f4f4f4 !important;}&#8221;][vc_column width=&#8221;1\/2&#8243;][vc_row_inner css=&#8221;.vc_custom_1631915203492{border-top-width: 5px !important;background-color: #f0f5fa !important;border-top-color: #f26231 !important;border-top-style: solid !important;}&#8221;][vc_column_inner][vc_custom_heading text=&#8221;GS1 Ecuador &#8211; Quito&#8221; font_container=&#8221;tag:h4|text_align:left|color:%23002c6c&#8221; use_theme_fonts=&#8221;yes&#8221; el_class=&#8221;m-b-none&#8221;][vc_empty_space height=&#8221;20px&#8221;][vc_column_text]Ruiz de Castilla N30-13 y Andagoya<\/p>\n<p>Edificio EXPOCOLOR, Tercer Piso, Oficina 2<\/p>\n<p>170520 Quito<\/p>\n<p>Ecuador<\/p>\n<p>Tel\u00e9fono: + 593 2 2507 580<br \/>\nWebsite: www.gs1ec.org<br \/>\nEmail: info@gs1ec.org[\/vc_column_text][vc_empty_space height=&#8221;50px&#8221;][vc_btn title=&#8221;Obtenga su c\u00f3digo de barras&#8221; style=&#8221;custom&#8221; custom_background=&#8221;#f26231&#8243; custom_text=&#8221;#ffffff&#8221; size=&#8221;lg&#8221; link=&#8221;url:https%3A%2F%2Fgs1ec.org%2Fcontenido%2Fsolicitar-codigos-de-barras%2F|title:Solicitar%20C%C3%B3digos%20de%20Barras||&#8221;][vc_gmaps link=&#8221;#E-8_JTNDaWZyYW1lJTIwc3JjJTNEJTIyaHR0cHMlM0ElMkYlMkZ3d3cuZ29vZ2xlLmNvbSUyRm1hcHMlMkZlbWJlZCUzRnBiJTNEJTIxMW0xOCUyMTFtMTIlMjExbTMlMjExZDYyMi4yMTM3MjM4MDk4OTc4JTIxMmQtNzguNDk4NTMyODU5NDgyMjElMjEzZC0wLjE4OTg1OTc2MTk3NjQxNjYlMjEybTMlMjExZjAlMjEyZjAlMjEzZjAlMjEzbTIlMjExaTEwMjQlMjEyaTc2OCUyMTRmMTMuMSUyMTNtMyUyMTFtMiUyMTFzMHg5MWQ1OWE1ZDgxMjg5YjAzJTI1M0EweDZjYjcwYjJkY2U2MWJiYjYlMjEyc0dTMSUyMTVlMCUyMTNtMiUyMTFzZXMlMjEyc2VjJTIxNHYxNjMxOTE1MTA1MzEzJTIxNW0yJTIxMXNlcyUyMTJzZWMlMjIlMjB3aWR0aCUzRCUyMjEwMCUyNSUyMiUyMGhlaWdodCUzRCUyMjUwMCUyMiUyMHN0eWxlJTNEJTIyYm9yZGVyJTNBMCUzQiUyMiUyMGFsbG93ZnVsbHNjcmVlbiUzRCUyMiUyMiUyMGxvYWRpbmclM0QlMjJsYXp5JTIyJTNFJTNDJTJGaWZyYW1lJTNF&#8221;][\/vc_column_inner][\/vc_row_inner][\/vc_column][vc_column width=&#8221;1\/2&#8243;][vc_row_inner css=&#8221;.vc_custom_1654811197053{border-top-width: 5px !important;background-color: #ffffff !important;border-top-color: #f26231 !important;border-top-style: solid !important;}&#8221;][vc_column_inner][vc_custom_heading text=&#8221;GS1 Ecuador &#8211; Guayaquil&#8221; font_container=&#8221;tag:h4|text_align:left|color:%23002c6c&#8221; use_theme_fonts=&#8221;yes&#8221; el_class=&#8221;m-b-none&#8221;][vc_empty_space height=&#8221;20px&#8221;][vc_column_text]Ciudadela Alborada 9na. Etapa<\/p>\n<p>Av. Rodolfo Baquerizo N. y Demetrio Aguilera M.<br \/>\nEdificio DEMETRIO AGUILERA (diagonal Banco Internacional) 2do. Piso<\/p>\n<p>090508 Guayaquil<\/p>\n<p>Ecuador<\/p>\n<p>Tel\u00e9fono: +593 4 2230357; +593 4 2230388<br \/>\nWebsite: www.gs1ec.org<br \/>\nEmail: info@gs1ec.org[\/vc_column_text][vc_btn title=&#8221;Obtenga su c\u00f3digo de barras&#8221; style=&#8221;custom&#8221; custom_background=&#8221;#f26231&#8243; custom_text=&#8221;#ffffff&#8221; size=&#8221;lg&#8221; link=&#8221;url:https%3A%2F%2Fgs1ec.org%2Fcontenido%2Fsolicitar-codigos-de-barras%2F|title:Solicitar%20C%C3%B3digos%20de%20Barras||&#8221;][vc_gmaps link=&#8221;#E-8_JTNDaWZyYW1lJTIwc3JjJTNEJTIyaHR0cHMlM0ElMkYlMkZ3d3cuZ29vZ2xlLmNvbSUyRm1hcHMlMkZlbWJlZCUzRnBiJTNEJTIxMW0xOCUyMTFtMTIlMjExbTMlMjExZDg0OS44NzMxMjg4NTAyNzY4JTIxMmQtNzkuOTAwODMzMjk4NDcxODIlMjEzZC0yLjEzNzA4MzQxNDY0MDkzNjMlMjEybTMlMjExZjAlMjEyZjAlMjEzZjAlMjEzbTIlMjExaTEwMjQlMjEyaTc2OCUyMTRmMTMuMSUyMTNtMyUyMTFtMiUyMTFzMHg5MDJkNmQyYjJkMTA4YWUzJTI1M0EweDY5OTgwMjMxMDBlZTkxNjQlMjEyc0dTMSUyNTIwR3VheWFxdWlsJTIxNWUwJTIxM20yJTIxMXNlcyUyMTJzZWMlMjE0djE2MzE5MTU1NDYyNzAlMjE1bTIlMjExc2VzJTIxMnNlYyUyMiUyMHdpZHRoJTNEJTIyMTAwJTI1JTIyJTIwaGVpZ2h0JTNEJTIyNTAwJTIyJTIwc3R5bGUlM0QlMjJib3JkZXIlM0EwJTNCJTIyJTIwYWxsb3dmdWxsc2NyZWVuJTNEJTIyJTIyJTIwbG9hZGluZyUzRCUyMmxhenklMjIlM0UlM0MlMkZpZnJhbWUlM0U=&#8221;][\/vc_column_inner][\/vc_row_inner][\/vc_column][\/vc_row]<\/p>\n","protected":false},"excerpt":{"rendered":"<p>[vc_row full_width=&#8221;stretch_row&#8221; gap=&#8221;5&#8243; css=&#8221;.vc_custom_1654811057790{padding-top: 30px !important;background-color: #f4f4f4 !important;}&#8221;][vc_column][vc_custom_heading text=&#8221;Cont\u00e1ctanos&#8221; use_theme_fonts=&#8221;yes&#8221; el_class=&#8221;m-b-none&#8221;][vc_column_text]Estamos presentes en m\u00e1s de 100 pa\u00edses[\/vc_column_text][\/vc_column][\/vc_row][vc_row full_width=&#8221;stretch_row&#8221; gap=&#8221;5&#8243; css=&#8221;.vc_custom_1631915886409{background-color: #f4f4f4 !important;}&#8221;][vc_column width=&#8221;1\/2&#8243;][vc_row_inner css=&#8221;.vc_custom_1631915203492{border-top-width: 5px !important;background-color: #f0f5fa !important;border-top-color: #f26231 !important;border-top-style: solid !important;}&#8221;][vc_column_inner][vc_custom_heading text=&#8221;GS1 Ecuador &#8211; Quito&#8221; font_container=&#8221;tag:h4|text_align:left|color:%23002c6c&#8221; use_theme_fonts=&#8221;yes&#8221; el_class=&#8221;m-b-none&#8221;][vc_empty_space height=&#8221;20px&#8221;][vc_column_text]Ruiz de Castilla N30-13 y Andagoya Edificio EXPOCOLOR, Tercer Piso, Oficina 2 170520 Quito Ecuador Tel\u00e9fono: [&hellip;]<\/p>\n","protected":false},"author":2,"featured_media":0,"parent":0,"menu_order":0,"comment_status":"closed","ping_status":"closed","template":"","meta":{"iawp_total_views":2028,"footnotes":""},"class_list":["post-1735","page","type-page","status-publish","hentry"],"_links":{"self":[{"href":"https:\/\/gs1ec.org\/contenido\/wp-json\/wp\/v2\/pages\/1735","targetHints":{"allow":["GET"]}}],"collection":[{"href":"https:\/\/gs1ec.org\/contenido\/wp-json\/wp\/v2\/pages"}],"about":[{"href":"https:\/\/gs1ec.org\/contenido\/wp-json\/wp\/v2\/types\/page"}],"author":[{"embeddable":true,"href":"https:\/\/gs1ec.org\/contenido\/wp-json\/wp\/v2\/users\/2"}],"replies":[{"embeddable":true,"href":"https:\/\/gs1ec.org\/contenido\/wp-json\/wp\/v2\/comments?post=1735"}],"version-history":[{"count":21,"href":"https:\/\/gs1ec.org\/contenido\/wp-json\/wp\/v2\/pages\/1735\/revisions"}],"predecessor-version":[{"id":2832,"href":"https:\/\/gs1ec.org\/contenido\/wp-json\/wp\/v2\/pages\/1735\/revisions\/2832"}],"wp:attachment":[{"href":"https:\/\/gs1ec.org\/contenido\/wp-json\/wp\/v2\/media?parent=1735"}],"curies":[{"name":"wp","href":"https:\/\/api.w.org\/{rel}","templated":true}]}}