{"id":1796,"date":"2021-09-22T16:43:39","date_gmt":"2021-09-22T21:43:39","guid":{"rendered":"http:\/\/portalvive.com\/gs11\/?page_id=1796"},"modified":"2026-02-04T11:44:01","modified_gmt":"2026-02-04T16:44:01","slug":"estandares","status":"publish","type":"page","link":"https:\/\/gs1ec.org\/contenido\/estandares\/","title":{"rendered":"Est\u00e1ndares"},"content":{"rendered":"<p>[vc_row full_width=&#8221;stretch_row&#8221; css=&#8221;.vc_custom_1654722969628{padding-top: 40px !important;padding-bottom: 50px !important;background-image: url(https:\/\/gs1ec.org\/contenido\/wp-content\/uploads\/2021\/09\/breadcrum-codigo-de-barras.jpg?id=1798) !important;background-position: center !important;background-repeat: no-repeat !important;background-size: cover !important;}&#8221;][vc_column width=&#8221;1\/2&#8243;][vc_custom_heading text=&#8221;Est\u00e1ndares GS1&#8243; font_container=&#8221;tag:h2|font_size:40px|text_align:left|color:%23ffffff&#8221; use_theme_fonts=&#8221;yes&#8221;][vc_column_text]<span style=\"color: #ffffff; font-size: 24px; line-height: 35px;\">Es un conjunto de est\u00e1ndares que permiten la administraci\u00f3n eficiente de las cadenas de distribuciones multisectoriales y mundiales mediante la identificaci\u00f3n inequ\u00edvoca de productos, unidades log\u00edsticas, activos, localizaciones y servicios.<\/span>[\/vc_column_text][vc_btn title=&#8221;Obtenga su c\u00f3digo de barras&#8221; style=&#8221;custom&#8221; custom_background=&#8221;#002c6c&#8221; custom_text=&#8221;#ffffff&#8221; size=&#8221;lg&#8221; i_align=&#8221;right&#8221; i_type=&#8221;typicons&#8221; i_icon_typicons=&#8221;typcn typcn-arrow-right&#8221; add_icon=&#8221;true&#8221; link=&#8221;url:https%3A%2F%2Fgs1ec.org%2Fcontenido%2Fsolicitar-codigos-de-barras|title:Solicitar%20C%C3%B3digos%20de%20Barras||&#8221;][\/vc_column][vc_column width=&#8221;1\/2&#8243;][\/vc_column][\/vc_row][vc_row full_width=&#8221;stretch_row&#8221; css=&#8221;.vc_custom_1632163053668{padding-top: 50px !important;padding-bottom: 50px !important;background-color: #f0f5fa !important;}&#8221;][vc_column][vc_empty_space height=&#8221;25px&#8221;][vc_column_text]<span style=\"font-size: 16px;\"><strong>Los Est\u00e1ndares GS1 facilitan la comunicaci\u00f3n nacional e internacional entre todos los socios comerciales que participan de la cadena de abastecimiento: fabricantes, distribuidores, minoristas, hospitales, transportistas, organizaciones aduaneras, desarrolladores de software, autoridades regulatorias locales e internacionales y mucho m\u00e1s.<\/strong><\/span>[\/vc_column_text][vc_custom_heading text=&#8221;- Est\u00e1ndar de Especificaciones Generales GS1&#8243; font_container=&#8221;tag:h2|text_align:left|color:%231e73be&#8221; use_theme_fonts=&#8221;yes&#8221; el_class=&#8221;m-b-none&#8221; link=&#8221;url:https%3A%2F%2Fgs1ec.org%2Fcontenido%2Fwp-content%2Fuploads%2F2026%2F02%2FGENERAL-SPECIFICATIONS-STARDAR-2026.pdf|title:Est%C3%A1ndares%20Generales%20GS1||&#8221;][\/vc_column][\/vc_row][vc_row full_width=&#8221;stretch_row&#8221; css=&#8221;.vc_custom_1654723453166{padding-top: 30px !important;padding-bottom: 50px !important;background-color: #002c6c !important;}&#8221;][vc_column][vc_custom_heading text=&#8221;Conozca nuestros est\u00e1ndares&#8221; font_container=&#8221;tag:h2|text_align:left|color:%23ffffff&#8221; use_theme_fonts=&#8221;yes&#8221; el_class=&#8221;m-b-none&#8221;][vc_row_inner css=&#8221;.vc_custom_1632426391207{padding-top: 50px !important;padding-bottom: 50px !important;}&#8221;][vc_column_inner width=&#8221;1\/4&#8243;][mvc_infobox title_color=&#8221;#00b6de&#8221; image_id=&#8221;1806&#8243; info_title=&#8221;Identificar&#8221; image_size=&#8221;120&#8243; title_size=&#8221;25&#8243;]<span style=\"color: #ffffff;\">Identificar productos, lugares y cosas de forma \u00fanica<\/span>[\/mvc_infobox][\/vc_column_inner][vc_column_inner width=&#8221;1\/4&#8243; css=&#8221;.vc_custom_1632426420209{border-left-width: 1px !important;border-left-color: #ffffff !important;border-left-style: solid !important;}&#8221;][mvc_infobox title_color=&#8221;#f05587&#8243; image_id=&#8221;1809&#8243; info_title=&#8221;Capturar&#8221; image_size=&#8221;120&#8243; title_size=&#8221;25&#8243;]<span style=\"color: #ffffff;\">Capture la identidad y m\u00e1s en un c\u00f3digo de barras o etiqueta RFID<\/span>[\/mvc_infobox][\/vc_column_inner][vc_column_inner width=&#8221;1\/4&#8243; css=&#8221;.vc_custom_1632426439987{border-left-width: 1px !important;border-left-color: #ffffff !important;border-left-style: solid !important;}&#8221;][mvc_infobox title_color=&#8221;#7ac143&#8243; image_id=&#8221;1810&#8243; info_title=&#8221;Compartir&#8221; image_size=&#8221;120&#8243; title_size=&#8221;25&#8243;]<span style=\"color: #ffffff;\">Comparta datos con socios comerciales, consumidores y pacientes<\/span>[\/mvc_infobox][\/vc_column_inner][vc_column_inner width=&#8221;1\/4&#8243; css=&#8221;.vc_custom_1632426455568{border-left-width: 1px !important;border-left-color: #ffffff !important;border-left-style: solid !important;}&#8221;][mvc_infobox title_color=&#8221;#f78800&#8243; image_id=&#8221;1814&#8243; info_title=&#8221;Usar&#8221; image_size=&#8221;120&#8243; title_size=&#8221;25&#8243;]<span style=\"color: #ffffff;\">Est\u00e1ndares GS1 para optimizar los procesos comerciales, como la trazabilidad<\/span>[\/mvc_infobox][\/vc_column_inner][\/vc_row_inner][vc_empty_space height=&#8221;30px&#8221;][vc_column_text]<span style=\"font-size: 16px;\"><strong><span style=\"color: #ffffff;\">Los Est\u00e1ndares GS1 hoy son utilizados por millones de compa\u00f1\u00edas en much\u00edsimos sectores incluyendo el cuidado de la salud, transporte, log\u00edstica, aeron\u00e1utica, defensa, qu\u00edmicos, alta tecnolog\u00eda, y por supuesto a\u00fan en la cadena de abastecimiento minorista.<\/span> <\/strong><\/span>[\/vc_column_text][vc_btn title=&#8221;Vea c\u00f3mo funcionan los est\u00e1ndares GS1&#8243; style=&#8221;custom&#8221; custom_background=&#8221;#cd3c0d&#8221; custom_text=&#8221;#ffffff&#8221; link=&#8221;url:https%3A%2F%2Fgs1ec.org%2Fcontenido%2Festandares-gs1|||&#8221;][\/vc_column][\/vc_row]<\/p>\n","protected":false},"excerpt":{"rendered":"<p>[vc_row full_width=&#8221;stretch_row&#8221; css=&#8221;.vc_custom_1654722969628{padding-top: 40px !important;padding-bottom: 50px !important;background-image: url(https:\/\/gs1ec.org\/contenido\/wp-content\/uploads\/2021\/09\/breadcrum-codigo-de-barras.jpg?id=1798) !important;background-position: center !important;background-repeat: no-repeat !important;background-size: cover !important;}&#8221;][vc_column width=&#8221;1\/2&#8243;][vc_custom_heading text=&#8221;Est\u00e1ndares GS1&#8243; font_container=&#8221;tag:h2|font_size:40px|text_align:left|color:%23ffffff&#8221; use_theme_fonts=&#8221;yes&#8221;][vc_column_text]Es un conjunto de est\u00e1ndares que permiten la administraci\u00f3n eficiente de las cadenas de distribuciones multisectoriales y mundiales mediante la identificaci\u00f3n inequ\u00edvoca de productos, unidades log\u00edsticas, activos, localizaciones y servicios.[\/vc_column_text][vc_btn title=&#8221;Obtenga su c\u00f3digo de barras&#8221; style=&#8221;custom&#8221; [&hellip;]<\/p>\n","protected":false},"author":2,"featured_media":0,"parent":0,"menu_order":0,"comment_status":"closed","ping_status":"closed","template":"","meta":{"iawp_total_views":337,"footnotes":""},"class_list":["post-1796","page","type-page","status-publish","hentry"],"_links":{"self":[{"href":"https:\/\/gs1ec.org\/contenido\/wp-json\/wp\/v2\/pages\/1796","targetHints":{"allow":["GET"]}}],"collection":[{"href":"https:\/\/gs1ec.org\/contenido\/wp-json\/wp\/v2\/pages"}],"about":[{"href":"https:\/\/gs1ec.org\/contenido\/wp-json\/wp\/v2\/types\/page"}],"author":[{"embeddable":true,"href":"https:\/\/gs1ec.org\/contenido\/wp-json\/wp\/v2\/users\/2"}],"replies":[{"embeddable":true,"href":"https:\/\/gs1ec.org\/contenido\/wp-json\/wp\/v2\/comments?post=1796"}],"version-history":[{"count":44,"href":"https:\/\/gs1ec.org\/contenido\/wp-json\/wp\/v2\/pages\/1796\/revisions"}],"predecessor-version":[{"id":3142,"href":"https:\/\/gs1ec.org\/contenido\/wp-json\/wp\/v2\/pages\/1796\/revisions\/3142"}],"wp:attachment":[{"href":"https:\/\/gs1ec.org\/contenido\/wp-json\/wp\/v2\/media?parent=1796"}],"curies":[{"name":"wp","href":"https:\/\/api.w.org\/{rel}","templated":true}]}}