{"id":1824,"date":"2021-09-23T15:22:36","date_gmt":"2021-09-23T20:22:36","guid":{"rendered":"http:\/\/portalvive.com\/gs11\/?page_id=1824"},"modified":"2022-07-13T15:36:22","modified_gmt":"2022-07-13T20:36:22","slug":"estandares-gs1","status":"publish","type":"page","link":"https:\/\/gs1ec.org\/contenido\/estandares\/estandares-gs1\/","title":{"rendered":"Est\u00e1ndares GS1"},"content":{"rendered":"<p>[vc_row full_width=&#8221;stretch_row&#8221; css=&#8221;.vc_custom_1632428819546{padding-top: 60px !important;padding-bottom: 50px !important;background-color: #f56125 !important;background-position: center !important;background-repeat: no-repeat !important;background-size: cover !important;}&#8221;][vc_column][vc_custom_heading text=&#8221;\u00bfC\u00f3mo funcionan los est\u00e1ndares GS1?&#8221; font_container=&#8221;tag:h1|text_align:left|color:%23ffffff&#8221; use_theme_fonts=&#8221;yes&#8221;][\/vc_column][\/vc_row][vc_row full_width=&#8221;stretch_row&#8221; css=&#8221;.vc_custom_1632163053668{padding-top: 50px !important;padding-bottom: 50px !important;background-color: #f0f5fa !important;}&#8221;][vc_column][vc_empty_space height=&#8221;30px&#8221;][vc_column_text]<span style=\"font-size: 16px;\"><strong>El Sistema GS1 ofrece una gama completa de servicios y soluciones, todas construidas sobre la base de los est\u00e1ndares y claves de identificaci\u00f3n del Sistema GS1 como son: GTIN (N\u00famero de Art\u00edculo Comercial), GLN (N\u00famero de Localizaci\u00f3n Global) SSCC (C\u00f3digo Seriado de Contenedor de Embarque), GRAI (Identificador Mundial de Bienes Retornables), GIAI (Identificador Mundial de Activos), GSRN (N\u00famero Mundial de Relaci\u00f3n de Servicios), GDTI (N\u00famero Mundial de Identificaci\u00f3n de Documentos) y otras \u00e1reas claves.<\/strong><\/span>[\/vc_column_text][\/vc_column][\/vc_row][vc_row][vc_column width=&#8221;1\/4&#8243;][vc_single_image image=&#8221;1831&#8243; img_size=&#8221;150&#215;150&#8243; alignment=&#8221;center&#8221;][\/vc_column][vc_column width=&#8221;3\/4&#8243;][vc_custom_heading text=&#8221;Identificar&#8221; font_container=&#8221;tag:h2|text_align:left|color:%23002c6c&#8221; use_theme_fonts=&#8221;yes&#8221;][vc_custom_heading text=&#8221;Claves de Identificaci\u00f3n GS1&#8243; font_container=&#8221;tag:h2|font_size:15px|text_align:left|color:%23002c6c&#8221; use_theme_fonts=&#8221;yes&#8221;][vc_column_text]<span style=\"font-size: 16px;\"><strong>Las claves de identificaci\u00f3n GS1 permiten a las empresas acceder a la informaci\u00f3n de forma \u00fanica a lo largo de la cadena de abastecimiento y compartir esta informaci\u00f3n con los socios comerciales.<\/strong><\/span><\/p>\n<p><span style=\"font-size: 16px;\"><strong>Dado que las claves de identificaci\u00f3n GS1 son globalmente \u00fanicas permiten el aumento de la visibilidad de la cadena de suministro para todos los socios comerciales.<\/strong><\/span>[\/vc_column_text]<style>#porto-info-list63688245869f273dd0a94b i { color: #002c6c;font-size: 12px; }<\/style><ul id=\"porto-info-list63688245869f273dd0a94b\" class=\"porto-info-list \"><li class=\"porto-info-list-item\"><i class=\"porto-info-icon fa fa-circle\"><\/i><div class=\"porto-info-list-item-desc\"><a href=\"https:\/\/gs1ec.org\/contenido\/gtin-identificador-mundial-de-articulo-comercial\/\">Identificador Mundial de Art\u00edculo Comercial (GTIN: GTIN-8, GTIN-13, GTIN-14, GS1-128)<\/a><\/div><\/li><li class=\"porto-info-list-item\"><i class=\"porto-info-icon fa fa-circle\"><\/i><div class=\"porto-info-list-item-desc\"><a href=\"https:\/\/gs1ec.org\/contenido\/gln-identificador-mundial-de-localizacion\/\">Identificador Mundial de Localizaci\u00f3n (GLN)<\/a><\/div><\/li><li class=\"porto-info-list-item\"><i class=\"porto-info-icon fa fa-circle\"><\/i><div class=\"porto-info-list-item-desc\"><a href=\"https:\/\/gs1ec.org\/contenido\/sscc-serial-shipping-container-code\/\">Serial Shipping Container Code (SSCC)<\/a><\/div><\/li><\/ul>[vc_btn title=&#8221;Leer m\u00e1s&#8221; style=&#8221;custom&#8221; custom_background=&#8221;#0c2c66&#8243; custom_text=&#8221;#ffffff&#8221; link=&#8221;url:https%3A%2F%2Fgs1ec.org%2Fcontenido%2Fidentificar%2F|title:Identificar||&#8221;][\/vc_column][\/vc_row][vc_row][vc_column][vc_separator style=&#8221;solid&#8221;][\/vc_column][\/vc_row][vc_row][vc_column width=&#8221;1\/4&#8243;][vc_single_image image=&#8221;1851&#8243; img_size=&#8221;150&#215;150&#8243; alignment=&#8221;center&#8221;][\/vc_column][vc_column width=&#8221;3\/4&#8243;][vc_custom_heading text=&#8221;Capturar&#8221; font_container=&#8221;tag:h2|text_align:left|color:%23002c6c&#8221; use_theme_fonts=&#8221;yes&#8221;][vc_custom_heading text=&#8221;Captura Autom\u00e1tica a trav\u00e9s de los Transportadores de Datos GS1&#8243; font_container=&#8221;tag:h2|font_size:15px|text_align:left|color:%23002c6c&#8221; use_theme_fonts=&#8221;yes&#8221;][vc_column_text]<span style=\"font-size: 16px;\"><strong>La Captura se lleva a cabo mediante los Transportadores de Datos GS1 conocidos tambi\u00e9n como C\u00f3digos de Barras. Los C\u00f3digos de Barras son s\u00edmbolos que se escanean autom\u00e1ticamente mediante l\u00e1ser o sistemas basados en c\u00e1maras.<\/strong><\/span><\/p>\n<p><span style=\"font-size: 16px;\"><strong>Se utilizan para codificar informaci\u00f3n tal como n\u00fameros de producto, n\u00fameros de serie y n\u00fameros de lote. El c\u00f3digo es la representaci\u00f3n num\u00e9rica, es decir los caracteres humanamente legibles y, el s\u00edmbolo es la representaci\u00f3n gr\u00e1fica del c\u00f3digo.<\/strong><\/span>[\/vc_column_text]<style>#porto-info-list36113313169f273dd0b0df i { color: #002c6c;font-size: 12px; }<\/style><ul id=\"porto-info-list36113313169f273dd0b0df\" class=\"porto-info-list \"><li class=\"porto-info-list-item\"><i class=\"porto-info-icon fa fa-circle\"><\/i><div class=\"porto-info-list-item-desc\"><a href=\"https:\/\/gs1ec.org\/contenido\/ean-ucc-codigos-de-barras-unidimensionales-utilizados-a-nivel-mundial-en-el-entorno-minorista\/\">EAN\/UCC<\/a><\/div><\/li><li class=\"porto-info-list-item\"><i class=\"porto-info-icon fa fa-circle\"><\/i><div class=\"porto-info-list-item-desc\"><a href=\"https:\/\/gs1ec.org\/contenido\/codigos-de-barras-bidimensionales-2d-compactos\/\">DataBar<\/a><\/div><\/li><li class=\"porto-info-list-item\"><i class=\"porto-info-icon fa fa-circle\"><\/i><div class=\"porto-info-list-item-desc\"><a href=\"https:\/\/gs1ec.org\/contenido\/codigos-de-barras-unidimensionales-logisticos-itf-14-y-gs1-128\/\">C\u00f3digos Unidimensionales (1D) utilizados principalmente en la distribuci\u00f3n y log\u00edstica.<\/a><\/div><\/li><\/ul>[vc_btn title=&#8221;Leer m\u00e1s&#8221; style=&#8221;custom&#8221; custom_background=&#8221;#0c2c66&#8243; custom_text=&#8221;#ffffff&#8221; link=&#8221;url:https%3A%2F%2Fgs1ec.org%2Fcontenido%2Fcapturar%2F|title:Capturar||&#8221;][\/vc_column][\/vc_row][vc_row][vc_column][vc_separator style=&#8221;solid&#8221;][\/vc_column][\/vc_row][vc_row][vc_column width=&#8221;1\/4&#8243;][vc_single_image image=&#8221;1854&#8243; img_size=&#8221;150&#215;150&#8243; alignment=&#8221;center&#8221;][\/vc_column][vc_column width=&#8221;3\/4&#8243;][vc_custom_heading text=&#8221;Compartir&#8221; font_container=&#8221;tag:h2|text_align:left|color:%23002c6c&#8221; use_theme_fonts=&#8221;yes&#8221;][vc_custom_heading text=&#8221;Compartir: Intercambio de Informaci\u00f3n de Negocios&#8221; font_container=&#8221;tag:h2|font_size:15px|text_align:left|color:%23002c6c&#8221; use_theme_fonts=&#8221;yes&#8221;]<style>#porto-info-list135823084669f273dd0b58d i { color: #002c6c;font-size: 12px; }<\/style><ul id=\"porto-info-list135823084669f273dd0b58d\" class=\"porto-info-list \"><li class=\"porto-info-list-item\"><i class=\"porto-info-icon fa fa-circle\"><\/i><div class=\"porto-info-list-item-desc\"><a href=\"https:\/\/gs1ec.org\/contenido\/gs1-xml\/\">GS1 XML<\/a><\/div><\/li><li class=\"porto-info-list-item\"><i class=\"porto-info-icon fa fa-circle\"><\/i><div class=\"porto-info-list-item-desc\"><a href=\"https:\/\/gs1ec.org\/contenido\/gs1-eancom\/\">GS1 EANCOM<\/a><\/div><\/li><li class=\"porto-info-list-item\"><i class=\"porto-info-icon fa fa-circle\"><\/i><div class=\"porto-info-list-item-desc\"><a href=\"https:\/\/gs1ec.org\/contenido\/sincronizacion-de-datos\/\">Sincronizaci\u00f3n de Datos<\/a><\/div><\/li><\/ul>[vc_btn title=&#8221;Leer m\u00e1s&#8221; style=&#8221;custom&#8221; custom_background=&#8221;#0c2c66&#8243; custom_text=&#8221;#ffffff&#8221; link=&#8221;url:https%3A%2F%2Fgs1ec.org%2Fcontenido%2Fcompartir%2F|title:Capturar||&#8221;][\/vc_column][\/vc_row][vc_row][vc_column][vc_separator style=&#8221;solid&#8221;][\/vc_column][\/vc_row][vc_row][vc_column width=&#8221;1\/4&#8243;][vc_single_image image=&#8221;1856&#8243; img_size=&#8221;150&#215;150&#8243; alignment=&#8221;center&#8221;][\/vc_column][vc_column width=&#8221;3\/4&#8243;][vc_custom_heading text=&#8221;Usar&#8221; font_container=&#8221;tag:h2|text_align:left|color:%23002c6c&#8221; use_theme_fonts=&#8221;yes&#8221;][vc_custom_heading text=&#8221;Coordinaci\u00f3n de Procesos de Negocio&#8221; font_container=&#8221;tag:h2|font_size:15px|text_align:left|color:%23002c6c&#8221; use_theme_fonts=&#8221;yes&#8221;]<style>#porto-info-list29811749669f273dd0b9f3 i { color: #002c6c;font-size: 12px; }<\/style><ul id=\"porto-info-list29811749669f273dd0b9f3\" class=\"porto-info-list \"><li class=\"porto-info-list-item\"><i class=\"porto-info-icon fa fa-circle\"><\/i><div class=\"porto-info-list-item-desc\"><a href=\"https:\/\/gs1ec.org\/contenido\/estandares\/estandares-gs1\/usar\/calidad-de-datos\/certificaciones-de-codigo-de-barra\">Calidad de Datos<\/a><\/div><\/li><li class=\"porto-info-list-item\"><i class=\"porto-info-icon fa fa-circle\"><\/i><div class=\"porto-info-list-item-desc\"><a href=\"https:\/\/gs1ec.org\/contenido\/trazabilidad-y-procesos-de-negocio\/\">Procesos de negocio<\/a><\/div><\/li><\/ul>[vc_btn title=&#8221;Leer m\u00e1s&#8221; style=&#8221;custom&#8221; custom_background=&#8221;#0c2c66&#8243; custom_text=&#8221;#ffffff&#8221; link=&#8221;url:https%3A%2F%2Fgs1ec.org%2Fcontenido%2Fusar%2F|title:Usar||&#8221;][\/vc_column][\/vc_row][vc_row][vc_column][vc_separator style=&#8221;solid&#8221;][\/vc_column][\/vc_row]<\/p>\n","protected":false},"excerpt":{"rendered":"<p>[vc_row full_width=&#8221;stretch_row&#8221; css=&#8221;.vc_custom_1632428819546{padding-top: 60px !important;padding-bottom: 50px !important;background-color: #f56125 !important;background-position: center !important;background-repeat: no-repeat !important;background-size: cover !important;}&#8221;][vc_column][vc_custom_heading text=&#8221;\u00bfC\u00f3mo funcionan los est\u00e1ndares GS1?&#8221; font_container=&#8221;tag:h1|text_align:left|color:%23ffffff&#8221; use_theme_fonts=&#8221;yes&#8221;][\/vc_column][\/vc_row][vc_row full_width=&#8221;stretch_row&#8221; css=&#8221;.vc_custom_1632163053668{padding-top: 50px !important;padding-bottom: 50px !important;background-color: #f0f5fa !important;}&#8221;][vc_column][vc_empty_space height=&#8221;30px&#8221;][vc_column_text]El Sistema GS1 ofrece una gama completa de servicios y soluciones, todas construidas sobre la base de los est\u00e1ndares y claves de identificaci\u00f3n del Sistema [&hellip;]<\/p>\n","protected":false},"author":2,"featured_media":0,"parent":1796,"menu_order":0,"comment_status":"closed","ping_status":"closed","template":"","meta":{"iawp_total_views":187,"footnotes":""},"class_list":["post-1824","page","type-page","status-publish","hentry"],"_links":{"self":[{"href":"https:\/\/gs1ec.org\/contenido\/wp-json\/wp\/v2\/pages\/1824","targetHints":{"allow":["GET"]}}],"collection":[{"href":"https:\/\/gs1ec.org\/contenido\/wp-json\/wp\/v2\/pages"}],"about":[{"href":"https:\/\/gs1ec.org\/contenido\/wp-json\/wp\/v2\/types\/page"}],"author":[{"embeddable":true,"href":"https:\/\/gs1ec.org\/contenido\/wp-json\/wp\/v2\/users\/2"}],"replies":[{"embeddable":true,"href":"https:\/\/gs1ec.org\/contenido\/wp-json\/wp\/v2\/comments?post=1824"}],"version-history":[{"count":32,"href":"https:\/\/gs1ec.org\/contenido\/wp-json\/wp\/v2\/pages\/1824\/revisions"}],"predecessor-version":[{"id":2841,"href":"https:\/\/gs1ec.org\/contenido\/wp-json\/wp\/v2\/pages\/1824\/revisions\/2841"}],"up":[{"embeddable":true,"href":"https:\/\/gs1ec.org\/contenido\/wp-json\/wp\/v2\/pages\/1796"}],"wp:attachment":[{"href":"https:\/\/gs1ec.org\/contenido\/wp-json\/wp\/v2\/media?parent=1824"}],"curies":[{"name":"wp","href":"https:\/\/api.w.org\/{rel}","templated":true}]}}