{"id":1876,"date":"2021-09-27T10:32:52","date_gmt":"2021-09-27T15:32:52","guid":{"rendered":"http:\/\/portalvive.com\/gs11\/?page_id=1876"},"modified":"2022-06-08T10:49:12","modified_gmt":"2022-06-08T15:49:12","slug":"identificar","status":"publish","type":"page","link":"https:\/\/gs1ec.org\/contenido\/estandares\/estandares-gs1\/identificar\/","title":{"rendered":"Identificar"},"content":{"rendered":"<p>[vc_row full_width=&#8221;stretch_row&#8221; css=&#8221;.vc_custom_1632428819546{padding-top: 60px !important;padding-bottom: 50px !important;background-color: #f56125 !important;background-position: center !important;background-repeat: no-repeat !important;background-size: cover !important;}&#8221;][vc_column][vc_custom_heading text=&#8221;Identificar: Claves de Identificaci\u00f3n GS1&#8243; font_container=&#8221;tag:h1|text_align:left|color:%23ffffff&#8221; use_theme_fonts=&#8221;yes&#8221;][\/vc_column][\/vc_row][vc_row full_width=&#8221;stretch_row&#8221; css=&#8221;.vc_custom_1632163053668{padding-top: 50px !important;padding-bottom: 50px !important;background-color: #f0f5fa !important;}&#8221;][vc_column][vc_empty_space height=&#8221;30px&#8221;][vc_column_text]<span style=\"font-size: 16px;\"><strong>Las claves de identificaci\u00f3n GS1 permiten a las empresas acceder a la informaci\u00f3n de forma \u00fanica a lo largo de la cadena de abastecimiento y compartir esta informaci\u00f3n con los socios comerciales.<\/strong><\/span><\/p>\n<p><span style=\"font-size: 16px;\"><strong>Dado que las claves de identificaci\u00f3n GS1 son globalmente \u00fanicas permiten el aumento de la visibilidad de la cadena de suministro para todos los socios comerciales.<\/strong><\/span>[\/vc_column_text][\/vc_column][\/vc_row][vc_row text_align=&#8221;left&#8221;][vc_column width=&#8221;1\/2&#8243; text_align=&#8221;left&#8221;]<div class=\"porto-sicon-wrapper style_1\"><div class=\"porto-sicon-box top-icon\" style=\"\"  ><div class=\"porto-sicon-top\"><div id=\"porto-icon-51776978869ef9d951e0db\" class=\"porto-just-icon-wrapper  \"><div class=\"align-icon\" style=\"text-align:center;\">\n<div class=\"porto-sicon-img \" style=\"font-size:110px;display:inline-block;\" >\n\t<img decoding=\"async\" class=\"img-icon\" alt=\"\" src=\"https:\/\/gs1ec.org\/contenido\/wp-content\/uploads\/2021\/09\/gtin_home.png\"\/>\n<\/div><\/div><\/div><\/div><div class=\"porto-sicon-header\" ><h1 class=\"porto-sicon-title\" style=\"font-weight:700;font-size:16px;line-height:17px;\"><strong>Identificador Mundial de Art\u00edculo Comercial<\/strong><\/h1><p>(GTIN: GTIN-8, GTIN-13, GTIN-14, GS1-128)<\/p><\/div> <!-- header --><div class=\"porto-sicon-description\" style=\"\">Puede ser un frasco de mermelada, una gorra, una manzana, empaque 20 huevos, caja por 20 pantalones, entre otros.<\/div> <!-- description --><\/div> <!-- porto-sicon-box --><\/div>[vc_btn title=&#8221;Leer m\u00e1s&#8221; style=&#8221;custom&#8221; custom_background=&#8221;#002c6c&#8221; custom_text=&#8221;#ffffff&#8221; size=&#8221;lg&#8221; align=&#8221;left&#8221; button_block=&#8221;true&#8221; link=&#8221;url:https%3A%2F%2Fgs1ec.org%2Fcontenido%2Fgtin-identificador-mundial-de-articulo-comercial%2F|||&#8221;][\/vc_column][vc_column width=&#8221;1\/2&#8243; text_align=&#8221;left&#8221;]<div class=\"porto-sicon-wrapper style_1\"><div class=\"porto-sicon-box top-icon\" style=\"\"  ><div class=\"porto-sicon-top\"><div id=\"porto-icon-8816948269ef9d951eb42\" class=\"porto-just-icon-wrapper  \"><div class=\"align-icon\" style=\"text-align:center;\">\n<div class=\"porto-sicon-img \" style=\"font-size:110px;display:inline-block;\" >\n\t<img decoding=\"async\" class=\"img-icon\" alt=\"\" src=\"https:\/\/gs1ec.org\/contenido\/wp-content\/uploads\/2021\/09\/GLN_home.png\"\/>\n<\/div><\/div><\/div><\/div><div class=\"porto-sicon-header\" ><h1 class=\"porto-sicon-title\" style=\"font-weight:700;font-size:16px;line-height:17px;\"><strong>Identificador Mundial de Localizaci\u00f3n<\/strong><\/h1><p>(GLN)<\/p><\/div> <!-- header --><div class=\"porto-sicon-description\" style=\"\">Empresas, warehouses, f\u00e1bricas, fincas, puntos de venta, entre otros.<\/div> <!-- description --><\/div> <!-- porto-sicon-box --><\/div>[vc_empty_space height=&#8221;26px&#8221;][vc_btn title=&#8221;Leer m\u00e1s&#8221; style=&#8221;custom&#8221; custom_background=&#8221;#002c6c&#8221; custom_text=&#8221;#ffffff&#8221; size=&#8221;lg&#8221; align=&#8221;left&#8221; button_block=&#8221;true&#8221; link=&#8221;url:https%3A%2F%2Fgs1ec.org%2Fcontenido%2Fgln-identificador-mundial-de-localizacion%2F|||&#8221;][\/vc_column][\/vc_row][vc_row text_align=&#8221;left&#8221;][vc_column width=&#8221;1\/2&#8243; text_align=&#8221;left&#8221;]<div class=\"porto-sicon-wrapper style_1\"><div class=\"porto-sicon-box top-icon\" style=\"\"  ><div class=\"porto-sicon-top\"><div id=\"porto-icon-63211450769ef9d951f99e\" class=\"porto-just-icon-wrapper  \"><div class=\"align-icon\" style=\"text-align:center;\">\n<div class=\"porto-sicon-img \" style=\"font-size:110px;display:inline-block;\" >\n\t<img decoding=\"async\" class=\"img-icon\" alt=\"\" src=\"https:\/\/gs1ec.org\/contenido\/wp-content\/uploads\/2021\/09\/SSCC_home.png\"\/>\n<\/div><\/div><\/div><\/div><div class=\"porto-sicon-header\" ><h1 class=\"porto-sicon-title\" style=\"font-weight:700;font-size:16px;line-height:17px;\"><strong>Serial Shipping Container Code<\/strong><\/h1><p>(SSCC)<\/p><\/div> <!-- header --><div class=\"porto-sicon-description\" style=\"\">Pallets, rollers, entre otros.<\/div> <!-- description --><\/div> <!-- porto-sicon-box --><\/div>[vc_btn title=&#8221;Leer m\u00e1s&#8221; style=&#8221;custom&#8221; custom_background=&#8221;#002c6c&#8221; custom_text=&#8221;#ffffff&#8221; size=&#8221;lg&#8221; align=&#8221;left&#8221; button_block=&#8221;true&#8221; link=&#8221;url:https%3A%2F%2Fgs1ec.org%2Fcontenido%2Fsscc-serial-shipping-container-code%2F|||&#8221;][\/vc_column][vc_column width=&#8221;1\/2&#8243; text_align=&#8221;left&#8221;]<div class=\"porto-sicon-wrapper style_1\"><div class=\"porto-sicon-box top-icon\" style=\"\"  ><div class=\"porto-sicon-top\"><div id=\"porto-icon-39561033169ef9d9520330\" class=\"porto-just-icon-wrapper  \"><div class=\"align-icon\" style=\"text-align:center;\">\n<div class=\"porto-sicon-img \" style=\"font-size:110px;display:inline-block;\" >\n\t<img decoding=\"async\" class=\"img-icon\" alt=\"\" src=\"https:\/\/gs1ec.org\/contenido\/wp-content\/uploads\/2021\/09\/GRAI_home.png\"\/>\n<\/div><\/div><\/div><\/div><div class=\"porto-sicon-header\" ><h1 class=\"porto-sicon-title\" style=\"font-weight:700;font-size:16px;line-height:17px;\"><strong>Identificador Mundial de Activos Retornables<\/strong><\/h1><p>(GRAI)<\/p><\/div> <!-- header --><div class=\"porto-sicon-description\" style=\"\">Pallets, cajas, bolsas, entre otros.<\/div> <!-- description --><\/div> <!-- porto-sicon-box --><\/div>[vc_btn title=&#8221;Leer m\u00e1s&#8221; style=&#8221;custom&#8221; custom_background=&#8221;#002c6c&#8221; custom_text=&#8221;#ffffff&#8221; size=&#8221;lg&#8221; align=&#8221;left&#8221; button_block=&#8221;true&#8221; link=&#8221;url:https%3A%2F%2Fgs1ec.org%2Fcontenido%2Fgrai-identificador-mundial-de-activos-retornables%2F|||&#8221;][\/vc_column][\/vc_row][vc_row text_align=&#8221;left&#8221;][vc_column width=&#8221;1\/2&#8243; text_align=&#8221;left&#8221;]<div class=\"porto-sicon-wrapper style_1\"><div class=\"porto-sicon-box top-icon\" style=\"\"  ><div class=\"porto-sicon-top\"><div id=\"porto-icon-25809680769ef9d9520e33\" class=\"porto-just-icon-wrapper  \"><div class=\"align-icon\" style=\"text-align:center;\">\n<div class=\"porto-sicon-img \" style=\"font-size:110px;display:inline-block;\" >\n\t<img decoding=\"async\" class=\"img-icon\" alt=\"\" src=\"https:\/\/gs1ec.org\/contenido\/wp-content\/uploads\/2021\/09\/GIAI_home.png\"\/>\n<\/div><\/div><\/div><\/div><div class=\"porto-sicon-header\" ><h1 class=\"porto-sicon-title\" style=\"font-weight:700;font-size:16px;line-height:17px;\"><strong>Identificador Mundial de Activos Fijos<\/strong><\/h1><p>(GIAI)<\/p><\/div> <!-- header --><div class=\"porto-sicon-description\" style=\"\">Equipos m\u00e9dicos, tecnol\u00f3gicos, sillas, mesas, entre otros.<\/div> <!-- description --><\/div> <!-- porto-sicon-box --><\/div>[vc_btn title=&#8221;Leer m\u00e1s&#8221; style=&#8221;custom&#8221; custom_background=&#8221;#002c6c&#8221; custom_text=&#8221;#ffffff&#8221; size=&#8221;lg&#8221; align=&#8221;left&#8221; button_block=&#8221;true&#8221; link=&#8221;url:https%3A%2F%2Fgs1ec.org%2Fcontenido%2Fgiai-identificador-mundial-de-activos-fijos%2F|||&#8221;][\/vc_column][vc_column width=&#8221;1\/2&#8243; text_align=&#8221;left&#8221;]<div class=\"porto-sicon-wrapper style_1\"><div class=\"porto-sicon-box top-icon\" style=\"\"  ><div class=\"porto-sicon-top\"><div id=\"porto-icon-179957492569ef9d952184f\" class=\"porto-just-icon-wrapper  \"><div class=\"align-icon\" style=\"text-align:center;\">\n<div class=\"porto-sicon-img \" style=\"font-size:110px;display:inline-block;\" >\n\t<img decoding=\"async\" class=\"img-icon\" alt=\"\" src=\"https:\/\/gs1ec.org\/contenido\/wp-content\/uploads\/2021\/09\/GSRN_home.png\"\/>\n<\/div><\/div><\/div><\/div><div class=\"porto-sicon-header\" ><h1 class=\"porto-sicon-title\" style=\"font-weight:700;font-size:16px;line-height:17px;\"><strong>Identificador Mundial de Relaci\u00f3n de Servicios<\/strong><\/h1><p>(GSRN)<\/p><\/div> <!-- header --><div class=\"porto-sicon-description\" style=\"\">Miembros de librer\u00edas, hospitales, entidades privadas, p\u00fablicas, entre otros.<\/div> <!-- description --><\/div> <!-- porto-sicon-box --><\/div>[vc_btn title=&#8221;Leer m\u00e1s&#8221; style=&#8221;custom&#8221; custom_background=&#8221;#002c6c&#8221; custom_text=&#8221;#ffffff&#8221; size=&#8221;lg&#8221; align=&#8221;left&#8221; button_block=&#8221;true&#8221; link=&#8221;url:https%3A%2F%2Fgs1ec.org%2Fcontenido%2Fgsrn-identificador-mundial-de-relacion-de-servicio%2F|||&#8221;][\/vc_column][\/vc_row][vc_row text_align=&#8221;left&#8221;][vc_column width=&#8221;1\/2&#8243; text_align=&#8221;left&#8221;]<div class=\"porto-sicon-wrapper style_1\"><div class=\"porto-sicon-box top-icon\" style=\"\"  ><div class=\"porto-sicon-top\"><div id=\"porto-icon-13281998769ef9d9522233\" class=\"porto-just-icon-wrapper  \"><div class=\"align-icon\" style=\"text-align:center;\">\n<div class=\"porto-sicon-img \" style=\"font-size:110px;display:inline-block;\" >\n\t<img decoding=\"async\" class=\"img-icon\" alt=\"\" src=\"https:\/\/gs1ec.org\/contenido\/wp-content\/uploads\/2021\/09\/GDTI_home.png\"\/>\n<\/div><\/div><\/div><\/div><div class=\"porto-sicon-header\" ><h1 class=\"porto-sicon-title\" style=\"font-weight:700;font-size:16px;line-height:17px;\"><strong>Identificador Mundial de Tipo de Documento<\/strong><\/h1><p>(GDTI)<\/p><\/div> <!-- header --><div class=\"porto-sicon-description\" style=\"\">Permisos de conducir, facturas, solicitudes de tr\u00e1mites, entre otros.<\/div> <!-- description --><\/div> <!-- porto-sicon-box --><\/div>[vc_empty_space height=&#8221;16px&#8221;][vc_btn title=&#8221;Leer m\u00e1s&#8221; style=&#8221;custom&#8221; custom_background=&#8221;#002c6c&#8221; custom_text=&#8221;#ffffff&#8221; size=&#8221;lg&#8221; align=&#8221;left&#8221; button_block=&#8221;true&#8221; link=&#8221;url:https%3A%2F%2Fgs1ec.org%2Fcontenido%2Fgdti-identificador-mundial-de-tipo-de-documento%2F|||&#8221;][\/vc_column][vc_column width=&#8221;1\/2&#8243; text_align=&#8221;left&#8221;]<div class=\"porto-sicon-wrapper style_1\"><div class=\"porto-sicon-box top-icon\" style=\"\"  ><div class=\"porto-sicon-top\"><div id=\"porto-icon-56447707769ef9d9522c60\" class=\"porto-just-icon-wrapper  \"><div class=\"align-icon\" style=\"text-align:center;\">\n<div class=\"porto-sicon-img \" style=\"font-size:110px;display:inline-block;\" >\n\t<img decoding=\"async\" class=\"img-icon\" alt=\"\" src=\"https:\/\/gs1ec.org\/contenido\/wp-content\/uploads\/2021\/09\/GINC_home-1.png\"\/>\n<\/div><\/div><\/div><\/div><div class=\"porto-sicon-header\" ><h1 class=\"porto-sicon-title\" style=\"font-weight:700;font-size:16px;line-height:17px;\"><strong>N\u00famero de Identificaci\u00f3n Mundial de Consignaci\u00f3n<\/strong><\/h1><p>(GINC)<\/p><\/div> <!-- header --><div class=\"porto-sicon-description\" style=\"\">Miembros de librer\u00edas, hospitales, entidades privadas, p\u00fablicas, entre otros.<\/div> <!-- description --><\/div> <!-- porto-sicon-box --><\/div>[vc_btn title=&#8221;Leer m\u00e1s&#8221; style=&#8221;custom&#8221; custom_background=&#8221;#002c6c&#8221; custom_text=&#8221;#ffffff&#8221; size=&#8221;lg&#8221; align=&#8221;left&#8221; button_block=&#8221;true&#8221; link=&#8221;url:https%3A%2F%2Fgs1ec.org%2Fcontenido%2Fginc-identificacion-mundial-de-consignacion%2F|||&#8221;][\/vc_column][\/vc_row][vc_row text_align=&#8221;left&#8221;][vc_column width=&#8221;1\/2&#8243; text_align=&#8221;left&#8221;]<div class=\"porto-sicon-wrapper style_1\"><div class=\"porto-sicon-box top-icon\" style=\"\"  ><div class=\"porto-sicon-top\"><div id=\"porto-icon-126415277369ef9d95236ea\" class=\"porto-just-icon-wrapper  \"><div class=\"align-icon\" style=\"text-align:center;\">\n<div class=\"porto-sicon-img \" style=\"font-size:110px;display:inline-block;\" >\n\t<img decoding=\"async\" class=\"img-icon\" alt=\"\" src=\"https:\/\/gs1ec.org\/contenido\/wp-content\/uploads\/2021\/09\/GSIN_home.png\"\/>\n<\/div><\/div><\/div><\/div><div class=\"porto-sicon-header\" ><h1 class=\"porto-sicon-title\" style=\"font-weight:700;font-size:16px;line-height:17px;\"><strong>N\u00famero de Identificaci\u00f3n Mundial de Env\u00edo<\/strong><\/h1><p>(GSIN)<\/p><\/div> <!-- header --><div class=\"porto-sicon-description\" style=\"\">Una o m\u00e1s unidades log\u00edsticas que est\u00e1n destinas a ser entregadas juntas.<\/div> <!-- description --><\/div> <!-- porto-sicon-box --><\/div>[vc_btn title=&#8221;Leer m\u00e1s&#8221; style=&#8221;custom&#8221; custom_background=&#8221;#002c6c&#8221; custom_text=&#8221;#ffffff&#8221; size=&#8221;lg&#8221; align=&#8221;left&#8221; button_block=&#8221;true&#8221; link=&#8221;url:https%3A%2F%2Fgs1ec.org%2Fcontenido%2Fgsin-numero-de-identificacion-mundial-de-envio%2F|||&#8221;][\/vc_column][vc_column width=&#8221;1\/2&#8243; text_align=&#8221;left&#8221;]<div class=\"porto-sicon-wrapper style_1\"><div class=\"porto-sicon-box top-icon\" style=\"\"  ><div class=\"porto-sicon-top\"><div id=\"porto-icon-59305699669ef9d95240dc\" class=\"porto-just-icon-wrapper  \"><div class=\"align-icon\" style=\"text-align:center;\">\n<div class=\"porto-sicon-img \" style=\"font-size:110px;display:inline-block;\" >\n\t<img decoding=\"async\" class=\"img-icon\" alt=\"\" src=\"https:\/\/gs1ec.org\/contenido\/wp-content\/uploads\/2021\/09\/GCN_home.png\"\/>\n<\/div><\/div><\/div><\/div><div class=\"porto-sicon-header\" ><h1 class=\"porto-sicon-title\" style=\"font-weight:700;font-size:16px;line-height:17px;\"><strong>N\u00famero Global de Cup\u00f3n<\/strong><\/h1><p>(GCN)<\/p><\/div> <!-- header --><div class=\"porto-sicon-description\" style=\"\">Cupones digitales<\/div> <!-- description --><\/div> <!-- porto-sicon-box --><\/div>[vc_empty_space height=&#8221;24px&#8221;][vc_btn title=&#8221;Leer m\u00e1s&#8221; style=&#8221;custom&#8221; custom_background=&#8221;#002c6c&#8221; custom_text=&#8221;#ffffff&#8221; size=&#8221;lg&#8221; align=&#8221;left&#8221; button_block=&#8221;true&#8221; link=&#8221;url:https%3A%2F%2Fgs1ec.org%2Fcontenido%2Fgcn-numero-mundial-de-cupon%2F|||&#8221;][\/vc_column][\/vc_row][vc_row text_align=&#8221;left&#8221;][vc_column width=&#8221;1\/2&#8243; text_align=&#8221;left&#8221;]<div class=\"porto-sicon-wrapper style_1\"><div class=\"porto-sicon-box top-icon\" style=\"\"  ><div class=\"porto-sicon-top\"><div id=\"porto-icon-60446249969ef9d9524ad1\" class=\"porto-just-icon-wrapper  \"><div class=\"align-icon\" style=\"text-align:center;\">\n<div class=\"porto-sicon-img \" style=\"font-size:110px;display:inline-block;\" >\n\t<img decoding=\"async\" class=\"img-icon\" alt=\"\" src=\"https:\/\/gs1ec.org\/contenido\/wp-content\/uploads\/2021\/09\/GS1_Industry4.0_Actuators_Technology_RGB_2016-11-28.png\"\/>\n<\/div><\/div><\/div><\/div><div class=\"porto-sicon-header\" ><h1 class=\"porto-sicon-title\" style=\"font-weight:700;font-size:16px;line-height:17px;\"><strong>Identificador de Componente \/ Parte<\/strong><\/h1><p>(CPID)<\/p><\/div> <!-- header --><div class=\"porto-sicon-description\" style=\"\">Partes de Autom\u00f3viles.<\/div> <!-- description --><\/div> <!-- porto-sicon-box --><\/div>[vc_btn title=&#8221;Leer m\u00e1s&#8221; style=&#8221;custom&#8221; custom_background=&#8221;#002c6c&#8221; custom_text=&#8221;#ffffff&#8221; size=&#8221;lg&#8221; align=&#8221;left&#8221; button_block=&#8221;true&#8221; link=&#8221;url:https%3A%2F%2Fgs1ec.org%2Fcontenido%2Fidentificador-de-componente-parte-cpid%2F|||&#8221;][\/vc_column][vc_column width=&#8221;1\/2&#8243; text_align=&#8221;left&#8221;][\/vc_column][\/vc_row][vc_row][vc_column][vc_separator style=&#8221;solid&#8221;][\/vc_column][\/vc_row]<\/p>\n","protected":false},"excerpt":{"rendered":"<p>[vc_row full_width=&#8221;stretch_row&#8221; css=&#8221;.vc_custom_1632428819546{padding-top: 60px !important;padding-bottom: 50px !important;background-color: #f56125 !important;background-position: center !important;background-repeat: no-repeat !important;background-size: cover !important;}&#8221;][vc_column][vc_custom_heading text=&#8221;Identificar: Claves de Identificaci\u00f3n GS1&#8243; font_container=&#8221;tag:h1|text_align:left|color:%23ffffff&#8221; use_theme_fonts=&#8221;yes&#8221;][\/vc_column][\/vc_row][vc_row full_width=&#8221;stretch_row&#8221; css=&#8221;.vc_custom_1632163053668{padding-top: 50px !important;padding-bottom: 50px !important;background-color: #f0f5fa !important;}&#8221;][vc_column][vc_empty_space height=&#8221;30px&#8221;][vc_column_text]Las claves de identificaci\u00f3n GS1 permiten a las empresas acceder a la informaci\u00f3n de forma \u00fanica a lo largo de la cadena de abastecimiento y [&hellip;]<\/p>\n","protected":false},"author":2,"featured_media":0,"parent":1824,"menu_order":0,"comment_status":"closed","ping_status":"closed","template":"","meta":{"iawp_total_views":99,"footnotes":""},"class_list":["post-1876","page","type-page","status-publish","hentry"],"_links":{"self":[{"href":"https:\/\/gs1ec.org\/contenido\/wp-json\/wp\/v2\/pages\/1876","targetHints":{"allow":["GET"]}}],"collection":[{"href":"https:\/\/gs1ec.org\/contenido\/wp-json\/wp\/v2\/pages"}],"about":[{"href":"https:\/\/gs1ec.org\/contenido\/wp-json\/wp\/v2\/types\/page"}],"author":[{"embeddable":true,"href":"https:\/\/gs1ec.org\/contenido\/wp-json\/wp\/v2\/users\/2"}],"replies":[{"embeddable":true,"href":"https:\/\/gs1ec.org\/contenido\/wp-json\/wp\/v2\/comments?post=1876"}],"version-history":[{"count":38,"href":"https:\/\/gs1ec.org\/contenido\/wp-json\/wp\/v2\/pages\/1876\/revisions"}],"predecessor-version":[{"id":2713,"href":"https:\/\/gs1ec.org\/contenido\/wp-json\/wp\/v2\/pages\/1876\/revisions\/2713"}],"up":[{"embeddable":true,"href":"https:\/\/gs1ec.org\/contenido\/wp-json\/wp\/v2\/pages\/1824"}],"wp:attachment":[{"href":"https:\/\/gs1ec.org\/contenido\/wp-json\/wp\/v2\/media?parent=1876"}],"curies":[{"name":"wp","href":"https:\/\/api.w.org\/{rel}","templated":true}]}}