{"id":1921,"date":"2021-09-27T15:35:06","date_gmt":"2021-09-27T20:35:06","guid":{"rendered":"http:\/\/portalvive.com\/gs11\/?page_id=1921"},"modified":"2022-06-08T10:51:34","modified_gmt":"2022-06-08T15:51:34","slug":"capturar","status":"publish","type":"page","link":"https:\/\/gs1ec.org\/contenido\/estandares\/estandares-gs1\/capturar\/","title":{"rendered":"Capturar"},"content":{"rendered":"<p>[vc_row full_width=&#8221;stretch_row&#8221; css=&#8221;.vc_custom_1632428819546{padding-top: 60px !important;padding-bottom: 50px !important;background-color: #f56125 !important;background-position: center !important;background-repeat: no-repeat !important;background-size: cover !important;}&#8221;][vc_column][vc_custom_heading text=&#8221;Capturar: Captura Autom\u00e1tica a trav\u00e9s de los Transportadores de Datos GS1&#8243; font_container=&#8221;tag:h1|text_align:left|color:%23ffffff&#8221; use_theme_fonts=&#8221;yes&#8221;][\/vc_column][\/vc_row][vc_row full_width=&#8221;stretch_row&#8221; css=&#8221;.vc_custom_1632163053668{padding-top: 50px !important;padding-bottom: 50px !important;background-color: #f0f5fa !important;}&#8221;][vc_column][vc_empty_space height=&#8221;30px&#8221;][vc_column_text]<\/p>\n<p style=\"text-align: justify;\"><span style=\"font-size: 16px;\"><strong>La Captura se lleva a cabo mediante los Transportadores de Datos GS1 conocidos tambi\u00e9n como C\u00f3digos de Barras. Los C\u00f3digos de Barras son s\u00edmbolos que se escanean autom\u00e1ticamente mediante l\u00e1ser o sistemas basados en c\u00e1maras.<\/strong><\/span><\/p>\n<p style=\"text-align: justify;\"><span style=\"font-size: 16px;\"><strong>Se utilizan para codificar informaci\u00f3n tal como n\u00fameros de producto, n\u00fameros de serie y n\u00fameros de lote. El c\u00f3digo es la representaci\u00f3n num\u00e9rica, es decir los caracteres humanamente legibles y, el s\u00edmbolo es la representaci\u00f3n gr\u00e1fica del c\u00f3digo.<\/strong><\/span><\/p>\n<p>[\/vc_column_text][\/vc_column][\/vc_row][vc_row text_align=&#8221;left&#8221;][vc_column width=&#8221;1\/2&#8243; text_align=&#8221;left&#8221;]<div class=\"porto-sicon-wrapper style_1\"><div class=\"porto-sicon-box top-icon\" style=\"\"  ><div class=\"porto-sicon-top\"><div id=\"porto-icon-157791145069fd063f8f8ca\" class=\"porto-just-icon-wrapper  \"><div class=\"align-icon\" style=\"text-align:center;\">\n<div class=\"porto-sicon-img \" style=\"font-size:110px;display:inline-block;\" >\n\t<img decoding=\"async\" class=\"img-icon\" alt=\"\" src=\"https:\/\/gs1ec.org\/contenido\/wp-content\/uploads\/2021\/10\/ean-13.png\"\/>\n<\/div><\/div><\/div><\/div><div class=\"porto-sicon-header\" ><h1 class=\"porto-sicon-title\" style=\"font-weight:700;font-size:16px;line-height:17px;\"><strong>EAN\/UCC<\/strong><\/h1><\/div> <!-- header --><div class=\"porto-sicon-description\" style=\"\">C\u00f3digos de Barras unidimensionales utilizados a nivel mundial en el entorno minorista.<\/div> <!-- description --><\/div> <!-- porto-sicon-box --><\/div>[vc_empty_space height=&#8221;80px&#8221;][vc_btn title=&#8221;Leer m\u00e1s&#8221; style=&#8221;custom&#8221; custom_background=&#8221;#002c6c&#8221; custom_text=&#8221;#ffffff&#8221; size=&#8221;lg&#8221; align=&#8221;left&#8221; button_block=&#8221;true&#8221; link=&#8221;url:https%3A%2F%2Fgs1ec.org%2Fcontenido%2Fean-ucc-codigos-de-barras-unidimensionales-utilizados-a-nivel-mundial-en-el-entorno-minorista%2F|||&#8221;][\/vc_column][vc_column width=&#8221;1\/2&#8243; text_align=&#8221;left&#8221;]<div class=\"porto-sicon-wrapper style_1\"><div class=\"porto-sicon-box top-icon\" style=\"\"  ><div class=\"porto-sicon-top\"><div id=\"porto-icon-149175888569fd063f9037e\" class=\"porto-just-icon-wrapper  \"><div class=\"align-icon\" style=\"text-align:center;\">\n<div class=\"porto-sicon-img \" style=\"font-size:110px;display:inline-block;\" >\n\t<img decoding=\"async\" class=\"img-icon\" alt=\"\" src=\"https:\/\/gs1ec.org\/contenido\/wp-content\/uploads\/2021\/10\/DataBar-Stacked-Omini.jpeg\"\/>\n<\/div><\/div><\/div><\/div><div class=\"porto-sicon-header\" ><h1 class=\"porto-sicon-title\" style=\"font-weight:700;font-size:16px;line-height:17px;\"><strong>DataBar<\/strong><\/h1><\/div> <!-- header --><div class=\"porto-sicon-description\" style=\"\">C\u00f3digos de Barras unidimensionales compactos que permiten codificar atributos adicionales de los productos.<\/div> <!-- description --><\/div> <!-- porto-sicon-box --><\/div>[vc_btn title=&#8221;Leer m\u00e1s&#8221; style=&#8221;custom&#8221; custom_background=&#8221;#002c6c&#8221; custom_text=&#8221;#ffffff&#8221; size=&#8221;lg&#8221; align=&#8221;left&#8221; button_block=&#8221;true&#8221; link=&#8221;url:https%3A%2F%2Fgs1ec.org%2Fcontenido%2Fgs1-databar-codigos-de-barras-unidimensionales-1d-compactos%2F|||&#8221;][\/vc_column][\/vc_row][vc_row text_align=&#8221;left&#8221;][vc_column width=&#8221;1\/2&#8243; text_align=&#8221;left&#8221;]<div class=\"porto-sicon-wrapper style_1\"><div class=\"porto-sicon-box top-icon\" style=\"\"  ><div class=\"porto-sicon-top\"><div id=\"porto-icon-156390626769fd063f90d86\" class=\"porto-just-icon-wrapper  \"><div class=\"align-icon\" style=\"text-align:center;\">\n<div class=\"porto-sicon-img \" style=\"font-size:110px;display:inline-block;\" >\n\t<img decoding=\"async\" class=\"img-icon\" alt=\"\" src=\"https:\/\/gs1ec.org\/contenido\/wp-content\/uploads\/2021\/10\/ITF-14.png\"\/>\n<\/div><\/div><\/div><\/div><div class=\"porto-sicon-header\" ><h1 class=\"porto-sicon-title\" style=\"font-weight:700;font-size:16px;line-height:17px;\"><strong>C\u00f3digos Unidimensionales (1D) utilizados principalmente en la distribuci\u00f3n y log\u00edstica.<\/strong><\/h1><\/div> <!-- header --><div class=\"porto-sicon-description\" style=\"\">C\u00f3digos de Barras unidimensionales utilizados a nivel mundial en ambientes de distribuci\u00f3n y log\u00edstica a lo largo de toda la cadena de abastecimiento.<\/div> <!-- description --><\/div> <!-- porto-sicon-box --><\/div>[vc_empty_space height=&#8221;5px&#8221;][vc_btn title=&#8221;Leer m\u00e1s&#8221; style=&#8221;custom&#8221; custom_background=&#8221;#002c6c&#8221; custom_text=&#8221;#ffffff&#8221; size=&#8221;lg&#8221; align=&#8221;left&#8221; button_block=&#8221;true&#8221; link=&#8221;url:https%3A%2F%2Fgs1ec.org%2Fcontenido%2Fcodigos-de-barras-unidimensionales-logisticos-itf-14-y-gs1-128%2F|||&#8221;][\/vc_column][vc_column width=&#8221;1\/2&#8243; text_align=&#8221;left&#8221;]<div class=\"porto-sicon-wrapper style_1\"><div class=\"porto-sicon-box top-icon\" style=\"\"  ><div class=\"porto-sicon-top\"><div id=\"porto-icon-63213566769fd063f91880\" class=\"porto-just-icon-wrapper  \"><div class=\"align-icon\" style=\"text-align:center;\">\n<div class=\"porto-sicon-img \" style=\"font-size:110px;display:inline-block;\" >\n\t<img decoding=\"async\" class=\"img-icon\" alt=\"\" src=\"https:\/\/gs1ec.org\/contenido\/wp-content\/uploads\/2021\/10\/GS1_DataMatrix.png\"\/>\n<\/div><\/div><\/div><\/div><div class=\"porto-sicon-header\" ><h1 class=\"porto-sicon-title\" style=\"font-weight:700;font-size:16px;line-height:17px;\"><strong>C\u00f3digos Bidimensionales (2D)<\/strong><\/h1><\/div> <!-- header --><div class=\"porto-sicon-description\" style=\"\">C\u00f3digos de Barras bidimensionales compactos que permiten codificar atributos adicionales de los productos.<\/div> <!-- description --><\/div> <!-- porto-sicon-box --><\/div>[vc_btn title=&#8221;Leer m\u00e1s&#8221; style=&#8221;custom&#8221; custom_background=&#8221;#002c6c&#8221; custom_text=&#8221;#ffffff&#8221; size=&#8221;lg&#8221; align=&#8221;left&#8221; button_block=&#8221;true&#8221; link=&#8221;url:https%3A%2F%2Fgs1ec.org%2Fcontenido%2Fcodigos-de-barras-bidimensionales-2d-compactos%2F|||&#8221;][\/vc_column][\/vc_row][vc_row text_align=&#8221;left&#8221;][vc_column width=&#8221;1\/2&#8243; text_align=&#8221;left&#8221;]<div class=\"porto-sicon-wrapper style_1\"><div class=\"porto-sicon-box top-icon\" style=\"\"  ><div class=\"porto-sicon-header\" ><h1 class=\"porto-sicon-title\" style=\"font-weight:700;font-size:16px;line-height:17px;\"><strong>EPC\/RFID<\/strong><\/h1><\/div> <!-- header --><div class=\"porto-sicon-description\" style=\"\">El C\u00f3digo Electr\u00f3nico de Producto \u2122 (EPC) permite codificar la misma informaci\u00f3n que se codifica en un c\u00f3digo EAN\/UCC unidimensional.<\/div> <!-- description --><\/div> <!-- porto-sicon-box --><\/div>[vc_btn title=&#8221;Leer m\u00e1s&#8221; style=&#8221;custom&#8221; custom_background=&#8221;#002c6c&#8221; custom_text=&#8221;#ffffff&#8221; size=&#8221;lg&#8221; align=&#8221;left&#8221; button_block=&#8221;true&#8221; link=&#8221;url:https%3A%2F%2Fgs1ec.org%2Fcontenido%2Fepc-rfid-codigo-electronico-de-producto%2F|||&#8221;][\/vc_column][vc_column width=&#8221;1\/2&#8243; text_align=&#8221;left&#8221;][\/vc_column][\/vc_row][vc_row][vc_column][vc_empty_space][\/vc_column][\/vc_row][vc_row text_align=&#8221;left&#8221;][vc_column width=&#8221;1\/4&#8243; text_align=&#8221;left&#8221;]<div class=\"porto-sicon-wrapper style_1\"><div class=\"porto-sicon-box top-icon\" style=\"\"  ><div class=\"porto-sicon-top\"><div id=\"porto-icon-90435719669fd063f92cd6\" class=\"porto-just-icon-wrapper  \"><div class=\"align-icon\" style=\"text-align:center;\">\n<div class=\"porto-sicon-img \" style=\"font-size:110px;display:inline-block;\" >\n\t<img decoding=\"async\" class=\"img-icon\" alt=\"\" src=\"https:\/\/gs1ec.org\/contenido\/wp-content\/uploads\/2021\/09\/Visibility_mini.png\"\/>\n<\/div><\/div><\/div><\/div><div class=\"porto-sicon-header\" ><h3 class=\"porto-sicon-title\" style=\"font-family:&#039;Gothamssm-medium&#039;;font-weight:600;font-size:16px;line-height:17px;\"><strong>Visibilidad de toda la cadena<\/strong><\/h3><\/div> <!-- header --><div class=\"porto-sicon-description\" style=\"\">Mayor visibilidad de los productos mediante el suministro de informaci\u00f3n con tecnolog\u00eda avanzada.<\/div> <!-- description --><\/div> <!-- porto-sicon-box --><\/div>[\/vc_column][vc_column width=&#8221;1\/4&#8243; text_align=&#8221;left&#8221;]<div class=\"porto-sicon-wrapper style_1\"><div class=\"porto-sicon-box top-icon\" style=\"\"  ><div class=\"porto-sicon-top\"><div id=\"porto-icon-118043843169fd063f93b38\" class=\"porto-just-icon-wrapper  \"><div class=\"align-icon\" style=\"text-align:center;\">\n<div class=\"porto-sicon-img \" style=\"font-size:110px;display:inline-block;\" >\n\t<img decoding=\"async\" class=\"img-icon\" alt=\"\" src=\"https:\/\/gs1ec.org\/contenido\/wp-content\/uploads\/2021\/09\/Capture_mini.png\"\/>\n<\/div><\/div><\/div><\/div><div class=\"porto-sicon-header\" ><h1 class=\"porto-sicon-title\" style=\"font-family:&#039;Gothamssm-medium&#039;;font-weight:700;font-size:16px;line-height:17px;\"><strong>Captura eficiente<\/strong><\/h1><\/div> <!-- header --><div class=\"porto-sicon-description\" style=\"\">Captura de datos eficiente sin lectura directa y sin intervenci\u00f3n humana.<\/div> <!-- description --><\/div> <!-- porto-sicon-box --><\/div>[\/vc_column][vc_column width=&#8221;1\/4&#8243;]<div class=\"porto-sicon-wrapper style_1\"><div class=\"porto-sicon-box top-icon\" style=\"\"  ><div class=\"porto-sicon-top\"><div id=\"porto-icon-121400644969fd063f9491e\" class=\"porto-just-icon-wrapper  \"><div class=\"align-icon\" style=\"text-align:center;\">\n<div class=\"porto-sicon-img \" style=\"font-size:110px;display:inline-block;\" >\n\t<img decoding=\"async\" class=\"img-icon\" alt=\"\" src=\"https:\/\/gs1ec.org\/contenido\/wp-content\/uploads\/2021\/09\/Gear_mini.png\"\/>\n<\/div><\/div><\/div><\/div><div class=\"porto-sicon-header\" ><h1 class=\"porto-sicon-title\" style=\"font-family:&#039;Gothamssm-medium&#039;;font-weight:700;font-size:16px;line-height:17px;\"><strong>Precisi\u00f3n<\/strong><\/h1><\/div> <!-- header --><div class=\"porto-sicon-description\" style=\"\">Mayor precisi\u00f3n e integridad de los datos.<\/div> <!-- description --><\/div> <!-- porto-sicon-box --><\/div>[\/vc_column][vc_column width=&#8221;1\/4&#8243;]<div class=\"porto-sicon-wrapper style_1\"><div class=\"porto-sicon-box top-icon\" style=\"\"  ><div class=\"porto-sicon-top\"><div id=\"porto-icon-14413565169fd063f95829\" class=\"porto-just-icon-wrapper  \"><div class=\"align-icon\" style=\"text-align:center;\">\n<div class=\"porto-sicon-img \" style=\"font-size:110px;display:inline-block;\" >\n\t<img decoding=\"async\" class=\"img-icon\" alt=\"\" src=\"https:\/\/gs1ec.org\/contenido\/wp-content\/uploads\/2021\/09\/Track_mini.png\"\/>\n<\/div><\/div><\/div><\/div><div class=\"porto-sicon-header\" ><h1 class=\"porto-sicon-title\" style=\"font-family:&#039;Gothamssm-medium&#039;;font-weight:700;font-size:16px;line-height:17px;\"><strong>Trazabilidad a nivel de art\u00edculo<\/strong><\/h1><\/div> <!-- header --><div class=\"porto-sicon-description\" style=\"\">Le permite ubicar cada producto, en cualquier lugar de la cadena.<\/div> <!-- description --><\/div> <!-- porto-sicon-box --><\/div>[\/vc_column][\/vc_row][vc_row][vc_column][vc_separator style=&#8221;solid&#8221;][\/vc_column][\/vc_row]<\/p>\n","protected":false},"excerpt":{"rendered":"<p>[vc_row full_width=&#8221;stretch_row&#8221; css=&#8221;.vc_custom_1632428819546{padding-top: 60px !important;padding-bottom: 50px !important;background-color: #f56125 !important;background-position: center !important;background-repeat: no-repeat !important;background-size: cover !important;}&#8221;][vc_column][vc_custom_heading text=&#8221;Capturar: Captura Autom\u00e1tica a trav\u00e9s de los Transportadores de Datos GS1&#8243; font_container=&#8221;tag:h1|text_align:left|color:%23ffffff&#8221; use_theme_fonts=&#8221;yes&#8221;][\/vc_column][\/vc_row][vc_row full_width=&#8221;stretch_row&#8221; css=&#8221;.vc_custom_1632163053668{padding-top: 50px !important;padding-bottom: 50px !important;background-color: #f0f5fa !important;}&#8221;][vc_column][vc_empty_space height=&#8221;30px&#8221;][vc_column_text] La Captura se lleva a cabo mediante los Transportadores de Datos GS1 conocidos tambi\u00e9n como C\u00f3digos de Barras. [&hellip;]<\/p>\n","protected":false},"author":2,"featured_media":0,"parent":1824,"menu_order":0,"comment_status":"closed","ping_status":"closed","template":"","meta":{"iawp_total_views":55,"footnotes":""},"class_list":["post-1921","page","type-page","status-publish","hentry"],"_links":{"self":[{"href":"https:\/\/gs1ec.org\/contenido\/wp-json\/wp\/v2\/pages\/1921","targetHints":{"allow":["GET"]}}],"collection":[{"href":"https:\/\/gs1ec.org\/contenido\/wp-json\/wp\/v2\/pages"}],"about":[{"href":"https:\/\/gs1ec.org\/contenido\/wp-json\/wp\/v2\/types\/page"}],"author":[{"embeddable":true,"href":"https:\/\/gs1ec.org\/contenido\/wp-json\/wp\/v2\/users\/2"}],"replies":[{"embeddable":true,"href":"https:\/\/gs1ec.org\/contenido\/wp-json\/wp\/v2\/comments?post=1921"}],"version-history":[{"count":26,"href":"https:\/\/gs1ec.org\/contenido\/wp-json\/wp\/v2\/pages\/1921\/revisions"}],"predecessor-version":[{"id":2749,"href":"https:\/\/gs1ec.org\/contenido\/wp-json\/wp\/v2\/pages\/1921\/revisions\/2749"}],"up":[{"embeddable":true,"href":"https:\/\/gs1ec.org\/contenido\/wp-json\/wp\/v2\/pages\/1824"}],"wp:attachment":[{"href":"https:\/\/gs1ec.org\/contenido\/wp-json\/wp\/v2\/media?parent=1921"}],"curies":[{"name":"wp","href":"https:\/\/api.w.org\/{rel}","templated":true}]}}