{"id":1937,"date":"2021-09-27T16:22:33","date_gmt":"2021-09-27T21:22:33","guid":{"rendered":"http:\/\/portalvive.com\/gs11\/?page_id=1937"},"modified":"2022-07-13T15:34:15","modified_gmt":"2022-07-13T20:34:15","slug":"usar","status":"publish","type":"page","link":"https:\/\/gs1ec.org\/contenido\/estandares\/estandares-gs1\/usar\/","title":{"rendered":"Usar"},"content":{"rendered":"<p>[vc_row full_width=&#8221;stretch_row&#8221; css=&#8221;.vc_custom_1632428819546{padding-top: 60px !important;padding-bottom: 50px !important;background-color: #f56125 !important;background-position: center !important;background-repeat: no-repeat !important;background-size: cover !important;}&#8221;][vc_column][vc_custom_heading text=&#8221;Usar: Coordinaci\u00f3n de Procesos de Negocio&#8221; font_container=&#8221;tag:h1|text_align:left|color:%23ffffff&#8221; use_theme_fonts=&#8221;yes&#8221;][\/vc_column][\/vc_row][vc_row full_width=&#8221;stretch_row&#8221; disable_element=&#8221;yes&#8221; css=&#8221;.vc_custom_1632775161634{padding-top: 50px !important;padding-bottom: 50px !important;background-color: #f0f5fa !important;}&#8221;][vc_column][vc_empty_space height=&#8221;30px&#8221;][vc_column_text]<span style=\"font-size: 16px;\"><strong>La Captura se lleva a cabo mediante los Transportadores de Datos GS1 conocidos tambi\u00e9n como C\u00f3digos de Barras. Los C\u00f3digos de Barras son s\u00edmbolos que se escanean autom\u00e1ticamente mediante l\u00e1ser o sistemas basados en c\u00e1maras.<\/strong><\/span><\/p>\n<p><span style=\"font-size: 16px;\"><strong>Se utilizan para codificar informaci\u00f3n tal como n\u00fameros de producto, n\u00fameros de serie y n\u00fameros de lote. El c\u00f3digo es la representaci\u00f3n num\u00e9rica, es decir los caracteres humanamente legibles y, el s\u00edmbolo es la representaci\u00f3n gr\u00e1fica del c\u00f3digo.<\/strong><\/span>[\/vc_column_text][\/vc_column][\/vc_row][vc_row text_align=&#8221;left&#8221;][vc_column width=&#8221;1\/2&#8243; text_align=&#8221;left&#8221;]<div class=\"porto-sicon-wrapper style_1\"><div class=\"porto-sicon-box top-icon\" style=\"\"  ><div class=\"porto-sicon-header\" ><h1 class=\"porto-sicon-title\" style=\"font-weight:700;font-size:16px;line-height:17px;\"><strong>Calidad de Datos<\/strong><\/h1><\/div> <!-- header --><div class=\"porto-sicon-description\" style=\"\">Est\u00e1ndares para coordinaci\u00f3n de procesos de negocio<\/div> <!-- description --><\/div> <!-- porto-sicon-box --><\/div>[vc_empty_space height=&#8221;120px&#8221;][vc_btn title=&#8221;Leer m\u00e1s&#8221; style=&#8221;custom&#8221; custom_background=&#8221;#002c6c&#8221; custom_text=&#8221;#ffffff&#8221; size=&#8221;lg&#8221; align=&#8221;left&#8221; button_block=&#8221;true&#8221; link=&#8221;url:https%3A%2F%2Fgs1ec.org%2Fcontenido%2Festandares%2Festandares-gs1%2Fusar%2Fcalidad-de-datos%2F|||&#8221;][\/vc_column][vc_column width=&#8221;1\/2&#8243; text_align=&#8221;left&#8221;]<div class=\"porto-sicon-wrapper style_1\"><div class=\"porto-sicon-box top-icon\" style=\"\"  ><div class=\"porto-sicon-header\" ><h1 class=\"porto-sicon-title\" style=\"font-weight:700;font-size:16px;line-height:17px;\"><strong>Procesos de negocio<\/strong><\/h1><\/div> <!-- header --><div class=\"porto-sicon-description\" style=\"\">Est\u00e1ndares para coordinaci\u00f3n de procesos de negocio<br \/>\nGesti\u00f3n de Entrega<br \/>\nGesti\u00f3n de Transporte<br \/>\nGesti\u00f3n de Almacenes<br \/>\nGesti\u00f3n de Activos<br \/>\nGesti\u00f3n de Aduanas y procedimiento fronterizo<\/div> <!-- description --><\/div> <!-- porto-sicon-box --><\/div>[vc_btn title=&#8221;Leer m\u00e1s&#8221; style=&#8221;custom&#8221; custom_background=&#8221;#002c6c&#8221; custom_text=&#8221;#ffffff&#8221; size=&#8221;lg&#8221; align=&#8221;left&#8221; button_block=&#8221;true&#8221; link=&#8221;url:https%3A%2F%2Fgs1ec.org%2Fcontenido%2Ftrazabilidad-y-procesos-de-negocio%2F|||&#8221;][\/vc_column][\/vc_row][vc_row][vc_column][vc_separator style=&#8221;solid&#8221;][\/vc_column][\/vc_row]<\/p>\n","protected":false},"excerpt":{"rendered":"<p>[vc_row full_width=&#8221;stretch_row&#8221; css=&#8221;.vc_custom_1632428819546{padding-top: 60px !important;padding-bottom: 50px !important;background-color: #f56125 !important;background-position: center !important;background-repeat: no-repeat !important;background-size: cover !important;}&#8221;][vc_column][vc_custom_heading text=&#8221;Usar: Coordinaci\u00f3n de Procesos de Negocio&#8221; font_container=&#8221;tag:h1|text_align:left|color:%23ffffff&#8221; use_theme_fonts=&#8221;yes&#8221;][\/vc_column][\/vc_row][vc_row full_width=&#8221;stretch_row&#8221; disable_element=&#8221;yes&#8221; css=&#8221;.vc_custom_1632775161634{padding-top: 50px !important;padding-bottom: 50px !important;background-color: #f0f5fa !important;}&#8221;][vc_column][vc_empty_space height=&#8221;30px&#8221;][vc_column_text]La Captura se lleva a cabo mediante los Transportadores de Datos GS1 conocidos tambi\u00e9n como C\u00f3digos de Barras. Los C\u00f3digos de Barras son [&hellip;]<\/p>\n","protected":false},"author":2,"featured_media":0,"parent":1824,"menu_order":0,"comment_status":"closed","ping_status":"closed","template":"","meta":{"iawp_total_views":10,"footnotes":""},"class_list":["post-1937","page","type-page","status-publish","hentry"],"_links":{"self":[{"href":"https:\/\/gs1ec.org\/contenido\/wp-json\/wp\/v2\/pages\/1937","targetHints":{"allow":["GET"]}}],"collection":[{"href":"https:\/\/gs1ec.org\/contenido\/wp-json\/wp\/v2\/pages"}],"about":[{"href":"https:\/\/gs1ec.org\/contenido\/wp-json\/wp\/v2\/types\/page"}],"author":[{"embeddable":true,"href":"https:\/\/gs1ec.org\/contenido\/wp-json\/wp\/v2\/users\/2"}],"replies":[{"embeddable":true,"href":"https:\/\/gs1ec.org\/contenido\/wp-json\/wp\/v2\/comments?post=1937"}],"version-history":[{"count":11,"href":"https:\/\/gs1ec.org\/contenido\/wp-json\/wp\/v2\/pages\/1937\/revisions"}],"predecessor-version":[{"id":2840,"href":"https:\/\/gs1ec.org\/contenido\/wp-json\/wp\/v2\/pages\/1937\/revisions\/2840"}],"up":[{"embeddable":true,"href":"https:\/\/gs1ec.org\/contenido\/wp-json\/wp\/v2\/pages\/1824"}],"wp:attachment":[{"href":"https:\/\/gs1ec.org\/contenido\/wp-json\/wp\/v2\/media?parent=1937"}],"curies":[{"name":"wp","href":"https:\/\/api.w.org\/{rel}","templated":true}]}}