{"id":1939,"date":"2021-09-27T16:32:41","date_gmt":"2021-09-27T21:32:41","guid":{"rendered":"http:\/\/portalvive.com\/gs11\/?page_id=1939"},"modified":"2022-06-08T10:46:19","modified_gmt":"2022-06-08T15:46:19","slug":"gtin-identificador-mundial-de-articulo-comercial","status":"publish","type":"page","link":"https:\/\/gs1ec.org\/contenido\/estandares\/estandares-gs1\/identificar\/gtin-identificador-mundial-de-articulo-comercial\/","title":{"rendered":"GTIN: Identificador Mundial de Art\u00edculo Comercial"},"content":{"rendered":"<p>[vc_row full_width=&#8221;stretch_row&#8221; disable_element=&#8221;yes&#8221; css=&#8221;.vc_custom_1632778446073{padding-top: 60px !important;padding-bottom: 50px !important;background-color: #f56125 !important;background-position: center !important;background-repeat: no-repeat !important;background-size: cover !important;}&#8221;][vc_column][vc_custom_heading text=&#8221;Identificar: Claves de Identificaci\u00f3n GS1&#8243; font_container=&#8221;tag:h1|text_align:left|color:%23ffffff&#8221; use_theme_fonts=&#8221;yes&#8221;][\/vc_column][\/vc_row][vc_row full_width=&#8221;stretch_row&#8221; css=&#8221;.vc_custom_1632163053668{padding-top: 50px !important;padding-bottom: 50px !important;background-color: #f0f5fa !important;}&#8221;][vc_column][vc_empty_space height=&#8221;30px&#8221;][vc_custom_heading text=&#8221;GTIN: Identificador Mundial de Art\u00edculo Comercial&#8221; font_container=&#8221;tag:h2|font_size:25px|text_align:left|color:%230c2c66&#8243; use_theme_fonts=&#8221;yes&#8221;][vc_row_inner][vc_column_inner width=&#8221;2\/3&#8243;][vc_column_text]<\/p>\n<p style=\"text-align: justify;\">El sistema GS1 es un conjunto de est\u00e1ndares que permite la administraci\u00f3n eficiente de la cadena de suministro multi-sectorial y mundial, mediante la identificaci\u00f3n inequ\u00edvoca de productos, unidades de embarque, bienes, localizaciones y servicios. Facilita los procesos de comercio electr\u00f3nico incluyendo el rastreo y seguimiento completos.<\/p>\n<p style=\"text-align: justify;\">Los n\u00fameros de identificaci\u00f3n pueden estar representados en s\u00edmbolos de c\u00f3digos de barras para permitir la lectura electr\u00f3nica del punto de venta, en el punto de recepci\u00f3n de los dep\u00f3sitos o en cualquier otro punto de los procesos comerciales donde sea requiera. El sistema est\u00e1 dise\u00f1ado para superar las limitaciones de los sistemas de codificaci\u00f3n espec\u00edficos de un sector, organizaci\u00f3n o compa\u00f1\u00eda usuaria y para hacer que el comercio sea mucho m\u00e1s eficiente y sensible a las necesidades de los clientes.<\/p>\n<p>[\/vc_column_text][\/vc_column_inner][vc_column_inner width=&#8221;1\/3&#8243;][vc_single_image image=&#8221;1942&#8243; img_size=&#8221;full&#8221; alignment=&#8221;center&#8221;][\/vc_column_inner][\/vc_row_inner][vc_row_inner][vc_column_inner][accordion_father icon=&#8221;fa fa-long-arrow-down&#8221; activeicon=&#8221;fa fa-long-arrow-up&#8221;][accordion_son title=&#8221;Leer m\u00e1s&#8221;]<\/p>\n<p style=\"text-align: justify;\">Actualmente, el c\u00f3digo de barras est\u00e1 implantado masivamente de forma global, ya que este sistema permite la identificaci\u00f3n de unidades de consumo y de expedici\u00f3n de forma \u00fanica, global y no ambigua.<\/p>\n<p style=\"text-align: justify;\">Mediante la aplicaci\u00f3n del sistema GS1 es posible obtener significativas mejoras en las operaciones log\u00edsticas, una reducci\u00f3n de los costos de los trabajos realizados en papel, una considerable disminuci\u00f3n de los tiempos de preparaci\u00f3n de \u00f3rdenes y entregas, as\u00ed como mayor precisi\u00f3n y una administraci\u00f3n m\u00e1s eficiente de toda la cadena de suministro y demanda. Las compa\u00f1\u00edas usuarias que han adoptado el sistema de identificaci\u00f3n GS1 obtienen grandes ahorros de costos, porque utilizan la misma soluci\u00f3n para comunicarse con todos sus socios comerciales, mientras contin\u00faan siendo completamente libres para administrar sus aplicaciones internas.<\/p>\n<p style=\"text-align: justify;\">El c\u00f3digo de barras es una de las aplicaciones m\u00e1s importantes del Sistema GS1 y posee una gama completa de estructuras de c\u00f3digos como: GTIN-13 (antes EAN\/UCC-13), GTIN-8 (antes EAN\/UCC-8), GTIN-12 (antes EAN\/UCC-12), GTIN-14 (antes EAN\/UCC-14) y GS1-128 (antes EAN\/UCC-128).<\/p>\n<p style=\"text-align: justify;\">En Ecuador son v\u00e1lidos cualquiera de estos n\u00fameros que identifican a las unidades comerciales, los mismos que son asignados por GS1 Ecuador porque somos miembros de GS1 que posee oficinas en m\u00e1s de 145 pa\u00edses alrededor del mundo.<\/p>\n<p style=\"text-align: justify;\">El c\u00f3digo de barras proporciona un lenguaje com\u00fan entre socios comerciales, cada producto tiene un c\u00f3digo \u00daNICO e INEQU\u00cdVOCO de identificaci\u00f3n y puede ser utilizado por todos los socios comerciales y dentro de la propia industria contribuyendo a la eficiencia del proceso de comercializaci\u00f3n de productos.<\/p>\n<p style=\"text-align: justify;\">El c\u00f3digo GS1 en cualquiera de sus estructuras, facilita la identificaci\u00f3n de mercader\u00edas, facilita las exportaciones y el intercambio electr\u00f3nico de datos.<\/p>\n<p>[\/accordion_son][\/accordion_father][\/vc_column_inner][\/vc_row_inner][vc_row_inner][vc_column_inner][vc_separator style=&#8221;solid&#8221;][\/vc_column_inner][\/vc_row_inner][vc_row_inner][vc_column_inner][vc_custom_heading text=&#8221;GTIN-8&#8243; font_container=&#8221;tag:h2|font_size:25px|text_align:left|color:%230c2c66&#8243; use_theme_fonts=&#8221;yes&#8221;][vc_column_text]<\/p>\n<p style=\"text-align: justify;\">La asignaci\u00f3n de GTIN-8 se limita a los art\u00edculos en los que verdaderamente no se puede acomodar un GTIN-13. Si despu\u00e9s de agotadas todas las posibilidades para colocar un GTIN-13, el espacio \u00fatil dentro del producto es muy peque\u00f1o, se debe utilizar GTIN-8. El GTIN-8 est\u00e1 compuesto por 8 d\u00edgitos que identifican: el prefijo del pa\u00eds donde se codifica y el producto. El \u00faltimo d\u00edgito sirve para validaci\u00f3n del c\u00f3digo y es obtenido mediante un algoritmo espec\u00edfico. GS1 Ecuador evaluar\u00e1 cada caso, previo la asignaci\u00f3n de un GTIN-8.<\/p>\n<p>[\/vc_column_text][vc_column_text]<\/p>\n<table class=\"table table-bordered\">\n<tbody>\n<tr>\n<th colspan=\"7\"><span style=\"vertical-align: inherit;\"><span style=\"vertical-align: inherit;\"><br \/>\nPrefijo GS1-8 \/ Referencia de art\u00edculo<\/span><\/span><\/th>\n<th><span style=\"vertical-align: inherit;\"><span style=\"vertical-align: inherit;\"><br \/>\nVerificando d\u00edgito<\/span><\/span><\/th>\n<\/tr>\n<tr>\n<td><span style=\"vertical-align: inherit;\"><span style=\"vertical-align: inherit;\">No. <\/span><\/span><sub><span style=\"vertical-align: inherit;\"><span style=\"vertical-align: inherit;\">1<\/span><\/span><\/sub><\/td>\n<td><span style=\"vertical-align: inherit;\"><span style=\"vertical-align: inherit;\">N <\/span><\/span><sub><span style=\"vertical-align: inherit;\"><span style=\"vertical-align: inherit;\">2<\/span><\/span><\/sub><\/td>\n<td><span style=\"vertical-align: inherit;\"><span style=\"vertical-align: inherit;\">N <\/span><\/span><sub><span style=\"vertical-align: inherit;\"><span style=\"vertical-align: inherit;\">3<\/span><\/span><\/sub><\/td>\n<td><span style=\"vertical-align: inherit;\"><span style=\"vertical-align: inherit;\">N <\/span><\/span><sub><span style=\"vertical-align: inherit;\"><span style=\"vertical-align: inherit;\">4<\/span><\/span><\/sub><\/td>\n<td><span style=\"vertical-align: inherit;\"><span style=\"vertical-align: inherit;\">No. <\/span><\/span><sub><span style=\"vertical-align: inherit;\"><span style=\"vertical-align: inherit;\">5<\/span><\/span><\/sub><\/td>\n<td><span style=\"vertical-align: inherit;\"><span style=\"vertical-align: inherit;\">No. <\/span><\/span><sub><span style=\"vertical-align: inherit;\"><span style=\"vertical-align: inherit;\">6<\/span><\/span><\/sub><\/td>\n<td><span style=\"vertical-align: inherit;\"><span style=\"vertical-align: inherit;\">N <\/span><\/span><sub><span style=\"vertical-align: inherit;\"><span style=\"vertical-align: inherit;\">7<\/span><\/span><\/sub><\/td>\n<td><span style=\"vertical-align: inherit;\"><span style=\"vertical-align: inherit;\">N <\/span><\/span><sub><span style=\"vertical-align: inherit;\"><span style=\"vertical-align: inherit;\">8<\/span><\/span><\/sub><\/td>\n<\/tr>\n<\/tbody>\n<\/table>\n<p>[\/vc_column_text][vc_separator style=&#8221;solid&#8221;][vc_custom_heading text=&#8221;GTIN-13&#8243; font_container=&#8221;tag:h2|font_size:25px|text_align:left|color:%230c2c66&#8243; use_theme_fonts=&#8221;yes&#8221;][vc_column_text]<\/p>\n<p style=\"text-align: justify;\">El GTIN-13 es el c\u00f3digo utilizado para identificar cualquier art\u00edculo comercial a ser escaneado en el punto de venta. Posee 13 d\u00edgitos compuestos por: prefijo de pa\u00eds donde se codifica el producto, prefijo de empresa y referencia del art\u00edculo. El \u00faltimo d\u00edgito sirve para validaci\u00f3n del c\u00f3digo y es obtenido mediante algoritmo espec\u00edfico.<\/p>\n<p>[\/vc_column_text][vc_column_text]<\/p>\n<table class=\"table table-bordered\">\n<tbody>\n<tr>\n<th colspan=\"12\"><span style=\"vertical-align: inherit;\"><span style=\"vertical-align: inherit;\"><br \/>\nPrefijo de Compa\u00f1\u00eda GS1 \/ Referencia de art\u00edculo<\/span><\/span><\/th>\n<th><span style=\"vertical-align: inherit;\"><span style=\"vertical-align: inherit;\"><br \/>\nVerificando d\u00edgito<\/span><\/span><\/th>\n<\/tr>\n<tr>\n<td><span style=\"vertical-align: inherit;\"><span style=\"vertical-align: inherit;\">No. <\/span><\/span><span style=\"vertical-align: inherit;\"><span style=\"vertical-align: inherit;\">1<\/span><\/span><\/td>\n<td><span style=\"vertical-align: inherit;\"><span style=\"vertical-align: inherit;\">N <\/span><\/span><span style=\"vertical-align: inherit;\"><span style=\"vertical-align: inherit;\">2<\/span><\/span><\/td>\n<td><span style=\"vertical-align: inherit;\"><span style=\"vertical-align: inherit;\">N <\/span><\/span><span style=\"vertical-align: inherit;\"><span style=\"vertical-align: inherit;\">3<\/span><\/span><\/td>\n<td><span style=\"vertical-align: inherit;\"><span style=\"vertical-align: inherit;\">N <\/span><\/span><span style=\"vertical-align: inherit;\"><span style=\"vertical-align: inherit;\">4<\/span><\/span><\/td>\n<td><span style=\"vertical-align: inherit;\"><span style=\"vertical-align: inherit;\">No. <\/span><\/span><span style=\"vertical-align: inherit;\"><span style=\"vertical-align: inherit;\">5<\/span><\/span><\/td>\n<td><span style=\"vertical-align: inherit;\"><span style=\"vertical-align: inherit;\">No. <\/span><\/span><span style=\"vertical-align: inherit;\"><span style=\"vertical-align: inherit;\">6<\/span><\/span><\/td>\n<td><span style=\"vertical-align: inherit;\"><span style=\"vertical-align: inherit;\">N <\/span><\/span><span style=\"vertical-align: inherit;\"><span style=\"vertical-align: inherit;\">7<\/span><\/span><\/td>\n<td><span style=\"vertical-align: inherit;\"><span style=\"vertical-align: inherit;\">N <\/span><\/span><span style=\"vertical-align: inherit;\"><span style=\"vertical-align: inherit;\">8<\/span><\/span><\/td>\n<td><span style=\"vertical-align: inherit;\"><span style=\"vertical-align: inherit;\">N <\/span><\/span><span style=\"vertical-align: inherit;\"><span style=\"vertical-align: inherit;\">9<\/span><\/span><\/td>\n<td><span style=\"vertical-align: inherit;\"><span style=\"vertical-align: inherit;\">N <\/span><\/span><span style=\"vertical-align: inherit;\"><span style=\"vertical-align: inherit;\">10<\/span><\/span><\/td>\n<td><span style=\"vertical-align: inherit;\"><span style=\"vertical-align: inherit;\">No. <\/span><\/span><span style=\"vertical-align: inherit;\"><span style=\"vertical-align: inherit;\">11<\/span><\/span><\/td>\n<td><span style=\"vertical-align: inherit;\"><span style=\"vertical-align: inherit;\">No. <\/span><\/span><span style=\"vertical-align: inherit;\"><span style=\"vertical-align: inherit;\">12<\/span><\/span><\/td>\n<td><span style=\"vertical-align: inherit;\"><span style=\"vertical-align: inherit;\">N <\/span><\/span><span style=\"vertical-align: inherit;\"><span style=\"vertical-align: inherit;\">13<\/span><\/span><\/td>\n<\/tr>\n<\/tbody>\n<\/table>\n<p>[\/vc_column_text][vc_separator style=&#8221;solid&#8221;][vc_custom_heading text=&#8221;GTIN-14&#8243; font_container=&#8221;tag:h2|font_size:25px|text_align:left|color:%230c2c66&#8243; use_theme_fonts=&#8221;yes&#8221;][vc_column_text]<\/p>\n<p style=\"text-align: justify;\">El uso de la simbolog\u00eda ITF-14 se limita a los c\u00f3digos de barras de los n\u00fameros de identificaci\u00f3n de los art\u00edculos comerciales que no pasan a trav\u00e9s de las cajas registradoras minoristas (unidades log\u00edsticas). Con el n\u00famero GTIN-14 y utilizando la simbolog\u00eda ITF-14 se identifica la unidad log\u00edstica o de expedici\u00f3n. El GTIN-14 est\u00e1 compuesto por 14 d\u00edgitos generados a partir de aplicar un algoritmo espec\u00edfico de la unidad de consumo respectiva. Se aplica el algoritmo sobre el c\u00f3digo del producto que contiene la caja.<\/p>\n<p>[\/vc_column_text][vc_column_text]<\/p>\n<table class=\"table table-bordered\">\n<tbody>\n<tr>\n<th><span style=\"vertical-align: inherit;\"><span style=\"vertical-align: inherit;\"><br \/>\nIndicador<\/span><\/span><\/th>\n<th colspan=\"12\"><strong><span style=\"vertical-align: inherit;\"><span style=\"vertical-align: inherit;\">GTIN de los elementos contenidos (sin d\u00edgito de control)<\/span><\/span><\/strong><\/th>\n<th><span style=\"vertical-align: inherit;\"><span style=\"vertical-align: inherit;\"><br \/>\nVerificando d\u00edgito<\/span><\/span><\/th>\n<\/tr>\n<tr>\n<td><span style=\"vertical-align: inherit;\"><span style=\"vertical-align: inherit;\">No. <\/span><\/span><sub><span style=\"vertical-align: inherit;\"><span style=\"vertical-align: inherit;\">1<\/span><\/span><\/sub><\/td>\n<td><span style=\"vertical-align: inherit;\"><span style=\"vertical-align: inherit;\">N <\/span><\/span><sub><span style=\"vertical-align: inherit;\"><span style=\"vertical-align: inherit;\">2<\/span><\/span><\/sub><\/td>\n<td><span style=\"vertical-align: inherit;\"><span style=\"vertical-align: inherit;\">N <\/span><\/span><sub><span style=\"vertical-align: inherit;\"><span style=\"vertical-align: inherit;\">3<\/span><\/span><\/sub><\/td>\n<td><span style=\"vertical-align: inherit;\"><span style=\"vertical-align: inherit;\">N <\/span><\/span><sub><span style=\"vertical-align: inherit;\"><span style=\"vertical-align: inherit;\">4<\/span><\/span><\/sub><\/td>\n<td><span style=\"vertical-align: inherit;\"><span style=\"vertical-align: inherit;\">No. <\/span><\/span><sub><span style=\"vertical-align: inherit;\"><span style=\"vertical-align: inherit;\">5<\/span><\/span><\/sub><\/td>\n<td><span style=\"vertical-align: inherit;\"><span style=\"vertical-align: inherit;\">No. <\/span><\/span><sub><span style=\"vertical-align: inherit;\"><span style=\"vertical-align: inherit;\">6<\/span><\/span><\/sub><\/td>\n<td><span style=\"vertical-align: inherit;\"><span style=\"vertical-align: inherit;\">N <\/span><\/span><sub><span style=\"vertical-align: inherit;\"><span style=\"vertical-align: inherit;\">7<\/span><\/span><\/sub><\/td>\n<td><span style=\"vertical-align: inherit;\"><span style=\"vertical-align: inherit;\">N <\/span><\/span><sub><span style=\"vertical-align: inherit;\"><span style=\"vertical-align: inherit;\">8<\/span><\/span><\/sub><\/td>\n<td><span style=\"vertical-align: inherit;\"><span style=\"vertical-align: inherit;\">N <\/span><\/span><sub><span style=\"vertical-align: inherit;\"><span style=\"vertical-align: inherit;\">9<\/span><\/span><\/sub><\/td>\n<td><span style=\"vertical-align: inherit;\"><span style=\"vertical-align: inherit;\">N <\/span><\/span><sub><span style=\"vertical-align: inherit;\"><span style=\"vertical-align: inherit;\">10<\/span><\/span><\/sub><\/td>\n<td><span style=\"vertical-align: inherit;\"><span style=\"vertical-align: inherit;\">No. <\/span><\/span><sub><span style=\"vertical-align: inherit;\"><span style=\"vertical-align: inherit;\">11<\/span><\/span><\/sub><\/td>\n<td><span style=\"vertical-align: inherit;\"><span style=\"vertical-align: inherit;\">No. <\/span><\/span><sub><span style=\"vertical-align: inherit;\"><span style=\"vertical-align: inherit;\">12<\/span><\/span><\/sub><\/td>\n<td><span style=\"vertical-align: inherit;\"><span style=\"vertical-align: inherit;\">N <\/span><\/span><sub><span style=\"vertical-align: inherit;\"><span style=\"vertical-align: inherit;\">13<\/span><\/span><\/sub><\/td>\n<td><span style=\"vertical-align: inherit;\"><span style=\"vertical-align: inherit;\">N <\/span><\/span><sub><span style=\"vertical-align: inherit;\"><span style=\"vertical-align: inherit;\">14<\/span><\/span><\/sub><\/td>\n<\/tr>\n<\/tbody>\n<\/table>\n<p>[\/vc_column_text][\/vc_column_inner][\/vc_row_inner][\/vc_column][\/vc_row][vc_row][vc_column][vc_separator style=&#8221;solid&#8221;][\/vc_column][\/vc_row]<\/p>\n","protected":false},"excerpt":{"rendered":"<p>[vc_row full_width=&#8221;stretch_row&#8221; disable_element=&#8221;yes&#8221; css=&#8221;.vc_custom_1632778446073{padding-top: 60px !important;padding-bottom: 50px !important;background-color: #f56125 !important;background-position: center !important;background-repeat: no-repeat !important;background-size: cover !important;}&#8221;][vc_column][vc_custom_heading text=&#8221;Identificar: Claves de Identificaci\u00f3n GS1&#8243; font_container=&#8221;tag:h1|text_align:left|color:%23ffffff&#8221; use_theme_fonts=&#8221;yes&#8221;][\/vc_column][\/vc_row][vc_row full_width=&#8221;stretch_row&#8221; css=&#8221;.vc_custom_1632163053668{padding-top: 50px !important;padding-bottom: 50px !important;background-color: #f0f5fa !important;}&#8221;][vc_column][vc_empty_space height=&#8221;30px&#8221;][vc_custom_heading text=&#8221;GTIN: Identificador Mundial de Art\u00edculo Comercial&#8221; font_container=&#8221;tag:h2|font_size:25px|text_align:left|color:%230c2c66&#8243; use_theme_fonts=&#8221;yes&#8221;][vc_row_inner][vc_column_inner width=&#8221;2\/3&#8243;][vc_column_text] El sistema GS1 es un conjunto de est\u00e1ndares que permite la administraci\u00f3n eficiente de [&hellip;]<\/p>\n","protected":false},"author":2,"featured_media":0,"parent":1876,"menu_order":0,"comment_status":"closed","ping_status":"closed","template":"","meta":{"iawp_total_views":682,"footnotes":""},"class_list":["post-1939","page","type-page","status-publish","hentry"],"_links":{"self":[{"href":"https:\/\/gs1ec.org\/contenido\/wp-json\/wp\/v2\/pages\/1939","targetHints":{"allow":["GET"]}}],"collection":[{"href":"https:\/\/gs1ec.org\/contenido\/wp-json\/wp\/v2\/pages"}],"about":[{"href":"https:\/\/gs1ec.org\/contenido\/wp-json\/wp\/v2\/types\/page"}],"author":[{"embeddable":true,"href":"https:\/\/gs1ec.org\/contenido\/wp-json\/wp\/v2\/users\/2"}],"replies":[{"embeddable":true,"href":"https:\/\/gs1ec.org\/contenido\/wp-json\/wp\/v2\/comments?post=1939"}],"version-history":[{"count":24,"href":"https:\/\/gs1ec.org\/contenido\/wp-json\/wp\/v2\/pages\/1939\/revisions"}],"predecessor-version":[{"id":1965,"href":"https:\/\/gs1ec.org\/contenido\/wp-json\/wp\/v2\/pages\/1939\/revisions\/1965"}],"up":[{"embeddable":true,"href":"https:\/\/gs1ec.org\/contenido\/wp-json\/wp\/v2\/pages\/1876"}],"wp:attachment":[{"href":"https:\/\/gs1ec.org\/contenido\/wp-json\/wp\/v2\/media?parent=1939"}],"curies":[{"name":"wp","href":"https:\/\/api.w.org\/{rel}","templated":true}]}}