{"id":1966,"date":"2021-10-04T11:21:01","date_gmt":"2021-10-04T16:21:01","guid":{"rendered":"http:\/\/portalvive.com\/gs11\/?page_id=1966"},"modified":"2021-11-08T10:16:17","modified_gmt":"2021-11-08T15:16:17","slug":"obtenga-su-codigo-de-barras","status":"publish","type":"page","link":"https:\/\/gs1ec.org\/contenido\/obtenga-su-codigo-de-barras\/","title":{"rendered":"Obtenga su c\u00f3digo de barras"},"content":{"rendered":"<p>[vc_row full_width=&#8221;stretch_row&#8221; css=&#8221;.vc_custom_1636384491556{padding-top: 60px !important;padding-bottom: 50px !important;background-image: url(https:\/\/gs1ec.org\/contenido\/wp-content\/uploads\/2021\/10\/bread-codigo.jpg?id=1969) !important;background-position: center !important;background-repeat: no-repeat !important;background-size: cover !important;}&#8221;][vc_column width=&#8221;1\/2&#8243;][vc_custom_heading text=&#8221;Vender un producto comienza con un c\u00f3digo de barras GS1 \/ GTIN&#8221; font_container=&#8221;tag:h1|text_align:left|color:%23ffffff&#8221; use_theme_fonts=&#8221;yes&#8221;][vc_column_text]<span style=\"color: #ffffff; font-size: 20px;\">Todos los productos necesitan un n\u00famero de identificaci\u00f3n \u00fanico de GS1 para poder venderlos en l\u00ednea o en tiendas.<\/span>[\/vc_column_text][\/vc_column][vc_column width=&#8221;1\/2&#8243;][\/vc_column][\/vc_row][vc_row full_width=&#8221;stretch_row&#8221; css=&#8221;.vc_custom_1633367489647{padding-top: 50px !important;padding-bottom: 50px !important;}&#8221;][vc_column][vc_empty_space height=&#8221;30px&#8221;][vc_custom_heading text=&#8221;Los c\u00f3digos de barras GS1 \/ GTIN son necesarios para la mayor\u00eda de los minoristas tradicionales y en l\u00ednea, incluidos Amazon, eBay, Alibaba, Google, Carrefour, Tesco y Walmart.&#8221; font_container=&#8221;tag:h2|font_size:25px|text_align:left|color:%230c2c66&#8243; use_theme_fonts=&#8221;yes&#8221;][vc_row_inner][vc_column_inner width=&#8221;1\/4&#8243;][vc_single_image image=&#8221;1972&#8243; img_size=&#8221;full&#8221; alignment=&#8221;center&#8221;][\/vc_column_inner][vc_column_inner width=&#8221;1\/4&#8243;][vc_single_image image=&#8221;1973&#8243; img_size=&#8221;full&#8221; alignment=&#8221;center&#8221;][\/vc_column_inner][vc_column_inner width=&#8221;1\/4&#8243;][vc_single_image image=&#8221;1974&#8243; img_size=&#8221;full&#8221; alignment=&#8221;center&#8221;][\/vc_column_inner][vc_column_inner width=&#8221;1\/4&#8243;][vc_single_image image=&#8221;1975&#8243; img_size=&#8221;full&#8221; alignment=&#8221;center&#8221;][\/vc_column_inner][\/vc_row_inner][\/vc_column][\/vc_row][vc_row full_width=&#8221;stretch_row&#8221; css=&#8221;.vc_custom_1633366064623{padding-top: 50px !important;padding-bottom: 50px !important;background: #f0f5fa url(http:\/\/portalvive.com\/gs11\/wp-content\/uploads\/2021\/10\/half-codigo-scaled.jpg?id=1977) !important;}&#8221;][vc_column width=&#8221;1\/6&#8243;][\/vc_column][vc_column width=&#8221;2\/3&#8243;][vc_empty_space height=&#8221;30px&#8221;][vc_custom_heading text=&#8221;Los c\u00f3digos de barras GS1 se escanean m\u00e1s de 6 mil millones de veces al d\u00eda, lo que impulsa el comercio en todo el mundo.&#8221; font_container=&#8221;tag:h2|font_size:35px|text_align:left|color:%230c2c66&#8243; use_theme_fonts=&#8221;yes&#8221;][\/vc_column][vc_column width=&#8221;1\/6&#8243;][\/vc_column][\/vc_row][vc_row full_width=&#8221;stretch_row&#8221; css=&#8221;.vc_custom_1633367509733{padding-top: 50px !important;padding-bottom: 50px !important;}&#8221;][vc_column][vc_empty_space height=&#8221;30px&#8221;][vc_custom_heading text=&#8221;GS1 es el \u00fanico proveedor oficial de GS1 GTIN y c\u00f3digos de barras EAN \/ UPC a nivel mundial.&#8221; font_container=&#8221;tag:h2|font_size:25px|text_align:left|color:%230c2c66&#8243; use_theme_fonts=&#8221;yes&#8221;][vc_column_text]Hemos ayudado a las empresas a identificar sus productos desde que se utiliz\u00f3 el primer c\u00f3digo de barras en 1973. Cuando obtiene sus c\u00f3digos de barras de GS1, tambi\u00e9n tiene la tranquilidad de que sus n\u00fameros son \u00fanicos y aut\u00e9nticos dentro del sistema GS1.[\/vc_column_text][\/vc_column][\/vc_row][vc_row][vc_column width=&#8221;1\/3&#8243;]<div class=\"porto-sicon-wrapper style_1\"><div class=\"porto-sicon-box top-icon\" style=\"\"  ><div class=\"porto-sicon-top\"><div id=\"porto-icon-72699932469dfccb5807ca\" class=\"porto-just-icon-wrapper  \"><div class=\"align-icon\" style=\"text-align:center;\">\n<div class=\"porto-sicon-img \" style=\"font-size:100px;display:inline-block;\" >\n\t<img decoding=\"async\" class=\"img-icon\" alt=\"\" src=\"https:\/\/gs1ec.org\/contenido\/wp-content\/uploads\/2021\/10\/earth.png\"\/>\n<\/div><\/div><\/div><\/div><div class=\"porto-sicon-header\" ><h3 class=\"porto-sicon-title\" style=\"font-weight:700;font-size:18px;\"><strong>Haga negocios a nivel mundial<\/strong><\/h3><\/div> <!-- header --><div class=\"porto-sicon-description\" style=\"font-size:14px;\">Como organizaci\u00f3n de est\u00e1ndares globales, nos aseguramos de que nuestros c\u00f3digos de barras GS1 funcionen en todas partes del mundo.<\/div> <!-- description --><\/div> <!-- porto-sicon-box --><\/div>[\/vc_column][vc_column width=&#8221;1\/3&#8243;]<div class=\"porto-sicon-wrapper style_1\"><div class=\"porto-sicon-box top-icon\" style=\"\"  ><div class=\"porto-sicon-top\"><div id=\"porto-icon-36806429069dfccb581c0f\" class=\"porto-just-icon-wrapper  \"><div class=\"align-icon\" style=\"text-align:center;\">\n<div class=\"porto-sicon-img \" style=\"font-size:100px;display:inline-block;\" >\n\t<img decoding=\"async\" class=\"img-icon\" alt=\"\" src=\"https:\/\/gs1ec.org\/contenido\/wp-content\/uploads\/2021\/10\/computer.png\"\/>\n<\/div><\/div><\/div><\/div><div class=\"porto-sicon-header\" ><h3 class=\"porto-sicon-title\" style=\"font-weight:700;font-size:18px;\"><strong>Administre sus c\u00f3digos de barras \/ GTIN en l\u00ednea<\/strong><\/h3><\/div> <!-- header --><div class=\"porto-sicon-description\" style=\"font-size:14px;\">La mayor\u00eda de las oficinas de GS1 ofrecen una herramienta en l\u00ednea gratuita que facilita la creaci\u00f3n y administraci\u00f3n precisa de los GTIN y c\u00f3digos de barras de sus productos.<\/div> <!-- description --><\/div> <!-- porto-sicon-box --><\/div>[\/vc_column][vc_column width=&#8221;1\/3&#8243;]<div class=\"porto-sicon-wrapper style_1\"><div class=\"porto-sicon-box top-icon\" style=\"\"  ><div class=\"porto-sicon-top\"><div id=\"porto-icon-159759029969dfccb582d70\" class=\"porto-just-icon-wrapper  \"><div class=\"align-icon\" style=\"text-align:center;\">\n<div class=\"porto-sicon-img \" style=\"font-size:100px;display:inline-block;\" >\n\t<img decoding=\"async\" class=\"img-icon\" alt=\"\" src=\"https:\/\/gs1ec.org\/contenido\/wp-content\/uploads\/2021\/10\/support.png\"\/>\n<\/div><\/div><\/div><\/div><div class=\"porto-sicon-header\" ><h3 class=\"porto-sicon-title\" style=\"font-weight:700;font-size:18px;\"><strong>Soporte gratuito por tel\u00e9fono o en l\u00ednea<\/strong><\/h3><\/div> <!-- header --><div class=\"porto-sicon-description\" style=\"font-size:14px;\">Nuestro equipo de soporte est\u00e1 aqu\u00ed para ayudarlo en su viaje a medida que su negocio crece.<\/div> <!-- description --><\/div> <!-- porto-sicon-box --><\/div>[\/vc_column][\/vc_row][vc_row full_width=&#8221;stretch_row&#8221; css=&#8221;.vc_custom_1633369111509{padding-top: 100px !important;padding-bottom: 100px !important;background-color: #002c6c !important;}&#8221;][vc_column][vc_custom_heading text=&#8221;\u00bfListo para su c\u00f3digo de barras \/ GTIN?&#8221; font_container=&#8221;tag:h1|text_align:left|color:%23ffffff&#8221; use_theme_fonts=&#8221;yes&#8221;][vc_column_text]<span style=\"color: #ffffff; font-size: 20px;\">Cada oficina GS1 ofrece apoyo y recursos locales.<\/span>[\/vc_column_text][vc_btn title=&#8221;Obtener C\u00f3digo de Barras&#8221; style=&#8221;custom&#8221; custom_background=&#8221;#f56125&#8243; custom_text=&#8221;#ffffff&#8221; size=&#8221;lg&#8221; i_align=&#8221;right&#8221; i_icon_fontawesome=&#8221;fa fa-long-arrow-right&#8221; add_icon=&#8221;true&#8221; link=&#8221;url:https%3A%2F%2Fgs1ec.org%2Fcontenido%2Fsolicitar-codigos-de-barras|||&#8221;][\/vc_column][\/vc_row][vc_row full_width=&#8221;stretch_row&#8221; css=&#8221;.vc_custom_1633369178878{padding-top: 100px !important;padding-bottom: 100px !important;background-color: #f0f5fa !important;}&#8221;][vc_column][vc_custom_heading text=&#8221;Preguntas frecuentes&#8221; font_container=&#8221;tag:h1|text_align:left|color:%23002c6c&#8221; use_theme_fonts=&#8221;yes&#8221;][vc_accordion active_tab=&#8221;&#8221; type=&#8221;custom&#8221; heading_color=&#8221;#002c6c&#8221;][vc_accordion_tab title=&#8221;\u00bfC\u00f3mo aplico los c\u00f3digos de barras a los productos?&#8221;][vc_column_text]Hay varias formas de aplicar un c\u00f3digo de barras a un art\u00edculo. Primero debe convertir los n\u00fameros de c\u00f3digo de barras en una imagen de c\u00f3digo de barras usando un software.<\/p>\n<p>Dependiendo de sus necesidades particulares, puede entonces:<\/p>\n<ul>\n<li>Integre la imagen del c\u00f3digo de barras en el dise\u00f1o y la obra de arte de su empaque<\/li>\n<li>Utilice etiquetas preimpresas<\/li>\n<li>Imprima los c\u00f3digos de barras in situ directamente en el embalaje<\/li>\n<\/ul>\n<p>[\/vc_column_text][\/vc_accordion_tab][vc_accordion_tab title=&#8221;\u00bfTodos los c\u00f3digos de barras son iguales?&#8221;][vc_column_text]Todos los c\u00f3digos de barras representan datos en un formato legible por m\u00e1quina utilizando patrones de diferentes anchos de barras oscuras y espacios claros, pero las similitudes terminan ah\u00ed. Algunos muestran los datos solo usando los diferentes anchos de las barras, algunos tienen solo dos anchos diferentes de barras y espacios, algunos solo pueden representar n\u00fameros, mientras que otros pueden mostrar datos alfanum\u00e9ricos.<\/p>\n<p>Los c\u00f3digos de barras utilizados por el Sistema GS1 han sido, en algunos casos, especialmente dise\u00f1ados para \u00e9l, mientras que otros se han adaptado a los requisitos de los usuarios del Sistema. Todos los c\u00f3digos de barras utilizados por el Sistema GS1 tienen un contenido de datos estandarizado, lo que significa que pueden ser utilizados por cualquier empresa que haya adoptado el Sistema GS1. Los c\u00f3digos de barras GS1 tambi\u00e9n tienen caracter\u00edsticas especiales para garantizar que no se confundan con otros c\u00f3digos de barras.<\/p>\n<p>Los c\u00f3digos de barras utilizados por GS1 incluyen EAN-13, UPC-A, EAN-8, UPC-E, la familia de s\u00edmbolos GS1 DataBar, GS1-128, ITF-14, GS1 DataMatrix, GS1 QR Code y Composite Component.<\/p>\n<p>Para obtener m\u00e1s informaci\u00f3n, haga clic aqu\u00ed: http:\/\/www.gs1.org\/barcodes[\/vc_column_text][\/vc_accordion_tab][vc_accordion_tab title=&#8221;\u00bfLa descripci\u00f3n y el precio del art\u00edculo est\u00e1n incluidos en el c\u00f3digo de barras?&#8221;][vc_column_text]Generalmente no. El c\u00f3digo de barras representa el n\u00famero que simplemente identifica el art\u00edculo de forma \u00fanica. Toda la informaci\u00f3n sobre un producto se guarda en una base de datos inform\u00e1tica. Al escanear el c\u00f3digo de barras, esta informaci\u00f3n (incluida la descripci\u00f3n y el precio) se puede recuperar de la base de datos.<\/p>\n<p>La \u00fanica excepci\u00f3n es el sistema de numeraci\u00f3n especializado dise\u00f1ado para Art\u00edculos Comerciales de Medida Variable Minoristas y n\u00fameros de cupones de descuento que incluyen el precio del art\u00edculo o el valor del cup\u00f3n.[\/vc_column_text][\/vc_accordion_tab][vc_accordion_tab title=&#8221;\u00bfQu\u00e9 es un n\u00famero de art\u00edculo comercial global (GTIN)?&#8221;][vc_column_text]<br \/>\nUn N\u00famero Global de Art\u00edculo Comercial (GTIN) es un n\u00famero \u00fanico que identifica cualquier art\u00edculo comercial predefinido (un producto o servicio) que puede ser tasado, pedido o facturado en cualquier punto de cualquier cadena de suministro. Los art\u00edculos comerciales incluyen todos los servicios y productos, desde las materias primas hasta los productos para el usuario final.<\/p>\n<p>El propietario de la marca, la organizaci\u00f3n que posee las especificaciones del art\u00edculo comercial, independientemente de d\u00f3nde y qui\u00e9n lo fabrica, normalmente es responsable de la asignaci\u00f3n del n\u00famero global de art\u00edculo comercial (GTIN).<\/p>\n<p>Se deben asignar diferentes GTIN a cada producto diferente del que es responsable el propietario de la marca, y se han desarrollado reglas detalladas para ayudar a las empresas a asignarlos correctamente. Para obtener m\u00e1s informaci\u00f3n, consulte las Reglas de administraci\u00f3n de GTIN .<\/p>\n<p>Consulte http:\/\/www.gs1.org\/gtin para obtener m\u00e1s informaci\u00f3n.[\/vc_column_text][\/vc_accordion_tab][\/vc_accordion][\/vc_column][\/vc_row]<\/p>\n","protected":false},"excerpt":{"rendered":"<p>[vc_row full_width=&#8221;stretch_row&#8221; css=&#8221;.vc_custom_1636384491556{padding-top: 60px !important;padding-bottom: 50px !important;background-image: url(https:\/\/gs1ec.org\/contenido\/wp-content\/uploads\/2021\/10\/bread-codigo.jpg?id=1969) !important;background-position: center !important;background-repeat: no-repeat !important;background-size: cover !important;}&#8221;][vc_column width=&#8221;1\/2&#8243;][vc_custom_heading text=&#8221;Vender un producto comienza con un c\u00f3digo de barras GS1 \/ GTIN&#8221; font_container=&#8221;tag:h1|text_align:left|color:%23ffffff&#8221; use_theme_fonts=&#8221;yes&#8221;][vc_column_text]Todos los productos necesitan un n\u00famero de identificaci\u00f3n \u00fanico de GS1 para poder venderlos en l\u00ednea o en tiendas.[\/vc_column_text][\/vc_column][vc_column width=&#8221;1\/2&#8243;][\/vc_column][\/vc_row][vc_row full_width=&#8221;stretch_row&#8221; css=&#8221;.vc_custom_1633367489647{padding-top: 50px !important;padding-bottom: 50px !important;}&#8221;][vc_column][vc_empty_space [&hellip;]<\/p>\n","protected":false},"author":2,"featured_media":0,"parent":0,"menu_order":0,"comment_status":"closed","ping_status":"closed","template":"","meta":{"iawp_total_views":1442,"footnotes":""},"class_list":["post-1966","page","type-page","status-publish","hentry"],"_links":{"self":[{"href":"https:\/\/gs1ec.org\/contenido\/wp-json\/wp\/v2\/pages\/1966","targetHints":{"allow":["GET"]}}],"collection":[{"href":"https:\/\/gs1ec.org\/contenido\/wp-json\/wp\/v2\/pages"}],"about":[{"href":"https:\/\/gs1ec.org\/contenido\/wp-json\/wp\/v2\/types\/page"}],"author":[{"embeddable":true,"href":"https:\/\/gs1ec.org\/contenido\/wp-json\/wp\/v2\/users\/2"}],"replies":[{"embeddable":true,"href":"https:\/\/gs1ec.org\/contenido\/wp-json\/wp\/v2\/comments?post=1966"}],"version-history":[{"count":29,"href":"https:\/\/gs1ec.org\/contenido\/wp-json\/wp\/v2\/pages\/1966\/revisions"}],"predecessor-version":[{"id":1970,"href":"https:\/\/gs1ec.org\/contenido\/wp-json\/wp\/v2\/pages\/1966\/revisions\/1970"}],"wp:attachment":[{"href":"https:\/\/gs1ec.org\/contenido\/wp-json\/wp\/v2\/media?parent=1966"}],"curies":[{"name":"wp","href":"https:\/\/api.w.org\/{rel}","templated":true}]}}