{"id":2003,"date":"2021-10-04T12:59:12","date_gmt":"2021-10-04T17:59:12","guid":{"rendered":"http:\/\/portalvive.com\/gs11\/?page_id=2003"},"modified":"2022-06-08T10:54:37","modified_gmt":"2022-06-08T15:54:37","slug":"gln-identificador-mundial-de-localizacion","status":"publish","type":"page","link":"https:\/\/gs1ec.org\/contenido\/estandares\/estandares-gs1\/identificar\/gln-identificador-mundial-de-localizacion\/","title":{"rendered":"GLN: Identificador Mundial de Localizaci\u00f3n"},"content":{"rendered":"<p>[vc_row full_width=&#8221;stretch_row&#8221; disable_element=&#8221;yes&#8221; css=&#8221;.vc_custom_1632778446073{padding-top: 60px !important;padding-bottom: 50px !important;background-color: #f56125 !important;background-position: center !important;background-repeat: no-repeat !important;background-size: cover !important;}&#8221;][vc_column][vc_custom_heading text=&#8221;Identificar: Claves de Identificaci\u00f3n GS1&#8243; font_container=&#8221;tag:h1|text_align:left|color:%23ffffff&#8221; use_theme_fonts=&#8221;yes&#8221;][\/vc_column][\/vc_row][vc_row full_width=&#8221;stretch_row&#8221; css=&#8221;.vc_custom_1632163053668{padding-top: 50px !important;padding-bottom: 50px !important;background-color: #f0f5fa !important;}&#8221;][vc_column][vc_empty_space height=&#8221;30px&#8221;][vc_custom_heading source=&#8221;post_title&#8221; font_container=&#8221;tag:h2|font_size:25px|text_align:left|color:%230c2c66&#8243; use_theme_fonts=&#8221;yes&#8221;][vc_row_inner][vc_column_inner width=&#8221;2\/3&#8243;][vc_column_text]<\/p>\n<p style=\"text-align: justify;\">El N\u00famero Global de Localizaci\u00f3n (GLN, por sus siglas en ingl\u00e9s) puede ser utilizado por las empresas para identificar sus ubicaciones, d\u00e1ndoles una flexibilidad completa para identificar cualquier tipo de ubicaci\u00f3n requerida.<\/p>\n<p style=\"text-align: justify;\">El GLN est\u00e1 codificado tanto en un C\u00f3digo de Barras o Etiqueta EPC \/ RFID para identificar autom\u00e1ticamente lugares como el almacenamiento en una bodega, el destino de una estiba, o el origen de un producto permitiendo mejorar eficientemente la comunicaci\u00f3n entre socios comerciales y clientes a\u00f1adi\u00e9ndoles valor a sus transacciones y beneficiando a los consumidores.<\/p>\n<p style=\"text-align: justify;\">El GLN es una de las piezas clave de informaci\u00f3n usadas en la Sincronizaci\u00f3n de Datos. La identificaci\u00f3n de las localizaciones es necesaria para permitir un eficiente flujo de mercader\u00edas y de informaciones eficaces entre socios comerciales y a trav\u00e9s de los mensajes EDI y las aplicaciones de captura autom\u00e1tica de datos.<\/p>\n<p>[\/vc_column_text][\/vc_column_inner][vc_column_inner width=&#8221;1\/3&#8243;][vc_single_image image=&#8221;2006&#8243; img_size=&#8221;full&#8221; alignment=&#8221;center&#8221;][\/vc_column_inner][\/vc_row_inner][vc_custom_heading text=&#8221;GLN&#8221; font_container=&#8221;tag:h2|font_size:25px|text_align:left|color:%230c2c66&#8243; use_theme_fonts=&#8221;yes&#8221;][vc_column_text]<\/p>\n<table class=\"table table-striped\">\n<tbody>\n<tr>\n<td colspan=\"12\"><strong><span style=\"vertical-align: inherit;\"><span style=\"vertical-align: inherit;\">Prefijo GS1 \/ Compa\u00f1\u00eda \/ Referencia de ubicaci\u00f3n<\/span><\/span><\/strong><\/td>\n<td><strong><span style=\"vertical-align: inherit;\"><span style=\"vertical-align: inherit;\">Verificando d\u00edgito<\/span><\/span><\/strong><\/td>\n<\/tr>\n<tr>\n<td><span style=\"vertical-align: inherit;\"><span style=\"vertical-align: inherit;\">No. <\/span><\/span><sub><span style=\"vertical-align: inherit;\"><span style=\"vertical-align: inherit;\">1<\/span><\/span><\/sub><\/td>\n<td><span style=\"vertical-align: inherit;\"><span style=\"vertical-align: inherit;\">N <\/span><\/span><sub><span style=\"vertical-align: inherit;\"><span style=\"vertical-align: inherit;\">2<\/span><\/span><\/sub><\/td>\n<td><span style=\"vertical-align: inherit;\"><span style=\"vertical-align: inherit;\">N <\/span><\/span><sub><span style=\"vertical-align: inherit;\"><span style=\"vertical-align: inherit;\">3<\/span><\/span><\/sub><\/td>\n<td><span style=\"vertical-align: inherit;\"><span style=\"vertical-align: inherit;\">N <\/span><\/span><sub><span style=\"vertical-align: inherit;\"><span style=\"vertical-align: inherit;\">4<\/span><\/span><\/sub><\/td>\n<td><span style=\"vertical-align: inherit;\"><span style=\"vertical-align: inherit;\">No. <\/span><\/span><sub><span style=\"vertical-align: inherit;\"><span style=\"vertical-align: inherit;\">5<\/span><\/span><\/sub><\/td>\n<td><span style=\"vertical-align: inherit;\"><span style=\"vertical-align: inherit;\">No. <\/span><\/span><sub><span style=\"vertical-align: inherit;\"><span style=\"vertical-align: inherit;\">6<\/span><\/span><\/sub><\/td>\n<td><span style=\"vertical-align: inherit;\"><span style=\"vertical-align: inherit;\">N <\/span><\/span><sub><span style=\"vertical-align: inherit;\"><span style=\"vertical-align: inherit;\">7<\/span><\/span><\/sub><\/td>\n<td><span style=\"vertical-align: inherit;\"><span style=\"vertical-align: inherit;\">N <\/span><\/span><sub><span style=\"vertical-align: inherit;\"><span style=\"vertical-align: inherit;\">8<\/span><\/span><\/sub><\/td>\n<td><span style=\"vertical-align: inherit;\"><span style=\"vertical-align: inherit;\">N <\/span><\/span><sub><span style=\"vertical-align: inherit;\"><span style=\"vertical-align: inherit;\">9<\/span><\/span><\/sub><\/td>\n<td><span style=\"vertical-align: inherit;\"><span style=\"vertical-align: inherit;\">N <\/span><\/span><sub><span style=\"vertical-align: inherit;\"><span style=\"vertical-align: inherit;\">10<\/span><\/span><\/sub><\/td>\n<td><span style=\"vertical-align: inherit;\"><span style=\"vertical-align: inherit;\">No. <\/span><\/span><sub><span style=\"vertical-align: inherit;\"><span style=\"vertical-align: inherit;\">11<\/span><\/span><\/sub><\/td>\n<td><span style=\"vertical-align: inherit;\"><span style=\"vertical-align: inherit;\">No. <\/span><\/span><sub><span style=\"vertical-align: inherit;\"><span style=\"vertical-align: inherit;\">12<\/span><\/span><\/sub><\/td>\n<td><span style=\"vertical-align: inherit;\"><span style=\"vertical-align: inherit;\">N <\/span><\/span><sub><span style=\"vertical-align: inherit;\"><span style=\"vertical-align: inherit;\">13<\/span><\/span><\/sub><\/td>\n<\/tr>\n<\/tbody>\n<\/table>\n<p>[\/vc_column_text][vc_custom_heading text=&#8221;Beneficios GLN&#8221; font_container=&#8221;tag:h2|font_size:25px|text_align:left|color:%230c2c66&#8243; use_theme_fonts=&#8221;yes&#8221;][vc_column_text]<\/p>\n<p style=\"text-align: justify;\">Una organizaci\u00f3n puede tener su propio sistema de codificaci\u00f3n y estructura para identificar todas las ubicaciones necesarias para sus operaciones. Aunque este sistema puede parecer la soluci\u00f3n m\u00e1s f\u00e1cil y r\u00e1pida, cuando se intercambia informaci\u00f3n entre socios comerciales, pueden surgir varios problemas, tales como:<\/p>\n<p style=\"text-align: justify;\">Duplicaci\u00f3n: dos o m\u00e1s socios pueden utilizar el mismo c\u00f3digo para identificar sus ubicaciones;<br \/>\nComplejidad: los c\u00f3digos internos tendr\u00e1n estructuras y formatos variados, lo que har\u00e1 que las aplicaciones de TI sean m\u00e1s complejas y costosas de cambiar.<br \/>\nEl uso de GLN proporciona a la empresa un m\u00e9todo est\u00e1ndar, tanto interno como externo, para identificar ubicaciones.<\/p>\n<p style=\"text-align: justify;\">\u00danico: con una estructura simple, que facilita el procesamiento de la transmisi\u00f3n de datos;<br \/>\nMultisectorial: las cifras no significativas de GLN permiten la identificaci\u00f3n de cualquier ubicaci\u00f3n y, en consecuencia, de cualquier negocio independientemente de su actividad;<br \/>\nInternacional: Los GLN GS1 son \u00fanicos en todo el mundo, reconocidos y utilizados en m\u00e1s de 100 pa\u00edses. Los GLN son utilizados diariamente por empresas asociadas al Sistema GS1, y principalmente por aquellas que utilizan Mensajes Electr\u00f3nicos GS1EANCOMe \/ o GS1XML y EPCIS.<\/p>\n<p>[\/vc_column_text][vc_row_inner][vc_column_inner][vc_separator style=&#8221;solid&#8221;][\/vc_column_inner][\/vc_row_inner][\/vc_column][\/vc_row]<\/p>\n","protected":false},"excerpt":{"rendered":"<p>[vc_row full_width=&#8221;stretch_row&#8221; disable_element=&#8221;yes&#8221; css=&#8221;.vc_custom_1632778446073{padding-top: 60px !important;padding-bottom: 50px !important;background-color: #f56125 !important;background-position: center !important;background-repeat: no-repeat !important;background-size: cover !important;}&#8221;][vc_column][vc_custom_heading text=&#8221;Identificar: Claves de Identificaci\u00f3n GS1&#8243; font_container=&#8221;tag:h1|text_align:left|color:%23ffffff&#8221; use_theme_fonts=&#8221;yes&#8221;][\/vc_column][\/vc_row][vc_row full_width=&#8221;stretch_row&#8221; css=&#8221;.vc_custom_1632163053668{padding-top: 50px !important;padding-bottom: 50px !important;background-color: #f0f5fa !important;}&#8221;][vc_column][vc_empty_space height=&#8221;30px&#8221;][vc_custom_heading source=&#8221;post_title&#8221; font_container=&#8221;tag:h2|font_size:25px|text_align:left|color:%230c2c66&#8243; use_theme_fonts=&#8221;yes&#8221;][vc_row_inner][vc_column_inner width=&#8221;2\/3&#8243;][vc_column_text] El N\u00famero Global de Localizaci\u00f3n (GLN, por sus siglas en ingl\u00e9s) puede ser utilizado por las empresas para identificar [&hellip;]<\/p>\n","protected":false},"author":2,"featured_media":0,"parent":1876,"menu_order":0,"comment_status":"closed","ping_status":"closed","template":"","meta":{"iawp_total_views":633,"footnotes":""},"class_list":["post-2003","page","type-page","status-publish","hentry"],"_links":{"self":[{"href":"https:\/\/gs1ec.org\/contenido\/wp-json\/wp\/v2\/pages\/2003","targetHints":{"allow":["GET"]}}],"collection":[{"href":"https:\/\/gs1ec.org\/contenido\/wp-json\/wp\/v2\/pages"}],"about":[{"href":"https:\/\/gs1ec.org\/contenido\/wp-json\/wp\/v2\/types\/page"}],"author":[{"embeddable":true,"href":"https:\/\/gs1ec.org\/contenido\/wp-json\/wp\/v2\/users\/2"}],"replies":[{"embeddable":true,"href":"https:\/\/gs1ec.org\/contenido\/wp-json\/wp\/v2\/comments?post=2003"}],"version-history":[{"count":9,"href":"https:\/\/gs1ec.org\/contenido\/wp-json\/wp\/v2\/pages\/2003\/revisions"}],"predecessor-version":[{"id":2013,"href":"https:\/\/gs1ec.org\/contenido\/wp-json\/wp\/v2\/pages\/2003\/revisions\/2013"}],"up":[{"embeddable":true,"href":"https:\/\/gs1ec.org\/contenido\/wp-json\/wp\/v2\/pages\/1876"}],"wp:attachment":[{"href":"https:\/\/gs1ec.org\/contenido\/wp-json\/wp\/v2\/media?parent=2003"}],"curies":[{"name":"wp","href":"https:\/\/api.w.org\/{rel}","templated":true}]}}