{"id":2030,"date":"2021-10-04T15:02:16","date_gmt":"2021-10-04T20:02:16","guid":{"rendered":"http:\/\/portalvive.com\/gs11\/?page_id=2030"},"modified":"2022-06-08T10:57:05","modified_gmt":"2022-06-08T15:57:05","slug":"giai-identificador-mundial-de-activos-fijos","status":"publish","type":"page","link":"https:\/\/gs1ec.org\/contenido\/estandares\/estandares-gs1\/identificar\/giai-identificador-mundial-de-activos-fijos\/","title":{"rendered":"GIAI: Identificador Mundial de Activos Fijos"},"content":{"rendered":"<p>[vc_row full_width=&#8221;stretch_row&#8221; disable_element=&#8221;yes&#8221; css=&#8221;.vc_custom_1632778446073{padding-top: 60px !important;padding-bottom: 50px !important;background-color: #f56125 !important;background-position: center !important;background-repeat: no-repeat !important;background-size: cover !important;}&#8221;][vc_column][vc_custom_heading text=&#8221;Identificar: Claves de Identificaci\u00f3n GS1&#8243; font_container=&#8221;tag:h1|text_align:left|color:%23ffffff&#8221; use_theme_fonts=&#8221;yes&#8221;][\/vc_column][\/vc_row][vc_row full_width=&#8221;stretch_row&#8221; css=&#8221;.vc_custom_1632163053668{padding-top: 50px !important;padding-bottom: 50px !important;background-color: #f0f5fa !important;}&#8221;][vc_column][vc_empty_space height=&#8221;30px&#8221;][vc_custom_heading source=&#8221;post_title&#8221; font_container=&#8221;tag:h2|font_size:25px|text_align:left|color:%230c2c66&#8243; use_theme_fonts=&#8221;yes&#8221;][vc_row_inner][vc_column_inner width=&#8221;2\/3&#8243;][vc_column_text]<\/p>\n<p style=\"text-align: justify;\">El Identificador Global Individual de Activo es uno de las dos llaves GS1 para la identificaci\u00f3n de activos. Las empresas pueden aplicar GIAI sobre cualquier activo para identificar y gestionar ese activo. Esto podr\u00eda ser una computadora, escritorio, veh\u00edculo, equipo de transporte, o una pieza de repuesto, entre otros.<\/p>\n<p style=\"text-align: justify;\">Las empresas que asignan GIAI pueden ser el propietario de los activos o de un arrendamiento financiero o compa\u00f1\u00eda de alquiler. El GIAI puede ser codificado en un c\u00f3digo de barras o etiqueta EPC \/ RFID. Las empresas pueden identificar r\u00e1pidamente el activo individual, y registrar los datos pertinentes, tales como su ubicaci\u00f3n, as\u00ed como las actividades de reparaci\u00f3n y mantenimiento. Aplicado electr\u00f3nicamente GIAI permite a una empresa registrar los activos individuales en la gesti\u00f3n de activos y de los sistemas de contabilidad.<\/p>\n<p>[\/vc_column_text][\/vc_column_inner][vc_column_inner width=&#8221;1\/3&#8243;][vc_single_image image=&#8221;2031&#8243; img_size=&#8221;full&#8221; alignment=&#8221;center&#8221; label=&#8221;&#8221;][\/vc_column_inner][\/vc_row_inner][vc_custom_heading text=&#8221;Estructura&#8221; font_container=&#8221;tag:h2|font_size:25px|text_align:left|color:%230c2c66&#8243; use_theme_fonts=&#8221;yes&#8221;][vc_column_text]<\/p>\n<table class=\"table table-striped\">\n<tbody>\n<tr>\n<td><strong>Prefixo GS1 \/\u00a0Empresa\u00a0\/\u00a0Referencia Individual Activo<\/strong><\/td>\n<td><\/td>\n<\/tr>\n<tr>\n<td>N<sub>1<\/sub>&#8230; N<sub>i<\/sub><\/td>\n<td>X<sub>i+1<\/sub>&#8230; X<sub>j<\/sub> (j&lt;=30)<\/td>\n<\/tr>\n<\/tbody>\n<\/table>\n<p>[\/vc_column_text][vc_row_inner][vc_column_inner][vc_separator style=&#8221;solid&#8221;][\/vc_column_inner][\/vc_row_inner][\/vc_column][\/vc_row]<\/p>\n","protected":false},"excerpt":{"rendered":"<p>[vc_row full_width=&#8221;stretch_row&#8221; disable_element=&#8221;yes&#8221; css=&#8221;.vc_custom_1632778446073{padding-top: 60px !important;padding-bottom: 50px !important;background-color: #f56125 !important;background-position: center !important;background-repeat: no-repeat !important;background-size: cover !important;}&#8221;][vc_column][vc_custom_heading text=&#8221;Identificar: Claves de Identificaci\u00f3n GS1&#8243; font_container=&#8221;tag:h1|text_align:left|color:%23ffffff&#8221; use_theme_fonts=&#8221;yes&#8221;][\/vc_column][\/vc_row][vc_row full_width=&#8221;stretch_row&#8221; css=&#8221;.vc_custom_1632163053668{padding-top: 50px !important;padding-bottom: 50px !important;background-color: #f0f5fa !important;}&#8221;][vc_column][vc_empty_space height=&#8221;30px&#8221;][vc_custom_heading source=&#8221;post_title&#8221; font_container=&#8221;tag:h2|font_size:25px|text_align:left|color:%230c2c66&#8243; use_theme_fonts=&#8221;yes&#8221;][vc_row_inner][vc_column_inner width=&#8221;2\/3&#8243;][vc_column_text] El Identificador Global Individual de Activo es uno de las dos llaves GS1 para la identificaci\u00f3n de activos. Las [&hellip;]<\/p>\n","protected":false},"author":2,"featured_media":0,"parent":1876,"menu_order":0,"comment_status":"closed","ping_status":"closed","template":"","meta":{"iawp_total_views":10,"footnotes":""},"class_list":["post-2030","page","type-page","status-publish","hentry"],"_links":{"self":[{"href":"https:\/\/gs1ec.org\/contenido\/wp-json\/wp\/v2\/pages\/2030","targetHints":{"allow":["GET"]}}],"collection":[{"href":"https:\/\/gs1ec.org\/contenido\/wp-json\/wp\/v2\/pages"}],"about":[{"href":"https:\/\/gs1ec.org\/contenido\/wp-json\/wp\/v2\/types\/page"}],"author":[{"embeddable":true,"href":"https:\/\/gs1ec.org\/contenido\/wp-json\/wp\/v2\/users\/2"}],"replies":[{"embeddable":true,"href":"https:\/\/gs1ec.org\/contenido\/wp-json\/wp\/v2\/comments?post=2030"}],"version-history":[{"count":1,"href":"https:\/\/gs1ec.org\/contenido\/wp-json\/wp\/v2\/pages\/2030\/revisions"}],"predecessor-version":[{"id":2032,"href":"https:\/\/gs1ec.org\/contenido\/wp-json\/wp\/v2\/pages\/2030\/revisions\/2032"}],"up":[{"embeddable":true,"href":"https:\/\/gs1ec.org\/contenido\/wp-json\/wp\/v2\/pages\/1876"}],"wp:attachment":[{"href":"https:\/\/gs1ec.org\/contenido\/wp-json\/wp\/v2\/media?parent=2030"}],"curies":[{"name":"wp","href":"https:\/\/api.w.org\/{rel}","templated":true}]}}