{"id":2033,"date":"2021-10-04T15:05:34","date_gmt":"2021-10-04T20:05:34","guid":{"rendered":"http:\/\/portalvive.com\/gs11\/?page_id=2033"},"modified":"2022-06-08T10:57:33","modified_gmt":"2022-06-08T15:57:33","slug":"gsrn-identificador-mundial-de-relacion-de-servicio","status":"publish","type":"page","link":"https:\/\/gs1ec.org\/contenido\/estandares\/estandares-gs1\/identificar\/gsrn-identificador-mundial-de-relacion-de-servicio\/","title":{"rendered":"GSRN: Identificador Mundial de Relaci\u00f3n de Servicio"},"content":{"rendered":"<p>[vc_row full_width=&#8221;stretch_row&#8221; disable_element=&#8221;yes&#8221; css=&#8221;.vc_custom_1632778446073{padding-top: 60px !important;padding-bottom: 50px !important;background-color: #f56125 !important;background-position: center !important;background-repeat: no-repeat !important;background-size: cover !important;}&#8221;][vc_column][vc_custom_heading text=&#8221;Identificar: Claves de Identificaci\u00f3n GS1&#8243; font_container=&#8221;tag:h1|text_align:left|color:%23ffffff&#8221; use_theme_fonts=&#8221;yes&#8221;][\/vc_column][\/vc_row][vc_row full_width=&#8221;stretch_row&#8221; css=&#8221;.vc_custom_1632163053668{padding-top: 50px !important;padding-bottom: 50px !important;background-color: #f0f5fa !important;}&#8221;][vc_column][vc_empty_space height=&#8221;30px&#8221;][vc_custom_heading source=&#8221;post_title&#8221; font_container=&#8221;tag:h2|font_size:25px|text_align:left|color:%230c2c66&#8243; use_theme_fonts=&#8221;yes&#8221;][vc_row_inner][vc_column_inner width=&#8221;2\/3&#8243;][vc_column_text]<\/p>\n<p style=\"text-align: justify;\">El N\u00famero Global de Relaci\u00f3n de Servicio puede ser utilizado por las organizaciones de servicios para identificar sus relaciones con los proveedores individuales de servicios (por ejemplo, los m\u00e9dicos que trabajan para un hospital) y clientes individuales (tales como los medidores de una compa\u00f1\u00eda el\u00e9ctrica, o la cuenta de fidelidad de un detallista).<\/p>\n<p style=\"text-align: justify;\">Los proveedores y clientes de servicios pueden ser personas f\u00edsicas o empresas. El GSRN puede identificar, ya sea un receptor o un proveedor de servicios, ya que a menudo ambos entes deben ser capturados o grabados simult\u00e1neamente. Por lo tanto, el sistema GS1 permite a los usuarios distinguir entre las dos funciones.<\/p>\n<p>[\/vc_column_text][\/vc_column_inner][vc_column_inner width=&#8221;1\/3&#8243;][vc_single_image image=&#8221;2034&#8243; img_size=&#8221;full&#8221; alignment=&#8221;center&#8221;][\/vc_column_inner][\/vc_row_inner][vc_custom_heading text=&#8221;Estructura&#8221; font_container=&#8221;tag:h2|font_size:25px|text_align:left|color:%230c2c66&#8243; use_theme_fonts=&#8221;yes&#8221;][vc_column_text]<\/p>\n<table class=\"table table-striped\">\n<tbody>\n<tr>\n<td colspan=\"17\"><strong>D\u00edgito Verificador<\/strong><\/td>\n<\/tr>\n<tr>\n<td>N<sub>1<\/sub><\/td>\n<td>N<sub>2<\/sub><\/td>\n<td>N<sub>3<\/sub><\/td>\n<td>N<sub>4<\/sub><\/td>\n<td>N<sub>5<\/sub><\/td>\n<td>N<sub>6<\/sub><\/td>\n<td>N<sub>7<\/sub><\/td>\n<td>N<sub>8<\/sub><\/td>\n<td>N<sub>9<\/sub><\/td>\n<td>N<sub>10<\/sub><\/td>\n<td>N<sub>11<\/sub><\/td>\n<td>N<sub>12<\/sub><\/td>\n<td>N<sub>13<\/sub><\/td>\n<td>N<sub>14<\/sub><\/td>\n<td>N<sub>15<\/sub><\/td>\n<td>N<sub>16<\/sub><\/td>\n<td>N<sub>17<\/sub><\/td>\n<td>N<sub>18<\/sub><\/td>\n<\/tr>\n<\/tbody>\n<\/table>\n<p>[\/vc_column_text][vc_row_inner][vc_column_inner][vc_separator style=&#8221;solid&#8221;][\/vc_column_inner][\/vc_row_inner][\/vc_column][\/vc_row]<\/p>\n","protected":false},"excerpt":{"rendered":"<p>[vc_row full_width=&#8221;stretch_row&#8221; disable_element=&#8221;yes&#8221; css=&#8221;.vc_custom_1632778446073{padding-top: 60px !important;padding-bottom: 50px !important;background-color: #f56125 !important;background-position: center !important;background-repeat: no-repeat !important;background-size: cover !important;}&#8221;][vc_column][vc_custom_heading text=&#8221;Identificar: Claves de Identificaci\u00f3n GS1&#8243; font_container=&#8221;tag:h1|text_align:left|color:%23ffffff&#8221; use_theme_fonts=&#8221;yes&#8221;][\/vc_column][\/vc_row][vc_row full_width=&#8221;stretch_row&#8221; css=&#8221;.vc_custom_1632163053668{padding-top: 50px !important;padding-bottom: 50px !important;background-color: #f0f5fa !important;}&#8221;][vc_column][vc_empty_space height=&#8221;30px&#8221;][vc_custom_heading source=&#8221;post_title&#8221; font_container=&#8221;tag:h2|font_size:25px|text_align:left|color:%230c2c66&#8243; use_theme_fonts=&#8221;yes&#8221;][vc_row_inner][vc_column_inner width=&#8221;2\/3&#8243;][vc_column_text] El N\u00famero Global de Relaci\u00f3n de Servicio puede ser utilizado por las organizaciones de servicios para identificar sus relaciones [&hellip;]<\/p>\n","protected":false},"author":2,"featured_media":0,"parent":1876,"menu_order":0,"comment_status":"closed","ping_status":"closed","template":"","meta":{"iawp_total_views":5,"footnotes":""},"class_list":["post-2033","page","type-page","status-publish","hentry"],"_links":{"self":[{"href":"https:\/\/gs1ec.org\/contenido\/wp-json\/wp\/v2\/pages\/2033","targetHints":{"allow":["GET"]}}],"collection":[{"href":"https:\/\/gs1ec.org\/contenido\/wp-json\/wp\/v2\/pages"}],"about":[{"href":"https:\/\/gs1ec.org\/contenido\/wp-json\/wp\/v2\/types\/page"}],"author":[{"embeddable":true,"href":"https:\/\/gs1ec.org\/contenido\/wp-json\/wp\/v2\/users\/2"}],"replies":[{"embeddable":true,"href":"https:\/\/gs1ec.org\/contenido\/wp-json\/wp\/v2\/comments?post=2033"}],"version-history":[{"count":3,"href":"https:\/\/gs1ec.org\/contenido\/wp-json\/wp\/v2\/pages\/2033\/revisions"}],"predecessor-version":[{"id":2037,"href":"https:\/\/gs1ec.org\/contenido\/wp-json\/wp\/v2\/pages\/2033\/revisions\/2037"}],"up":[{"embeddable":true,"href":"https:\/\/gs1ec.org\/contenido\/wp-json\/wp\/v2\/pages\/1876"}],"wp:attachment":[{"href":"https:\/\/gs1ec.org\/contenido\/wp-json\/wp\/v2\/media?parent=2033"}],"curies":[{"name":"wp","href":"https:\/\/api.w.org\/{rel}","templated":true}]}}