{"id":2038,"date":"2021-10-04T15:11:41","date_gmt":"2021-10-04T20:11:41","guid":{"rendered":"http:\/\/portalvive.com\/gs11\/?page_id=2038"},"modified":"2022-06-08T10:58:04","modified_gmt":"2022-06-08T15:58:04","slug":"gdti-identificador-mundial-de-tipo-de-documento","status":"publish","type":"page","link":"https:\/\/gs1ec.org\/contenido\/estandares\/estandares-gs1\/identificar\/gdti-identificador-mundial-de-tipo-de-documento\/","title":{"rendered":"GDTI: Identificador Mundial de Tipo de Documento"},"content":{"rendered":"<p>[vc_row full_width=&#8221;stretch_row&#8221; disable_element=&#8221;yes&#8221; css=&#8221;.vc_custom_1632778446073{padding-top: 60px !important;padding-bottom: 50px !important;background-color: #f56125 !important;background-position: center !important;background-repeat: no-repeat !important;background-size: cover !important;}&#8221;][vc_column][vc_custom_heading text=&#8221;Identificar: Claves de Identificaci\u00f3n GS1&#8243; font_container=&#8221;tag:h1|text_align:left|color:%23ffffff&#8221; use_theme_fonts=&#8221;yes&#8221;][\/vc_column][\/vc_row][vc_row full_width=&#8221;stretch_row&#8221; css=&#8221;.vc_custom_1632163053668{padding-top: 50px !important;padding-bottom: 50px !important;background-color: #f0f5fa !important;}&#8221;][vc_column][vc_empty_space height=&#8221;30px&#8221;][vc_custom_heading source=&#8221;post_title&#8221; font_container=&#8221;tag:h2|font_size:25px|text_align:left|color:%230c2c66&#8243; use_theme_fonts=&#8221;yes&#8221;][vc_row_inner][vc_column_inner width=&#8221;2\/3&#8243;][vc_column_text]<\/p>\n<p style=\"text-align: justify;\">El Identificador Global de Tipo de Documento puede ser usado para identificar documentos impresos y digitales, incluyendo clases o tipos para cada archivo.<\/p>\n<p style=\"text-align: justify;\">En los casos en que las empresas requieren la identificaci\u00f3n de los documentos individuales, un n\u00famero de serie alfanum\u00e9rico opcional se puede incluir en la GDTI.<\/p>\n<p>[\/vc_column_text][\/vc_column_inner][vc_column_inner width=&#8221;1\/3&#8243;][vc_single_image image=&#8221;2039&#8243; img_size=&#8221;full&#8221; alignment=&#8221;center&#8221; label=&#8221;&#8221;][\/vc_column_inner][\/vc_row_inner][vc_custom_heading text=&#8221;Estructura&#8221; font_container=&#8221;tag:h2|font_size:25px|text_align:left|color:%230c2c66&#8243; use_theme_fonts=&#8221;yes&#8221;][vc_column_text]<\/p>\n<table class=\"table table-striped\">\n<tbody>\n<tr>\n<td colspan=\"12\"><strong>Prefixo GS1 \/ Empresa \/ Referencia de Servicio<\/strong><\/td>\n<td><strong>D\u00edgito Verificador<\/strong><\/td>\n<td><strong>N\u00famero Serial<\/strong><\/td>\n<\/tr>\n<tr>\n<td>N<sub>1<\/sub><\/td>\n<td>N<sub>2<\/sub><\/td>\n<td>N<sub>3<\/sub><\/td>\n<td>N<sub>4<\/sub><\/td>\n<td>N<sub>5<\/sub><\/td>\n<td>N<sub>6<\/sub><\/td>\n<td>N<sub>7<\/sub><\/td>\n<td>N<sub>8<\/sub><\/td>\n<td>N<sub>9<\/sub><\/td>\n<td>N<sub>10<\/sub><\/td>\n<td>N<sub>11<\/sub><\/td>\n<td>N<sub>12<\/sub><\/td>\n<td>N<sub>13<\/sub><\/td>\n<td>N<sub>1<\/sub> vari\u00e1vel N<sub>17<\/sub><\/td>\n<\/tr>\n<\/tbody>\n<\/table>\n<p>[\/vc_column_text][vc_row_inner][vc_column_inner][vc_separator style=&#8221;solid&#8221;][\/vc_column_inner][\/vc_row_inner][\/vc_column][\/vc_row]<\/p>\n","protected":false},"excerpt":{"rendered":"<p>[vc_row full_width=&#8221;stretch_row&#8221; disable_element=&#8221;yes&#8221; css=&#8221;.vc_custom_1632778446073{padding-top: 60px !important;padding-bottom: 50px !important;background-color: #f56125 !important;background-position: center !important;background-repeat: no-repeat !important;background-size: cover !important;}&#8221;][vc_column][vc_custom_heading text=&#8221;Identificar: Claves de Identificaci\u00f3n GS1&#8243; font_container=&#8221;tag:h1|text_align:left|color:%23ffffff&#8221; use_theme_fonts=&#8221;yes&#8221;][\/vc_column][\/vc_row][vc_row full_width=&#8221;stretch_row&#8221; css=&#8221;.vc_custom_1632163053668{padding-top: 50px !important;padding-bottom: 50px !important;background-color: #f0f5fa !important;}&#8221;][vc_column][vc_empty_space height=&#8221;30px&#8221;][vc_custom_heading source=&#8221;post_title&#8221; font_container=&#8221;tag:h2|font_size:25px|text_align:left|color:%230c2c66&#8243; use_theme_fonts=&#8221;yes&#8221;][vc_row_inner][vc_column_inner width=&#8221;2\/3&#8243;][vc_column_text] El Identificador Global de Tipo de Documento puede ser usado para identificar documentos impresos y digitales, incluyendo clases o [&hellip;]<\/p>\n","protected":false},"author":2,"featured_media":0,"parent":1876,"menu_order":0,"comment_status":"closed","ping_status":"closed","template":"","meta":{"iawp_total_views":11,"footnotes":""},"class_list":["post-2038","page","type-page","status-publish","hentry"],"_links":{"self":[{"href":"https:\/\/gs1ec.org\/contenido\/wp-json\/wp\/v2\/pages\/2038","targetHints":{"allow":["GET"]}}],"collection":[{"href":"https:\/\/gs1ec.org\/contenido\/wp-json\/wp\/v2\/pages"}],"about":[{"href":"https:\/\/gs1ec.org\/contenido\/wp-json\/wp\/v2\/types\/page"}],"author":[{"embeddable":true,"href":"https:\/\/gs1ec.org\/contenido\/wp-json\/wp\/v2\/users\/2"}],"replies":[{"embeddable":true,"href":"https:\/\/gs1ec.org\/contenido\/wp-json\/wp\/v2\/comments?post=2038"}],"version-history":[{"count":1,"href":"https:\/\/gs1ec.org\/contenido\/wp-json\/wp\/v2\/pages\/2038\/revisions"}],"predecessor-version":[{"id":2040,"href":"https:\/\/gs1ec.org\/contenido\/wp-json\/wp\/v2\/pages\/2038\/revisions\/2040"}],"up":[{"embeddable":true,"href":"https:\/\/gs1ec.org\/contenido\/wp-json\/wp\/v2\/pages\/1876"}],"wp:attachment":[{"href":"https:\/\/gs1ec.org\/contenido\/wp-json\/wp\/v2\/media?parent=2038"}],"curies":[{"name":"wp","href":"https:\/\/api.w.org\/{rel}","templated":true}]}}