{"id":2045,"date":"2021-10-04T15:24:29","date_gmt":"2021-10-04T20:24:29","guid":{"rendered":"http:\/\/portalvive.com\/gs11\/?page_id=2045"},"modified":"2022-06-08T10:59:37","modified_gmt":"2022-06-08T15:59:37","slug":"gcn-numero-mundial-de-cupon","status":"publish","type":"page","link":"https:\/\/gs1ec.org\/contenido\/estandares\/estandares-gs1\/identificar\/gcn-numero-mundial-de-cupon\/","title":{"rendered":"GCN: N\u00famero Mundial de Cup\u00f3n"},"content":{"rendered":"<p>[vc_row full_width=&#8221;stretch_row&#8221; disable_element=&#8221;yes&#8221; css=&#8221;.vc_custom_1632778446073{padding-top: 60px !important;padding-bottom: 50px !important;background-color: #f56125 !important;background-position: center !important;background-repeat: no-repeat !important;background-size: cover !important;}&#8221;][vc_column][vc_custom_heading text=&#8221;Identificar: Claves de Identificaci\u00f3n GS1&#8243; font_container=&#8221;tag:h1|text_align:left|color:%23ffffff&#8221; use_theme_fonts=&#8221;yes&#8221;][\/vc_column][\/vc_row][vc_row full_width=&#8221;stretch_row&#8221; css=&#8221;.vc_custom_1632163053668{padding-top: 50px !important;padding-bottom: 50px !important;background-color: #f0f5fa !important;}&#8221;][vc_column][vc_empty_space height=&#8221;30px&#8221;][vc_custom_heading source=&#8221;post_title&#8221; font_container=&#8221;tag:h2|font_size:25px|text_align:left|color:%230c2c66&#8243; use_theme_fonts=&#8221;yes&#8221;][vc_row_inner][vc_column_inner width=&#8221;2\/3&#8243;][vc_column_text]<\/p>\n<p style=\"text-align: justify;\">El N\u00famero Global de Cup\u00f3n habilita a las compa\u00f1\u00edas a identificar un cup\u00f3n digital \u2013 boleta, documento o presentaci\u00f3n electr\u00f3nica que puede ser intercambiada para obtener un descuento o puntos de lealtad al realizar una compra.<\/p>\n<p style=\"text-align: justify;\">El GCN proporciona a las empresas un identificador que se pueden utilizar para recuperar la informaci\u00f3n contenida en una base de datos asociada con el cup\u00f3n; por ejemplo, utilizado para comprobar la validez de la oferta promocional, recuperar las condiciones relacionadas con la oferta promocional, y en algunos casos, para confirmar que el cup\u00f3n no se ha utilizado.<\/p>\n<p>[\/vc_column_text][\/vc_column_inner][vc_column_inner width=&#8221;1\/3&#8243;][vc_single_image image=&#8221;2046&#8243; img_size=&#8221;full&#8221; alignment=&#8221;center&#8221; label=&#8221;&#8221;][\/vc_column_inner][\/vc_row_inner][vc_custom_heading text=&#8221;Estructura&#8221; font_container=&#8221;tag:h2|font_size:25px|text_align:left|color:%230c2c66&#8243; use_theme_fonts=&#8221;yes&#8221;][vc_column_text]<\/p>\n<table class=\"table table-bordered \" style=\"width: 1177px;\">\n<tbody>\n<tr>\n<th colspan=\"1\">\u200bIdentificador de Aplicaciones<\/th>\n<th colspan=\"12\">Prefixo GS1 &gt;&gt;&gt;\u00a0 &lt;&lt;&lt; Referencia de Cupones\u200b<\/th>\n<th>D\u00edgito Verificador<\/th>\n<th style=\"width: 100px;\" colspan=\"1\">\u200bN\u00famero de S\u00e9rie (opcional)<\/th>\n<\/tr>\n<tr>\n<td colspan=\"1\">\u200b2\u00a0 \u00a0 5\u00a0 \u00a0 5<\/td>\n<td>N1<\/td>\n<td>N2<\/td>\n<td>N3<\/td>\n<td>N4<\/td>\n<td>N5<\/td>\n<td>N6<\/td>\n<td>N7<\/td>\n<td>N8<\/td>\n<td>N9<\/td>\n<td>N10<\/td>\n<td>N11<\/td>\n<td>N12<\/td>\n<td>N13<\/td>\n<td style=\"width: 100px;\" colspan=\"1\">\u200bN1 &gt;&gt;&gt; Comprimento vari\u00e1vel &lt;&lt;&lt; N12<\/td>\n<\/tr>\n<\/tbody>\n<\/table>\n<p>[\/vc_column_text][vc_row_inner][vc_column_inner][vc_separator style=&#8221;solid&#8221;][\/vc_column_inner][\/vc_row_inner][\/vc_column][\/vc_row]<\/p>\n","protected":false},"excerpt":{"rendered":"<p>[vc_row full_width=&#8221;stretch_row&#8221; disable_element=&#8221;yes&#8221; css=&#8221;.vc_custom_1632778446073{padding-top: 60px !important;padding-bottom: 50px !important;background-color: #f56125 !important;background-position: center !important;background-repeat: no-repeat !important;background-size: cover !important;}&#8221;][vc_column][vc_custom_heading text=&#8221;Identificar: Claves de Identificaci\u00f3n GS1&#8243; font_container=&#8221;tag:h1|text_align:left|color:%23ffffff&#8221; use_theme_fonts=&#8221;yes&#8221;][\/vc_column][\/vc_row][vc_row full_width=&#8221;stretch_row&#8221; css=&#8221;.vc_custom_1632163053668{padding-top: 50px !important;padding-bottom: 50px !important;background-color: #f0f5fa !important;}&#8221;][vc_column][vc_empty_space height=&#8221;30px&#8221;][vc_custom_heading source=&#8221;post_title&#8221; font_container=&#8221;tag:h2|font_size:25px|text_align:left|color:%230c2c66&#8243; use_theme_fonts=&#8221;yes&#8221;][vc_row_inner][vc_column_inner width=&#8221;2\/3&#8243;][vc_column_text] El N\u00famero Global de Cup\u00f3n habilita a las compa\u00f1\u00edas a identificar un cup\u00f3n digital \u2013 boleta, documento o presentaci\u00f3n [&hellip;]<\/p>\n","protected":false},"author":2,"featured_media":0,"parent":1876,"menu_order":0,"comment_status":"closed","ping_status":"closed","template":"","meta":{"iawp_total_views":1,"footnotes":""},"class_list":["post-2045","page","type-page","status-publish","hentry"],"_links":{"self":[{"href":"https:\/\/gs1ec.org\/contenido\/wp-json\/wp\/v2\/pages\/2045","targetHints":{"allow":["GET"]}}],"collection":[{"href":"https:\/\/gs1ec.org\/contenido\/wp-json\/wp\/v2\/pages"}],"about":[{"href":"https:\/\/gs1ec.org\/contenido\/wp-json\/wp\/v2\/types\/page"}],"author":[{"embeddable":true,"href":"https:\/\/gs1ec.org\/contenido\/wp-json\/wp\/v2\/users\/2"}],"replies":[{"embeddable":true,"href":"https:\/\/gs1ec.org\/contenido\/wp-json\/wp\/v2\/comments?post=2045"}],"version-history":[{"count":2,"href":"https:\/\/gs1ec.org\/contenido\/wp-json\/wp\/v2\/pages\/2045\/revisions"}],"predecessor-version":[{"id":2048,"href":"https:\/\/gs1ec.org\/contenido\/wp-json\/wp\/v2\/pages\/2045\/revisions\/2048"}],"up":[{"embeddable":true,"href":"https:\/\/gs1ec.org\/contenido\/wp-json\/wp\/v2\/pages\/1876"}],"wp:attachment":[{"href":"https:\/\/gs1ec.org\/contenido\/wp-json\/wp\/v2\/media?parent=2045"}],"curies":[{"name":"wp","href":"https:\/\/api.w.org\/{rel}","templated":true}]}}