{"id":2071,"date":"2021-10-04T16:24:24","date_gmt":"2021-10-04T21:24:24","guid":{"rendered":"http:\/\/portalvive.com\/gs11\/?page_id=2071"},"modified":"2022-06-08T11:03:00","modified_gmt":"2022-06-08T16:03:00","slug":"gs1-databar-codigos-de-barras-unidimensionales-1d-compactos","status":"publish","type":"page","link":"https:\/\/gs1ec.org\/contenido\/estandares\/estandares-gs1\/capturar\/gs1-databar-codigos-de-barras-unidimensionales-1d-compactos\/","title":{"rendered":"GS1 DataBar: C\u00f3digos de Barras unidimensionales (1D) compactos"},"content":{"rendered":"<p>[vc_row full_width=&#8221;stretch_row&#8221; css=&#8221;.vc_custom_1637186182430{padding-top: 60px !important;padding-bottom: 50px !important;background-image: url(https:\/\/gs1ec.org\/contenido\/wp-content\/uploads\/2021\/11\/bread-cod-bar-01.jpg?id=2408) !important;background-position: center !important;background-repeat: no-repeat !important;background-size: cover !important;}&#8221;][vc_column][vc_custom_heading source=&#8221;post_title&#8221; font_container=&#8221;tag:h1|text_align:left|color:%23ffffff&#8221; use_theme_fonts=&#8221;yes&#8221;][\/vc_column][\/vc_row][vc_row full_width=&#8221;stretch_row&#8221; css=&#8221;.vc_custom_1632163053668{padding-top: 50px !important;padding-bottom: 50px !important;background-color: #f0f5fa !important;}&#8221;][vc_column][vc_empty_space height=&#8221;30px&#8221;][vc_custom_heading source=&#8221;post_title&#8221; font_container=&#8221;tag:h2|font_size:25px|text_align:left|color:%230c2c66&#8243; use_theme_fonts=&#8221;yes&#8221;][vc_row_inner][vc_column_inner][vc_column_text]<\/p>\n<p style=\"text-align: justify;\">GS1 DataBar (anteriormente conocido como S\u00edmbolo de Espacio Reducido o RSS) es un nuevo c\u00f3digo de barras utilizado en el punto de venta que se incorpora a la familia de c\u00f3digos de barras EAN\/UPC para facilitar la identificaci\u00f3n de productos. Es utilizado para productos perecederos gracias a que permite almacenar informaci\u00f3n como peso, n\u00famero de lote, fecha de caducidad, entre otros.<\/p>\n<p style=\"text-align: justify;\">GS1 DataBar permite que el GTIN (N\u00famero Mundial de Art\u00edculo Comercial) identifique los peque\u00f1os productos de consumo dif\u00edciles de marcar tales como alimentos frescos, joyas y productos listos para armar, y adem\u00e1s permiten transportar informaci\u00f3n adicional como peso, fecha de vencimiento y n\u00fameros de lote.<\/p>\n<p style=\"text-align: justify;\">GS1 DataBar no s\u00f3lo aumenta el porcentaje de productos que puede ser identificado de manera autom\u00e1tica en el punto de venta, sino tambi\u00e9n soluciona problemas comerciales de hoy tales como la autentificaci\u00f3n de productos y la trazabilidad, la calidad y efectividad, la identificaci\u00f3n de productos de medida variable y cupones.<\/p>\n<p style=\"text-align: justify;\">Este c\u00f3digo de barras permite marcar productos peque\u00f1os y transportar otros datos adem\u00e1s de su identificaci\u00f3n b\u00e1sica. Debido a estas caracter\u00edsticas, GS1 DataBar abre nuevas posibilidades para la administraci\u00f3n de los productos frescos utilizando las herramientas de identificaci\u00f3n que se emplean con los Productos de Consumo de alta rotaci\u00f3n. Para m\u00e1s informaci\u00f3n y conocer todas las simbolog\u00edas del GS1 DataBar, cont\u00e1ctese con GS1 Ecuador.<\/p>\n<p>[\/vc_column_text][\/vc_column_inner][\/vc_row_inner][vc_row_inner][vc_column_inner][vc_separator style=&#8221;solid&#8221;][\/vc_column_inner][\/vc_row_inner][vc_row_inner][vc_column_inner width=&#8221;2\/3&#8243;][vc_custom_heading text=&#8221;DataBar Omnidireccional&#8221; font_container=&#8221;tag:h2|font_size:25px|text_align:left|color:%230c2c66&#8243; use_theme_fonts=&#8221;yes&#8221;][vc_column_text]S\u00edmbolo de identificaci\u00f3n:]EO<br \/>\nCapacidad: 14 n\u00fameros<br \/>\nOmnidireccional<br \/>\nAdmite GTIN, GNC<br \/>\nNo es compatible con atributos[\/vc_column_text][\/vc_column_inner][vc_column_inner width=&#8221;1\/3&#8243;][vc_single_image image=&#8221;2074&#8243; img_size=&#8221;full&#8221; alignment=&#8221;center&#8221;][\/vc_column_inner][\/vc_row_inner][vc_separator style=&#8221;solid&#8221;][vc_row_inner][vc_column_inner width=&#8221;2\/3&#8243;][vc_custom_heading text=&#8221;DataBar Agrupado Omnidireccional&#8221; font_container=&#8221;tag:h2|font_size:25px|text_align:left|color:%230c2c66&#8243; use_theme_fonts=&#8221;yes&#8221;][vc_column_text]S\u00edmbolo de identificaci\u00f3n:]EO<br \/>\nCapacidad: 14 n\u00fameros<br \/>\nOmnidireccional<br \/>\nAdmite GTIN, GNC<br \/>\nNo es compatible con atributos[\/vc_column_text][\/vc_column_inner][vc_column_inner width=&#8221;1\/3&#8243;][vc_single_image image=&#8221;2075&#8243; img_size=&#8221;full&#8221; alignment=&#8221;center&#8221;][\/vc_column_inner][\/vc_row_inner][vc_separator style=&#8221;solid&#8221;][vc_row_inner][vc_column_inner width=&#8221;2\/3&#8243;][vc_custom_heading text=&#8221;DataBar Agrupado Extendido&#8221; font_container=&#8221;tag:h2|font_size:25px|text_align:left|color:%230c2c66&#8243; use_theme_fonts=&#8221;yes&#8221;][vc_column_text]S\u00edmbolo de identificaci\u00f3n:]EO<br \/>\nCapacidad: M\u00e1ximo 74 n\u00fameros \/ 41 alfanum\u00e9rico<br \/>\nOmnidireccional<br \/>\nAdmite GTIN, GNC<br \/>\nCompatible con atributos[\/vc_column_text][\/vc_column_inner][vc_column_inner width=&#8221;1\/3&#8243;][vc_single_image image=&#8221;2076&#8243; img_size=&#8221;full&#8221; alignment=&#8221;center&#8221;][\/vc_column_inner][\/vc_row_inner][vc_separator style=&#8221;solid&#8221;][vc_row_inner][vc_column_inner width=&#8221;2\/3&#8243;][vc_custom_heading text=&#8221;DataBar Expandido&#8221; font_container=&#8221;tag:h2|font_size:25px|text_align:left|color:%230c2c66&#8243; use_theme_fonts=&#8221;yes&#8221;][vc_column_text]S\u00edmbolo de identificaci\u00f3n:]E0<br \/>\nCapacidad: 12 n\u00fameros, ceros suprimidos<br \/>\nOmnidireccional<br \/>\nAdmite GTIN-12<br \/>\nNo es compatible con atributos[\/vc_column_text][\/vc_column_inner][vc_column_inner width=&#8221;1\/3&#8243;][vc_single_image image=&#8221;2077&#8243; img_size=&#8221;full&#8221; alignment=&#8221;center&#8221;][\/vc_column_inner][\/vc_row_inner][\/vc_column][\/vc_row]<\/p>\n","protected":false},"excerpt":{"rendered":"<p>[vc_row full_width=&#8221;stretch_row&#8221; css=&#8221;.vc_custom_1637186182430{padding-top: 60px !important;padding-bottom: 50px !important;background-image: url(https:\/\/gs1ec.org\/contenido\/wp-content\/uploads\/2021\/11\/bread-cod-bar-01.jpg?id=2408) !important;background-position: center !important;background-repeat: no-repeat !important;background-size: cover !important;}&#8221;][vc_column][vc_custom_heading source=&#8221;post_title&#8221; font_container=&#8221;tag:h1|text_align:left|color:%23ffffff&#8221; use_theme_fonts=&#8221;yes&#8221;][\/vc_column][\/vc_row][vc_row full_width=&#8221;stretch_row&#8221; css=&#8221;.vc_custom_1632163053668{padding-top: 50px !important;padding-bottom: 50px !important;background-color: #f0f5fa !important;}&#8221;][vc_column][vc_empty_space height=&#8221;30px&#8221;][vc_custom_heading source=&#8221;post_title&#8221; font_container=&#8221;tag:h2|font_size:25px|text_align:left|color:%230c2c66&#8243; use_theme_fonts=&#8221;yes&#8221;][vc_row_inner][vc_column_inner][vc_column_text] GS1 DataBar (anteriormente conocido como S\u00edmbolo de Espacio Reducido o RSS) es un nuevo c\u00f3digo de barras utilizado en el punto de venta que se [&hellip;]<\/p>\n","protected":false},"author":2,"featured_media":0,"parent":1921,"menu_order":0,"comment_status":"closed","ping_status":"closed","template":"","meta":{"iawp_total_views":28,"footnotes":""},"class_list":["post-2071","page","type-page","status-publish","hentry"],"_links":{"self":[{"href":"https:\/\/gs1ec.org\/contenido\/wp-json\/wp\/v2\/pages\/2071","targetHints":{"allow":["GET"]}}],"collection":[{"href":"https:\/\/gs1ec.org\/contenido\/wp-json\/wp\/v2\/pages"}],"about":[{"href":"https:\/\/gs1ec.org\/contenido\/wp-json\/wp\/v2\/types\/page"}],"author":[{"embeddable":true,"href":"https:\/\/gs1ec.org\/contenido\/wp-json\/wp\/v2\/users\/2"}],"replies":[{"embeddable":true,"href":"https:\/\/gs1ec.org\/contenido\/wp-json\/wp\/v2\/comments?post=2071"}],"version-history":[{"count":4,"href":"https:\/\/gs1ec.org\/contenido\/wp-json\/wp\/v2\/pages\/2071\/revisions"}],"predecessor-version":[{"id":2412,"href":"https:\/\/gs1ec.org\/contenido\/wp-json\/wp\/v2\/pages\/2071\/revisions\/2412"}],"up":[{"embeddable":true,"href":"https:\/\/gs1ec.org\/contenido\/wp-json\/wp\/v2\/pages\/1921"}],"wp:attachment":[{"href":"https:\/\/gs1ec.org\/contenido\/wp-json\/wp\/v2\/media?parent=2071"}],"curies":[{"name":"wp","href":"https:\/\/api.w.org\/{rel}","templated":true}]}}