{"id":2093,"date":"2021-10-04T16:57:29","date_gmt":"2021-10-04T21:57:29","guid":{"rendered":"http:\/\/portalvive.com\/gs11\/?page_id=2093"},"modified":"2022-06-08T11:04:49","modified_gmt":"2022-06-08T16:04:49","slug":"epc-rfid-codigo-electronico-de-producto","status":"publish","type":"page","link":"https:\/\/gs1ec.org\/contenido\/estandares\/estandares-gs1\/capturar\/epc-rfid-codigo-electronico-de-producto\/","title":{"rendered":"EPC\/RFID: C\u00f3digo Electr\u00f3nico de Producto"},"content":{"rendered":"<p>[vc_row full_width=&#8221;stretch_row&#8221; css=&#8221;.vc_custom_1637187903215{padding-top: 60px !important;padding-bottom: 50px !important;background-image: url(https:\/\/gs1ec.org\/contenido\/wp-content\/uploads\/2021\/11\/bread-cod-bar-01.jpg?id=2408) !important;background-position: center !important;background-repeat: no-repeat !important;background-size: cover !important;}&#8221;][vc_column][vc_custom_heading source=&#8221;post_title&#8221; font_container=&#8221;tag:h1|text_align:left|color:%23ffffff&#8221; use_theme_fonts=&#8221;yes&#8221;][\/vc_column][\/vc_row][vc_row full_width=&#8221;stretch_row&#8221; css=&#8221;.vc_custom_1632163053668{padding-top: 50px !important;padding-bottom: 50px !important;background-color: #f0f5fa !important;}&#8221;][vc_column][vc_empty_space height=&#8221;30px&#8221;][vc_custom_heading source=&#8221;post_title&#8221; font_container=&#8221;tag:h2|font_size:25px|text_align:left|color:%230c2c66&#8243; use_theme_fonts=&#8221;yes&#8221;][vc_row_inner][vc_column_inner][vc_column_text]<\/p>\n<p style=\"text-align: justify;\">El C\u00f3digo Electr\u00f3nico de Producto \u2122 (EPC) es la evoluci\u00f3n del c\u00f3digo de barras ya que utiliza la tecnolog\u00eda RFID para identificar de manera \u00fanica a los productos en sus distintas unidades de empaque agregando un n\u00famero de serie a la informaci\u00f3n sobre su tipo y fabricante.<\/p>\n<p style=\"text-align: justify;\">Al igual que el c\u00f3digo de barras, el c\u00f3digo electr\u00f3nico de producto es un n\u00famero \u00fanico est\u00e1ndar que identifica a un art\u00edculo espec\u00edfico en la cadena de abastecimiento. El EPC se almacena en una etiqueta de que combina un chip de silic\u00f3n y una antena que a trav\u00e9s de tecnolog\u00eda RFID transmite la informaci\u00f3n a los sistemas inform\u00e1ticos.<\/p>\n<p>[\/vc_column_text][\/vc_column_inner][\/vc_row_inner][vc_row_inner][vc_column_inner][vc_separator style=&#8221;solid&#8221;][\/vc_column_inner][\/vc_row_inner][vc_row_inner disable_element=&#8221;yes&#8221;][vc_column_inner width=&#8221;2\/3&#8243;][vc_custom_heading text=&#8221;GS1 Data Matrix&#8221; font_container=&#8221;tag:h2|font_size:25px|text_align:left|color:%230c2c66&#8243; use_theme_fonts=&#8221;yes&#8221;][vc_column_text]S\u00edmbolo de identificaci\u00f3n:]d2<br \/>\nCapacidad: 3116 n\u00fameros, 2335 alfanum\u00e9rica<br \/>\nOmnidireccional<br \/>\nAdmite todas las llaves<br \/>\nCompatible con atributos[\/vc_column_text][\/vc_column_inner][vc_column_inner width=&#8221;1\/3&#8243;][vc_single_image image=&#8221;2089&#8243; img_size=&#8221;full&#8221; alignment=&#8221;center&#8221;][\/vc_column_inner][\/vc_row_inner][\/vc_column][\/vc_row]<\/p>\n","protected":false},"excerpt":{"rendered":"<p>[vc_row full_width=&#8221;stretch_row&#8221; css=&#8221;.vc_custom_1637187903215{padding-top: 60px !important;padding-bottom: 50px !important;background-image: url(https:\/\/gs1ec.org\/contenido\/wp-content\/uploads\/2021\/11\/bread-cod-bar-01.jpg?id=2408) !important;background-position: center !important;background-repeat: no-repeat !important;background-size: cover !important;}&#8221;][vc_column][vc_custom_heading source=&#8221;post_title&#8221; font_container=&#8221;tag:h1|text_align:left|color:%23ffffff&#8221; use_theme_fonts=&#8221;yes&#8221;][\/vc_column][\/vc_row][vc_row full_width=&#8221;stretch_row&#8221; css=&#8221;.vc_custom_1632163053668{padding-top: 50px !important;padding-bottom: 50px !important;background-color: #f0f5fa !important;}&#8221;][vc_column][vc_empty_space height=&#8221;30px&#8221;][vc_custom_heading source=&#8221;post_title&#8221; font_container=&#8221;tag:h2|font_size:25px|text_align:left|color:%230c2c66&#8243; use_theme_fonts=&#8221;yes&#8221;][vc_row_inner][vc_column_inner][vc_column_text] El C\u00f3digo Electr\u00f3nico de Producto \u2122 (EPC) es la evoluci\u00f3n del c\u00f3digo de barras ya que utiliza la tecnolog\u00eda RFID para identificar de manera \u00fanica [&hellip;]<\/p>\n","protected":false},"author":2,"featured_media":0,"parent":1921,"menu_order":0,"comment_status":"closed","ping_status":"closed","template":"","meta":{"iawp_total_views":44,"footnotes":""},"class_list":["post-2093","page","type-page","status-publish","hentry"],"_links":{"self":[{"href":"https:\/\/gs1ec.org\/contenido\/wp-json\/wp\/v2\/pages\/2093","targetHints":{"allow":["GET"]}}],"collection":[{"href":"https:\/\/gs1ec.org\/contenido\/wp-json\/wp\/v2\/pages"}],"about":[{"href":"https:\/\/gs1ec.org\/contenido\/wp-json\/wp\/v2\/types\/page"}],"author":[{"embeddable":true,"href":"https:\/\/gs1ec.org\/contenido\/wp-json\/wp\/v2\/users\/2"}],"replies":[{"embeddable":true,"href":"https:\/\/gs1ec.org\/contenido\/wp-json\/wp\/v2\/comments?post=2093"}],"version-history":[{"count":3,"href":"https:\/\/gs1ec.org\/contenido\/wp-json\/wp\/v2\/pages\/2093\/revisions"}],"predecessor-version":[{"id":2420,"href":"https:\/\/gs1ec.org\/contenido\/wp-json\/wp\/v2\/pages\/2093\/revisions\/2420"}],"up":[{"embeddable":true,"href":"https:\/\/gs1ec.org\/contenido\/wp-json\/wp\/v2\/pages\/1921"}],"wp:attachment":[{"href":"https:\/\/gs1ec.org\/contenido\/wp-json\/wp\/v2\/media?parent=2093"}],"curies":[{"name":"wp","href":"https:\/\/api.w.org\/{rel}","templated":true}]}}