{"id":2097,"date":"2021-10-04T17:04:49","date_gmt":"2021-10-04T22:04:49","guid":{"rendered":"http:\/\/portalvive.com\/gs11\/?page_id=2097"},"modified":"2022-06-08T11:05:50","modified_gmt":"2022-06-08T16:05:50","slug":"gs1-xml","status":"publish","type":"page","link":"https:\/\/gs1ec.org\/contenido\/estandares\/estandares-gs1\/compartir\/gs1-xml\/","title":{"rendered":"GS1 XML"},"content":{"rendered":"<p>[vc_row full_width=&#8221;stretch_row&#8221; css=&#8221;.vc_custom_1637188824439{padding-top: 60px !important;padding-bottom: 50px !important;background-image: url(https:\/\/gs1ec.org\/contenido\/wp-content\/uploads\/2021\/11\/bread-cod-bar-02.jpg?id=2424) !important;background-position: center !important;background-repeat: no-repeat !important;background-size: cover !important;}&#8221;][vc_column][vc_custom_heading source=&#8221;post_title&#8221; font_container=&#8221;tag:h1|text_align:left|color:%23ffffff&#8221; use_theme_fonts=&#8221;yes&#8221;][\/vc_column][\/vc_row][vc_row full_width=&#8221;stretch_row&#8221; css=&#8221;.vc_custom_1632163053668{padding-top: 50px !important;padding-bottom: 50px !important;background-color: #f0f5fa !important;}&#8221;][vc_column][vc_row_inner][vc_column_inner][vc_column_text]<\/p>\n<p style=\"text-align: justify;\">GS1 eCom provee est\u00e1ndares globales para el intercambio electr\u00f3nico de mensajes de negocios de forma r\u00e1pida, eficiente y precisa entre socios comerciales.<\/p>\n<p style=\"text-align: justify;\">GS1 eCom es un t\u00e9rmino utilizado para la tecnolog\u00eda de intercambio electr\u00f3nico de datos, que puede definirse como &#8220;la transferencia de datos estructurados de un computador a otro, por v\u00eda electr\u00f3nica y con un m\u00ednimo de intervenci\u00f3n humana&#8221;.<\/p>\n<p style=\"text-align: justify;\">GS1 eCom proporciona una estructura estandarizada y previsible para los mensajes de comercio electr\u00f3nico, permitiendo a los socios de negocios para comunicar los datos de negocio con rapidez, eficiencia y precisi\u00f3n, independientemente de su hardware interno o tipos de software.<\/p>\n<p style=\"text-align: justify;\">XML es un lenguaje dise\u00f1ado para intercambiar informaci\u00f3n en internet. GS1 usa XML en un set de mensajes est\u00e1ndares para el GS1 EDI (Electronic Data Interchange).<\/p>\n<p style=\"text-align: justify;\">Los mensajes XML GS1 pueden ser intercambiados usando cualquier soluci\u00f3n tecnol\u00f3gica o protocolo de internet.<\/p>\n<p style=\"text-align: justify;\">Los beneficios de usar los est\u00e1ndares GS1 eCom son los siguientes:<\/p>\n<p style=\"text-align: justify;\">El uso de est\u00e1ndares GS1 XML proporciona una estructura estandarizada y previsible de los mensajes de comercio electr\u00f3nico, permitiendo a los socios de negocios comunicar los datos de negocio con rapidez, eficiencia y precisi\u00f3n, independientemente de su hardware interno o tipos de software.<\/p>\n<p style=\"text-align: justify;\">Los socios de negocios no tiene que alinear el formato y la estructura de los mensajes de acuerdo a cada proveedor &#8211; se puede utilizar cualquiera de los est\u00e1ndares GS1 eCom, el m\u00e1s utilizado actualmente es el GS1 eCom XML.<\/p>\n<p style=\"text-align: justify;\">Los est\u00e1ndares GS1 eCom son ampliamente utilizados a nivel mundial y son un componente clave de la fabricaci\u00f3n just-in-time y enlaces r\u00e1pidos de respuesta cliente-proveedor.<\/p>\n<p>[\/vc_column_text][\/vc_column_inner][\/vc_row_inner][vc_row_inner][vc_column_inner][vc_separator style=&#8221;solid&#8221;][\/vc_column_inner][\/vc_row_inner][vc_custom_heading text=&#8221;\u00bfC\u00f3mo trabaja GS1 XML?&#8221; font_container=&#8221;tag:h2|font_size:25px|text_align:left|color:%230c2c66&#8243; use_theme_fonts=&#8221;yes&#8221;][vc_row_inner][vc_column_inner][vc_column_text]<\/p>\n<p style=\"text-align: justify;\">Un mensaje se crea a partir de datos del sistema ERP. La estructura y el contenido del mensaje se definen en los est\u00e1ndares XML GS1 (publicada como esquemas XML). Los esquemas se utilizan para validar el mensaje antes de enviarlo a trav\u00e9s de Internet, y luego comprueban otra vez por el mismo esquema XML en el lado receptor antes de ser aceptados.<\/p>\n<p>[\/vc_column_text][\/vc_column_inner][\/vc_row_inner][vc_row_inner][vc_column_inner][vc_separator style=&#8221;solid&#8221;][\/vc_column_inner][\/vc_row_inner][vc_custom_heading text=&#8221;Est\u00e1ndares GS1 XML&#8221; font_container=&#8221;tag:h2|font_size:25px|text_align:left|color:%230c2c66&#8243; use_theme_fonts=&#8221;yes&#8221;][vc_row_inner][vc_column_inner][vc_column_text]<\/p>\n<p style=\"text-align: justify;\">Hay muchos est\u00e1ndares XML, como: \u00d3rdenes de compra, facturas, avisos de despacho, notas de cr\u00e9dito, entre otros. La lista completa de los est\u00e1ndares que GS1 maneja a nivel mundial las encontrar\u00e1 en el siguiente enlace: http:\/\/www.gs1.org\/edi-xml\/latest<\/p>\n<p>[\/vc_column_text][\/vc_column_inner][\/vc_row_inner][vc_row_inner disable_element=&#8221;yes&#8221;][vc_column_inner width=&#8221;2\/3&#8243;][vc_custom_heading text=&#8221;GS1 Data Matrix&#8221; font_container=&#8221;tag:h2|font_size:25px|text_align:left|color:%230c2c66&#8243; use_theme_fonts=&#8221;yes&#8221;][vc_column_text]S\u00edmbolo de identificaci\u00f3n:]d2<br \/>\nCapacidad: 3116 n\u00fameros, 2335 alfanum\u00e9rica<br \/>\nOmnidireccional<br \/>\nAdmite todas las llaves<br \/>\nCompatible con atributos[\/vc_column_text][\/vc_column_inner][vc_column_inner width=&#8221;1\/3&#8243;][vc_single_image image=&#8221;2089&#8243; img_size=&#8221;full&#8221; alignment=&#8221;center&#8221;][\/vc_column_inner][\/vc_row_inner][\/vc_column][\/vc_row]<\/p>\n","protected":false},"excerpt":{"rendered":"<p>[vc_row full_width=&#8221;stretch_row&#8221; css=&#8221;.vc_custom_1637188824439{padding-top: 60px !important;padding-bottom: 50px !important;background-image: url(https:\/\/gs1ec.org\/contenido\/wp-content\/uploads\/2021\/11\/bread-cod-bar-02.jpg?id=2424) !important;background-position: center !important;background-repeat: no-repeat !important;background-size: cover !important;}&#8221;][vc_column][vc_custom_heading source=&#8221;post_title&#8221; font_container=&#8221;tag:h1|text_align:left|color:%23ffffff&#8221; use_theme_fonts=&#8221;yes&#8221;][\/vc_column][\/vc_row][vc_row full_width=&#8221;stretch_row&#8221; css=&#8221;.vc_custom_1632163053668{padding-top: 50px !important;padding-bottom: 50px !important;background-color: #f0f5fa !important;}&#8221;][vc_column][vc_row_inner][vc_column_inner][vc_column_text] GS1 eCom provee est\u00e1ndares globales para el intercambio electr\u00f3nico de mensajes de negocios de forma r\u00e1pida, eficiente y precisa entre socios comerciales. GS1 eCom es un t\u00e9rmino utilizado para [&hellip;]<\/p>\n","protected":false},"author":2,"featured_media":0,"parent":1926,"menu_order":0,"comment_status":"closed","ping_status":"closed","template":"","meta":{"iawp_total_views":9,"footnotes":""},"class_list":["post-2097","page","type-page","status-publish","hentry"],"_links":{"self":[{"href":"https:\/\/gs1ec.org\/contenido\/wp-json\/wp\/v2\/pages\/2097","targetHints":{"allow":["GET"]}}],"collection":[{"href":"https:\/\/gs1ec.org\/contenido\/wp-json\/wp\/v2\/pages"}],"about":[{"href":"https:\/\/gs1ec.org\/contenido\/wp-json\/wp\/v2\/types\/page"}],"author":[{"embeddable":true,"href":"https:\/\/gs1ec.org\/contenido\/wp-json\/wp\/v2\/users\/2"}],"replies":[{"embeddable":true,"href":"https:\/\/gs1ec.org\/contenido\/wp-json\/wp\/v2\/comments?post=2097"}],"version-history":[{"count":7,"href":"https:\/\/gs1ec.org\/contenido\/wp-json\/wp\/v2\/pages\/2097\/revisions"}],"predecessor-version":[{"id":2425,"href":"https:\/\/gs1ec.org\/contenido\/wp-json\/wp\/v2\/pages\/2097\/revisions\/2425"}],"up":[{"embeddable":true,"href":"https:\/\/gs1ec.org\/contenido\/wp-json\/wp\/v2\/pages\/1926"}],"wp:attachment":[{"href":"https:\/\/gs1ec.org\/contenido\/wp-json\/wp\/v2\/media?parent=2097"}],"curies":[{"name":"wp","href":"https:\/\/api.w.org\/{rel}","templated":true}]}}