{"id":2103,"date":"2021-10-04T17:15:52","date_gmt":"2021-10-04T22:15:52","guid":{"rendered":"http:\/\/portalvive.com\/gs11\/?page_id=2103"},"modified":"2022-06-08T11:06:49","modified_gmt":"2022-06-08T16:06:49","slug":"sincronizacion-de-datos","status":"publish","type":"page","link":"https:\/\/gs1ec.org\/contenido\/estandares\/estandares-gs1\/compartir\/sincronizacion-de-datos\/","title":{"rendered":"Sincronizaci\u00f3n de Datos"},"content":{"rendered":"<p>[vc_row full_width=&#8221;stretch_row&#8221; css=&#8221;.vc_custom_1637263042355{padding-top: 60px !important;padding-bottom: 50px !important;background-image: url(https:\/\/gs1ec.org\/contenido\/wp-content\/uploads\/2021\/11\/bread-cod-bar-02.jpg?id=2424) !important;background-position: center !important;background-repeat: no-repeat !important;background-size: cover !important;}&#8221;][vc_column][vc_custom_heading source=&#8221;post_title&#8221; font_container=&#8221;tag:h1|text_align:left|color:%23ffffff&#8221; use_theme_fonts=&#8221;yes&#8221;][\/vc_column][\/vc_row][vc_row full_width=&#8221;stretch_row&#8221; css=&#8221;.vc_custom_1632163053668{padding-top: 50px !important;padding-bottom: 50px !important;background-color: #f0f5fa !important;}&#8221;][vc_column][vc_row_inner][vc_column_inner][vc_column_text]<\/p>\n<p style=\"text-align: justify;\">La sincronizaci\u00f3n de red de datos globales (GDSN) permite a los socios comerciales globalmente compartir datos de productos de manera confiable, autom\u00e1tica y eficiente que asegure la integridad de la marca.<\/p>\n<p style=\"text-align: justify;\">La Red global de Sincronizaci\u00f3n de Datos (Global Data Synchronisation Network) es un ambiente global automatizado, basado en est\u00e1ndares que permiten la sincronizaci\u00f3n segura y continua de datos, permitiendo que todos los socios de negocios, tengan al mismo tiempo informaci\u00f3n consistente y constante de art\u00edculos en sus sistemas.<\/p>\n<p style=\"text-align: justify;\">La Red Global de Sincronizaci\u00f3n de Datos (GDSN) conecta a Detallistas y Proveedores, a trav\u00e9s de sus Data Pools (Cat\u00e1logos Electr\u00f3nicos de Datos), con el GS1 Global Registry\u2122.<\/p>\n<p style=\"text-align: justify;\">La visi\u00f3n de GDSN est\u00e1 siendo realizada hoy d\u00eda por millares de detallistas y fabricantes en todo el mundo, qui\u00e9nes est\u00e1n cosechando las ventajas y beneficios en sus implementaciones reales. La membres\u00eda del Global Registry cubre m\u00faltiples sectores a trav\u00e9s de Norteam\u00e9rica, Am\u00e9rica latina, Europa y Asia.<\/p>\n<p>[\/vc_column_text][\/vc_column_inner][\/vc_row_inner][vc_row_inner][vc_column_inner][vc_separator style=&#8221;solid&#8221;][\/vc_column_inner][\/vc_row_inner][vc_custom_heading text=&#8221;\u00bfQue es GDSN?&#8221; font_container=&#8221;tag:h2|font_size:25px|text_align:left|color:%230c2c66&#8243; use_theme_fonts=&#8221;yes&#8221;][vc_row_inner][vc_column_inner][vc_column_text]<\/p>\n<p style=\"text-align: justify;\">La Global Data Synchronisation Network\u2122 es una red basada en Internet, conectada a los Cat\u00e1logos Electr\u00f3nicos de Datos (Data Pools) y un registro global (el GS1 Global Registry\u2122) que permiten a compa\u00f1\u00edas alrededor del mundo intercambiar y sincronizar informaci\u00f3n log\u00edstica de productos de forma est\u00e1ndar, a trav\u00e9s de la Cadena de Abastecimiento entre sus respectivos socios de negocios.<\/p>\n<p style=\"text-align: justify;\">GDSN asegura que los datos intercambiados entre los socios de negocios sean exactos y est\u00e9n apegados a est\u00e1ndares mundiales.<br \/>\nGDSN esta compuesta por Socios de Negocios (fabricantes y detallistas), Cat\u00e1logos Electr\u00f3nicos y el GS1 Global Registry\u2122 (un directorio mundial para ayudar a la comunidad de GDSN a localizar fuentes de datos y administrar los v\u00ednculos entre los Socios de Negocios).<\/p>\n<p style=\"text-align: justify;\">El est\u00e1ndar GDSN GS1 est\u00e1 en constante actualizaci\u00f3n, usted puede encontrar informaci\u00f3n detallada del mismo en el siguiente enlace: http:\/\/www.gs1.org\/access-gdsn-standards<\/p>\n<p>[\/vc_column_text][\/vc_column_inner][\/vc_row_inner][vc_row_inner disable_element=&#8221;yes&#8221;][vc_column_inner width=&#8221;2\/3&#8243;][vc_custom_heading text=&#8221;GS1 Data Matrix&#8221; font_container=&#8221;tag:h2|font_size:25px|text_align:left|color:%230c2c66&#8243; use_theme_fonts=&#8221;yes&#8221;][vc_column_text]S\u00edmbolo de identificaci\u00f3n:]d2<br \/>\nCapacidad: 3116 n\u00fameros, 2335 alfanum\u00e9rica<br \/>\nOmnidireccional<br \/>\nAdmite todas las llaves<br \/>\nCompatible con atributos[\/vc_column_text][\/vc_column_inner][vc_column_inner width=&#8221;1\/3&#8243;][vc_single_image image=&#8221;2089&#8243; img_size=&#8221;full&#8221; alignment=&#8221;center&#8221;][\/vc_column_inner][\/vc_row_inner][\/vc_column][\/vc_row]<\/p>\n","protected":false},"excerpt":{"rendered":"<p>[vc_row full_width=&#8221;stretch_row&#8221; css=&#8221;.vc_custom_1637263042355{padding-top: 60px !important;padding-bottom: 50px !important;background-image: url(https:\/\/gs1ec.org\/contenido\/wp-content\/uploads\/2021\/11\/bread-cod-bar-02.jpg?id=2424) !important;background-position: center !important;background-repeat: no-repeat !important;background-size: cover !important;}&#8221;][vc_column][vc_custom_heading source=&#8221;post_title&#8221; font_container=&#8221;tag:h1|text_align:left|color:%23ffffff&#8221; use_theme_fonts=&#8221;yes&#8221;][\/vc_column][\/vc_row][vc_row full_width=&#8221;stretch_row&#8221; css=&#8221;.vc_custom_1632163053668{padding-top: 50px !important;padding-bottom: 50px !important;background-color: #f0f5fa !important;}&#8221;][vc_column][vc_row_inner][vc_column_inner][vc_column_text] La sincronizaci\u00f3n de red de datos globales (GDSN) permite a los socios comerciales globalmente compartir datos de productos de manera confiable, autom\u00e1tica y eficiente que asegure la integridad de [&hellip;]<\/p>\n","protected":false},"author":2,"featured_media":0,"parent":1926,"menu_order":0,"comment_status":"closed","ping_status":"closed","template":"","meta":{"iawp_total_views":12,"footnotes":""},"class_list":["post-2103","page","type-page","status-publish","hentry"],"_links":{"self":[{"href":"https:\/\/gs1ec.org\/contenido\/wp-json\/wp\/v2\/pages\/2103","targetHints":{"allow":["GET"]}}],"collection":[{"href":"https:\/\/gs1ec.org\/contenido\/wp-json\/wp\/v2\/pages"}],"about":[{"href":"https:\/\/gs1ec.org\/contenido\/wp-json\/wp\/v2\/types\/page"}],"author":[{"embeddable":true,"href":"https:\/\/gs1ec.org\/contenido\/wp-json\/wp\/v2\/users\/2"}],"replies":[{"embeddable":true,"href":"https:\/\/gs1ec.org\/contenido\/wp-json\/wp\/v2\/comments?post=2103"}],"version-history":[{"count":5,"href":"https:\/\/gs1ec.org\/contenido\/wp-json\/wp\/v2\/pages\/2103\/revisions"}],"predecessor-version":[{"id":2436,"href":"https:\/\/gs1ec.org\/contenido\/wp-json\/wp\/v2\/pages\/2103\/revisions\/2436"}],"up":[{"embeddable":true,"href":"https:\/\/gs1ec.org\/contenido\/wp-json\/wp\/v2\/pages\/1926"}],"wp:attachment":[{"href":"https:\/\/gs1ec.org\/contenido\/wp-json\/wp\/v2\/media?parent=2103"}],"curies":[{"name":"wp","href":"https:\/\/api.w.org\/{rel}","templated":true}]}}