{"id":2115,"date":"2021-10-07T15:10:29","date_gmt":"2021-10-07T20:10:29","guid":{"rendered":"http:\/\/portalvive.com\/gs11\/?page_id=2115"},"modified":"2022-06-08T11:08:45","modified_gmt":"2022-06-08T16:08:45","slug":"trazabilidad-y-procesos-de-negocio","status":"publish","type":"page","link":"https:\/\/gs1ec.org\/contenido\/estandares\/estandares-gs1\/usar\/trazabilidad-y-procesos-de-negocio\/","title":{"rendered":"Trazabilidad y procesos de negocio"},"content":{"rendered":"<p>[vc_row full_width=&#8221;stretch_row&#8221; css=&#8221;.vc_custom_1637264109338{padding-top: 60px !important;padding-bottom: 50px !important;background-image: url(https:\/\/gs1ec.org\/contenido\/wp-content\/uploads\/2021\/11\/bread-cod-bar-02.jpg?id=2424) !important;background-position: center !important;background-repeat: no-repeat !important;background-size: cover !important;}&#8221;][vc_column][vc_custom_heading source=&#8221;post_title&#8221; font_container=&#8221;tag:h1|text_align:left|color:%23ffffff&#8221; use_theme_fonts=&#8221;yes&#8221;][\/vc_column][\/vc_row][vc_row full_width=&#8221;stretch_row&#8221; css=&#8221;.vc_custom_1637592486234{padding-top: 50px !important;padding-bottom: 50px !important;}&#8221;][vc_column width=&#8221;1\/6&#8243;][\/vc_column][vc_column width=&#8221;2\/3&#8243;][vc_column_text]<\/p>\n<p style=\"text-align: justify;\">Los est\u00e1ndares GS1 facilitan el conocimiento de la trazabilidad en la cadena de abastecimiento de varios sectores del pa\u00eds.<\/p>\n<p style=\"text-align: justify;\">La Trazabilidad es la capacidad de seguir una unidad de producto a lo largo de la cadena de suministros. Son aquellos procedimientos preestablecidos y autosuficientes que permiten conocer el hist\u00f3rico, la ubicaci\u00f3n y la trayectoria de un producto o lote de productos a lo largo de la cadena de abastecimiento en un momento dado, a trav\u00e9s de unas herramientas determinadas.<\/p>\n<p style=\"text-align: justifyt;\">La Trazabilidad consiste en asociar sistem\u00e1ticamente un flujo de informaci\u00f3n a un flujo f\u00edsico de mercanc\u00edas de manera que se pueda reencontrar en un instante determinado la informaci\u00f3n requerida relativa a los lotes o grupos de productos espec\u00edficos.<\/p>\n<p>[\/vc_column_text][\/vc_column][vc_column width=&#8221;1\/6&#8243;][\/vc_column][\/vc_row][vc_row full_width=&#8221;stretch_row&#8221; css=&#8221;.vc_custom_1632163053668{padding-top: 50px !important;padding-bottom: 50px !important;background-color: #f0f5fa !important;}&#8221;][vc_column][vc_row_inner][vc_column_inner width=&#8221;1\/2&#8243;][vc_single_image image=&#8221;2395&#8243; img_size=&#8221;full&#8221; alignment=&#8221;center&#8221;][\/vc_column_inner][vc_column_inner width=&#8221;1\/2&#8243;][vc_custom_heading text=&#8221;Est\u00e1ndar de Trazabilidad GS1&#8243; font_container=&#8221;tag:h2|font_size:25px|text_align:left|color:%230c2c66&#8243; use_theme_fonts=&#8221;yes&#8221;][vc_column_text]<\/p>\n<ul>\n<li><a href=\"https:\/\/gs1ec.org\/contenido\/que-es-la-trazabilidad\/\">\u00bfQu\u00e9 es la trazabilidad?<\/a><\/li>\n<li><a href=\"https:\/\/gs1ec.org\/contenido\/procesos-de-trazabilidad-en-el-estandar-gs1\/\">Procesos de trazabilidad<\/a><\/li>\n<li><a href=\"https:\/\/gs1ec.org\/contenido\/principios-de-la-trazabilidad\/\">Principios de trazabilidad<\/a><\/li>\n<li><a href=\"https:\/\/gs1ec.org\/contenido\/beneficios-de-la-trazabilidad\/\">Beneficios de trazabilidad<\/a><\/li>\n<li><a href=\"https:\/\/gs1ec.org\/contenido\/informacion-trazable\/\">Informaci\u00f3n trazable<\/a><\/li>\n<li><a href=\"https:\/\/gs1ec.org\/contenido\/usos-de-trazabilidad\/\">Usos de trazabilidad<\/a><\/li>\n<\/ul>\n<p>[\/vc_column_text][\/vc_column_inner][\/vc_row_inner][\/vc_column][\/vc_row][vc_row full_width=&#8221;stretch_row&#8221; css=&#8221;.vc_custom_1637594231873{padding-top: 50px !important;padding-bottom: 50px !important;}&#8221;][vc_column][vc_custom_heading text=&#8221;Nuestros Est\u00e1ndares en Acci\u00f3n:&#8221; font_container=&#8221;tag:h2|font_size:25px|text_align:left|color:%230c2c66&#8243; use_theme_fonts=&#8221;yes&#8221;][vc_row_inner][vc_column_inner][vc_column_text]<\/p>\n<p style=\"text-align: justify;\">Existentes 5 procesos de negocios en el transporte y log\u00edstica sobre los cuales los est\u00e1ndares GS1 hacen de estos eficientes, r\u00e1pidos y precisos:<\/p>\n<p>[\/vc_column_text][\/vc_column_inner][\/vc_row_inner][vc_row_inner gap=&#8221;5&#8243;][vc_column_inner width=&#8221;1\/4&#8243; css=&#8221;.vc_custom_1633966890035{background-color: #ffffff !important;}&#8221;][vc_single_image image=&#8221;2128&#8243; img_size=&#8221;full&#8221; alignment=&#8221;center&#8221; css=&#8221;.vc_custom_1634137755060{margin-right: -15px !important;margin-left: -15px !important;}&#8221;][vc_custom_heading text=&#8221;Gesti\u00f3n de Entrega&#8221; font_container=&#8221;tag:h4|text_align:center|color:%231392c0&#8243; use_theme_fonts=&#8221;yes&#8221; link=&#8221;url:https%3A%2F%2Fgs1ec.org%2Fcontenido%2Fgestion-de-entrega%2F|title:Gesti%C3%B3n%20de%20Entrega||&#8221;][\/vc_column_inner][vc_column_inner width=&#8221;1\/4&#8243; css=&#8221;.vc_custom_1633968964868{background-color: #ffffff !important;}&#8221;][vc_single_image image=&#8221;2137&#8243; img_size=&#8221;full&#8221; alignment=&#8221;center&#8221; css=&#8221;.vc_custom_1633968636871{margin-right: -15px !important;margin-left: -15px !important;}&#8221;][vc_custom_heading text=&#8221;Gesti\u00f3n de Transporte&#8221; font_container=&#8221;tag:h4|text_align:center|color:%231392c0&#8243; use_theme_fonts=&#8221;yes&#8221; link=&#8221;url:https%3A%2F%2Fgs1ec.org%2Fcontenido%2Fgestion-de-transporte%2F|title:Gesti%C3%B3n%20de%20Transporte||&#8221;][\/vc_column_inner][vc_column_inner width=&#8221;1\/4&#8243; css=&#8221;.vc_custom_1633968979054{background-color: #ffffff !important;}&#8221;][vc_single_image image=&#8221;2138&#8243; img_size=&#8221;full&#8221; alignment=&#8221;center&#8221; css=&#8221;.vc_custom_1633968656996{margin-right: -15px !important;margin-left: -15px !important;}&#8221;][vc_custom_heading text=&#8221;Gesti\u00f3n de Almacenes&#8221; font_container=&#8221;tag:h4|text_align:center|color:%231392c0&#8243; use_theme_fonts=&#8221;yes&#8221; link=&#8221;url:%23|||&#8221;][\/vc_column_inner][\/vc_row_inner][vc_row_inner][vc_column_inner][vc_empty_space][\/vc_column_inner][\/vc_row_inner][vc_row_inner gap=&#8221;5&#8243;][vc_column_inner width=&#8221;1\/4&#8243; css=&#8221;.vc_custom_1633968997943{background-color: #ffffff !important;}&#8221;][vc_single_image image=&#8221;2140&#8243; img_size=&#8221;full&#8221; alignment=&#8221;center&#8221; css=&#8221;.vc_custom_1633968743605{margin-right: -15px !important;margin-left: -15px !important;}&#8221;][vc_custom_heading text=&#8221;Gesti\u00f3n de Aduanas y Procedimientos fronterizos&#8221; font_container=&#8221;tag:h4|text_align:center|color:%231392c0&#8243; use_theme_fonts=&#8221;yes&#8221; link=&#8221;url:https%3A%2F%2Fgs1ec.org%2Fcontenido%2Fgestion-de-aduanas-y-procedimiento-fronterizo%2F|||&#8221;][\/vc_column_inner][vc_column_inner width=&#8221;1\/4&#8243;][vc_single_image image=&#8221;2139&#8243; img_size=&#8221;full&#8221; alignment=&#8221;center&#8221; css=&#8221;.vc_custom_1633968678765{margin-right: -15px !important;margin-left: -15px !important;}&#8221;][vc_custom_heading text=&#8221;Gesti\u00f3n de Activos&#8221; font_container=&#8221;tag:h4|text_align:center|color:%231392c0&#8243; use_theme_fonts=&#8221;yes&#8221; link=&#8221;url:https%3A%2F%2Fgs1ec.org%2Fcontenido%2Fgestion-de-activos%2F|title:Gesti%C3%B3n%20de%20Activos||&#8221;][\/vc_column_inner][vc_column_inner width=&#8221;1\/4&#8243;][\/vc_column_inner][\/vc_row_inner][vc_row_inner][vc_column_inner][vc_empty_space][\/vc_column_inner][\/vc_row_inner][vc_row_inner][vc_column_inner][vc_separator style=&#8221;solid&#8221;][\/vc_column_inner][\/vc_row_inner][\/vc_column][\/vc_row]<\/p>\n","protected":false},"excerpt":{"rendered":"<p>[vc_row full_width=&#8221;stretch_row&#8221; css=&#8221;.vc_custom_1637264109338{padding-top: 60px !important;padding-bottom: 50px !important;background-image: url(https:\/\/gs1ec.org\/contenido\/wp-content\/uploads\/2021\/11\/bread-cod-bar-02.jpg?id=2424) !important;background-position: center !important;background-repeat: no-repeat !important;background-size: cover !important;}&#8221;][vc_column][vc_custom_heading source=&#8221;post_title&#8221; font_container=&#8221;tag:h1|text_align:left|color:%23ffffff&#8221; use_theme_fonts=&#8221;yes&#8221;][\/vc_column][\/vc_row][vc_row full_width=&#8221;stretch_row&#8221; css=&#8221;.vc_custom_1637592486234{padding-top: 50px !important;padding-bottom: 50px !important;}&#8221;][vc_column width=&#8221;1\/6&#8243;][\/vc_column][vc_column width=&#8221;2\/3&#8243;][vc_column_text] Los est\u00e1ndares GS1 facilitan el conocimiento de la trazabilidad en la cadena de abastecimiento de varios sectores del pa\u00eds. La Trazabilidad es la capacidad de seguir una unidad de [&hellip;]<\/p>\n","protected":false},"author":2,"featured_media":0,"parent":1937,"menu_order":0,"comment_status":"closed","ping_status":"closed","template":"","meta":{"iawp_total_views":39,"footnotes":""},"class_list":["post-2115","page","type-page","status-publish","hentry"],"_links":{"self":[{"href":"https:\/\/gs1ec.org\/contenido\/wp-json\/wp\/v2\/pages\/2115","targetHints":{"allow":["GET"]}}],"collection":[{"href":"https:\/\/gs1ec.org\/contenido\/wp-json\/wp\/v2\/pages"}],"about":[{"href":"https:\/\/gs1ec.org\/contenido\/wp-json\/wp\/v2\/types\/page"}],"author":[{"embeddable":true,"href":"https:\/\/gs1ec.org\/contenido\/wp-json\/wp\/v2\/users\/2"}],"replies":[{"embeddable":true,"href":"https:\/\/gs1ec.org\/contenido\/wp-json\/wp\/v2\/comments?post=2115"}],"version-history":[{"count":39,"href":"https:\/\/gs1ec.org\/contenido\/wp-json\/wp\/v2\/pages\/2115\/revisions"}],"predecessor-version":[{"id":2499,"href":"https:\/\/gs1ec.org\/contenido\/wp-json\/wp\/v2\/pages\/2115\/revisions\/2499"}],"up":[{"embeddable":true,"href":"https:\/\/gs1ec.org\/contenido\/wp-json\/wp\/v2\/pages\/1937"}],"wp:attachment":[{"href":"https:\/\/gs1ec.org\/contenido\/wp-json\/wp\/v2\/media?parent=2115"}],"curies":[{"name":"wp","href":"https:\/\/api.w.org\/{rel}","templated":true}]}}