{"id":2147,"date":"2021-10-13T10:58:53","date_gmt":"2021-10-13T15:58:53","guid":{"rendered":"http:\/\/portalvive.com\/gs11\/?page_id=2147"},"modified":"2022-06-08T11:55:26","modified_gmt":"2022-06-08T16:55:26","slug":"gestion-de-entrega","status":"publish","type":"page","link":"https:\/\/gs1ec.org\/contenido\/industrias\/retail-2\/gestion-de-entrega\/","title":{"rendered":"Gesti\u00f3n de Entrega"},"content":{"rendered":"<p>[vc_row full_width=&#8221;stretch_row&#8221; disable_element=&#8221;yes&#8221; css=&#8221;.vc_custom_1632778446073{padding-top: 60px !important;padding-bottom: 50px !important;background-color: #f56125 !important;background-position: center !important;background-repeat: no-repeat !important;background-size: cover !important;}&#8221;][vc_column][vc_custom_heading text=&#8221;Identificar: Claves de Identificaci\u00f3n GS1&#8243; font_container=&#8221;tag:h1|text_align:left|color:%23ffffff&#8221; use_theme_fonts=&#8221;yes&#8221;][\/vc_column][\/vc_row][vc_row full_width=&#8221;stretch_row&#8221; css=&#8221;.vc_custom_1632163053668{padding-top: 50px !important;padding-bottom: 50px !important;background-color: #f0f5fa !important;}&#8221;][vc_column][vc_empty_space height=&#8221;30px&#8221;][vc_custom_heading text=&#8221;Gesti\u00f3n de Entrega: Beneficios de los Est\u00e1ndares GS1&#8243; font_container=&#8221;tag:h2|font_size:25px|text_align:left|color:%230c2c66&#8243; use_theme_fonts=&#8221;yes&#8221;][vc_row_inner][vc_column_inner][vc_column_text]<\/p>\n<p style=\"text-align: justify;\">Su negocio necesita los procesos de recepci\u00f3n y el env\u00edo eficientes y precisos. Debe tener una forma clara de identificar de palets y cajas y compartir informaci\u00f3n de env\u00edo y la recepci\u00f3n con sus socios comerciales. Los Est\u00e1ndares GS1 le ayudan en este proceso.<\/p>\n<p>Beneficios de nuestros est\u00e1ndares<\/p>\n<ul>\n<li style=\"text-align: justify;\">Da informaci\u00f3n precisa y oportuna, sobre los env\u00edos entrantes.<\/li>\n<li style=\"text-align: justify;\">Permite unir de forma r\u00e1pida entregas contra la informaci\u00f3n de env\u00edo por adelantado.<\/li>\n<li style=\"text-align: justify;\">Ahorra tiempo y deja fuera a los procesos manuales propensos a errores.<\/li>\n<li style=\"text-align: justify;\">Reduce los residuos en las entregas de mercanc\u00edas perecederas.<\/li>\n<li style=\"text-align: justify;\">Ofrece retroalimentaci\u00f3n acerca de las discrepancias de entrega automatizada.<\/li>\n<li style=\"text-align: justify;\">Permite rastrear los productos y actividades en toda la cadena de suministro.<\/li>\n<\/ul>\n<p>[\/vc_column_text][\/vc_column_inner][\/vc_row_inner][vc_row_inner][vc_column_inner][vc_separator style=&#8221;solid&#8221;][\/vc_column_inner][\/vc_row_inner][vc_row_inner disable_element=&#8221;yes&#8221;][vc_column_inner width=&#8221;2\/3&#8243;][vc_custom_heading text=&#8221;GS1 Data Matrix&#8221; font_container=&#8221;tag:h2|font_size:25px|text_align:left|color:%230c2c66&#8243; use_theme_fonts=&#8221;yes&#8221;][vc_column_text]S\u00edmbolo de identificaci\u00f3n:]d2<br \/>\nCapacidad: 3116 n\u00fameros, 2335 alfanum\u00e9rica<br \/>\nOmnidireccional<br \/>\nAdmite todas las llaves<br \/>\nCompatible con atributos[\/vc_column_text][\/vc_column_inner][vc_column_inner width=&#8221;1\/3&#8243;][vc_single_image image=&#8221;2089&#8243; img_size=&#8221;full&#8221; alignment=&#8221;center&#8221;][\/vc_column_inner][\/vc_row_inner][\/vc_column][\/vc_row]<\/p>\n","protected":false},"excerpt":{"rendered":"<p>[vc_row full_width=&#8221;stretch_row&#8221; disable_element=&#8221;yes&#8221; css=&#8221;.vc_custom_1632778446073{padding-top: 60px !important;padding-bottom: 50px !important;background-color: #f56125 !important;background-position: center !important;background-repeat: no-repeat !important;background-size: cover !important;}&#8221;][vc_column][vc_custom_heading text=&#8221;Identificar: Claves de Identificaci\u00f3n GS1&#8243; font_container=&#8221;tag:h1|text_align:left|color:%23ffffff&#8221; use_theme_fonts=&#8221;yes&#8221;][\/vc_column][\/vc_row][vc_row full_width=&#8221;stretch_row&#8221; css=&#8221;.vc_custom_1632163053668{padding-top: 50px !important;padding-bottom: 50px !important;background-color: #f0f5fa !important;}&#8221;][vc_column][vc_empty_space height=&#8221;30px&#8221;][vc_custom_heading text=&#8221;Gesti\u00f3n de Entrega: Beneficios de los Est\u00e1ndares GS1&#8243; font_container=&#8221;tag:h2|font_size:25px|text_align:left|color:%230c2c66&#8243; use_theme_fonts=&#8221;yes&#8221;][vc_row_inner][vc_column_inner][vc_column_text] Su negocio necesita los procesos de recepci\u00f3n y el env\u00edo eficientes y precisos. [&hellip;]<\/p>\n","protected":false},"author":2,"featured_media":0,"parent":2500,"menu_order":0,"comment_status":"closed","ping_status":"closed","template":"","meta":{"iawp_total_views":3,"footnotes":""},"class_list":["post-2147","page","type-page","status-publish","hentry"],"_links":{"self":[{"href":"https:\/\/gs1ec.org\/contenido\/wp-json\/wp\/v2\/pages\/2147","targetHints":{"allow":["GET"]}}],"collection":[{"href":"https:\/\/gs1ec.org\/contenido\/wp-json\/wp\/v2\/pages"}],"about":[{"href":"https:\/\/gs1ec.org\/contenido\/wp-json\/wp\/v2\/types\/page"}],"author":[{"embeddable":true,"href":"https:\/\/gs1ec.org\/contenido\/wp-json\/wp\/v2\/users\/2"}],"replies":[{"embeddable":true,"href":"https:\/\/gs1ec.org\/contenido\/wp-json\/wp\/v2\/comments?post=2147"}],"version-history":[{"count":2,"href":"https:\/\/gs1ec.org\/contenido\/wp-json\/wp\/v2\/pages\/2147\/revisions"}],"predecessor-version":[{"id":2378,"href":"https:\/\/gs1ec.org\/contenido\/wp-json\/wp\/v2\/pages\/2147\/revisions\/2378"}],"up":[{"embeddable":true,"href":"https:\/\/gs1ec.org\/contenido\/wp-json\/wp\/v2\/pages\/2500"}],"wp:attachment":[{"href":"https:\/\/gs1ec.org\/contenido\/wp-json\/wp\/v2\/media?parent=2147"}],"curies":[{"name":"wp","href":"https:\/\/api.w.org\/{rel}","templated":true}]}}