{"id":2237,"date":"2021-10-28T13:20:07","date_gmt":"2021-10-28T18:20:07","guid":{"rendered":"http:\/\/portalvive.com\/gs11\/?page_id=2237"},"modified":"2024-04-03T12:44:01","modified_gmt":"2024-04-03T17:44:01","slug":"certificaciones-de-codigo-de-barra","status":"publish","type":"page","link":"https:\/\/gs1ec.org\/contenido\/estandares\/estandares-gs1\/usar\/calidad-de-datos\/certificaciones-de-codigo-de-barra\/","title":{"rendered":"Certificaciones de C\u00f3digo de barra"},"content":{"rendered":"<p>[vc_row full_width=&#8221;stretch_row&#8221; css=&#8221;.vc_custom_1636645501874{padding-top: 60px !important;padding-bottom: 50px !important;background-image: url(https:\/\/gs1ec.org\/contenido\/wp-content\/uploads\/2021\/10\/bread-soluciones.jpg?id=2227) !important;background-position: center !important;background-repeat: no-repeat !important;background-size: cover !important;}&#8221;][vc_column width=&#8221;1\/2&#8243;][vc_custom_heading source=&#8221;post_title&#8221; font_container=&#8221;tag:h1|text_align:left|color:%23ffffff&#8221; use_theme_fonts=&#8221;yes&#8221;][vc_empty_space height=&#8221;50px&#8221;][\/vc_column][vc_column width=&#8221;1\/2&#8243;][\/vc_column][\/vc_row][vc_row full_width=&#8221;stretch_row&#8221; css=&#8221;.vc_custom_1633367509733{padding-top: 50px !important;padding-bottom: 50px !important;}&#8221;][vc_column][vc_empty_space height=&#8221;30px&#8221;][vc_single_image image=&#8221;1991&#8243; img_size=&#8221;full&#8221;][vc_column_text]Con el fin de facilitar a las empresas mecanismos que permita certificar los procesos, GS1 Ecuador\u00a0 ha desarrollado el Servicio de Certificaci\u00f3n.<\/p>\n<p>Es un proceso donde se verifica el GTIN (GTIN-13, GTIN-14, GS1-128, entre otros) d\u00e1ndole la seguridad de lectura en el punto de venta y constando de que el mismo cumple con los est\u00e1ndares internaciones de identificaci\u00f3n basados en el sistema GS1.<\/p>\n<p>Para solicitar el certificado de un GTIN comunicarse al correo <a href=\"mailto:info@gs1ec.org\">info@gs1ec.org<\/a>.<\/p>\n<p>Para solicitar soporte t\u00e9cnico comunicarse al correo <a href=\"mailto:soporte@gs1ec.org\">soporte@gs1ec.org<\/a>.[\/vc_column_text][\/vc_column][\/vc_row]<\/p>\n","protected":false},"excerpt":{"rendered":"<p>[vc_row full_width=&#8221;stretch_row&#8221; css=&#8221;.vc_custom_1636645501874{padding-top: 60px !important;padding-bottom: 50px !important;background-image: url(https:\/\/gs1ec.org\/contenido\/wp-content\/uploads\/2021\/10\/bread-soluciones.jpg?id=2227) !important;background-position: center !important;background-repeat: no-repeat !important;background-size: cover !important;}&#8221;][vc_column width=&#8221;1\/2&#8243;][vc_custom_heading source=&#8221;post_title&#8221; font_container=&#8221;tag:h1|text_align:left|color:%23ffffff&#8221; use_theme_fonts=&#8221;yes&#8221;][vc_empty_space height=&#8221;50px&#8221;][\/vc_column][vc_column width=&#8221;1\/2&#8243;][\/vc_column][\/vc_row][vc_row full_width=&#8221;stretch_row&#8221; css=&#8221;.vc_custom_1633367509733{padding-top: 50px !important;padding-bottom: 50px !important;}&#8221;][vc_column][vc_empty_space height=&#8221;30px&#8221;][vc_single_image image=&#8221;1991&#8243; img_size=&#8221;full&#8221;][vc_column_text]Con el fin de facilitar a las empresas mecanismos que permita certificar los procesos, GS1 Ecuador\u00a0 ha desarrollado el Servicio de Certificaci\u00f3n. Es un proceso donde [&hellip;]<\/p>\n","protected":false},"author":2,"featured_media":0,"parent":2113,"menu_order":0,"comment_status":"closed","ping_status":"closed","template":"","meta":{"iawp_total_views":420,"footnotes":""},"class_list":["post-2237","page","type-page","status-publish","hentry"],"_links":{"self":[{"href":"https:\/\/gs1ec.org\/contenido\/wp-json\/wp\/v2\/pages\/2237","targetHints":{"allow":["GET"]}}],"collection":[{"href":"https:\/\/gs1ec.org\/contenido\/wp-json\/wp\/v2\/pages"}],"about":[{"href":"https:\/\/gs1ec.org\/contenido\/wp-json\/wp\/v2\/types\/page"}],"author":[{"embeddable":true,"href":"https:\/\/gs1ec.org\/contenido\/wp-json\/wp\/v2\/users\/2"}],"replies":[{"embeddable":true,"href":"https:\/\/gs1ec.org\/contenido\/wp-json\/wp\/v2\/comments?post=2237"}],"version-history":[{"count":5,"href":"https:\/\/gs1ec.org\/contenido\/wp-json\/wp\/v2\/pages\/2237\/revisions"}],"predecessor-version":[{"id":3086,"href":"https:\/\/gs1ec.org\/contenido\/wp-json\/wp\/v2\/pages\/2237\/revisions\/3086"}],"up":[{"embeddable":true,"href":"https:\/\/gs1ec.org\/contenido\/wp-json\/wp\/v2\/pages\/2113"}],"wp:attachment":[{"href":"https:\/\/gs1ec.org\/contenido\/wp-json\/wp\/v2\/media?parent=2237"}],"curies":[{"name":"wp","href":"https:\/\/api.w.org\/{rel}","templated":true}]}}