{"id":2241,"date":"2021-10-28T13:22:15","date_gmt":"2021-10-28T18:22:15","guid":{"rendered":"http:\/\/portalvive.com\/gs11\/?page_id=2241"},"modified":"2021-11-11T10:46:08","modified_gmt":"2021-11-11T15:46:08","slug":"estudio-de-faltantes-de-mercaderia-en-gondola-osa","status":"publish","type":"page","link":"https:\/\/gs1ec.org\/contenido\/estudio-de-faltantes-de-mercaderia-en-gondola-osa\/","title":{"rendered":"Estudio de Faltantes de Mercader\u00eda en G\u00f3ndola (OSA)"},"content":{"rendered":"<p>[vc_row full_width=&#8221;stretch_row&#8221; css=&#8221;.vc_custom_1636645565793{padding-top: 60px !important;padding-bottom: 50px !important;background-image: url(https:\/\/gs1ec.org\/contenido\/wp-content\/uploads\/2021\/10\/bread-soluciones.jpg?id=2227) !important;background-position: center !important;background-repeat: no-repeat !important;background-size: cover !important;}&#8221;][vc_column width=&#8221;1\/2&#8243;][vc_custom_heading source=&#8221;post_title&#8221; font_container=&#8221;tag:h1|text_align:left|color:%23ffffff&#8221; use_theme_fonts=&#8221;yes&#8221;][vc_empty_space height=&#8221;50px&#8221;][\/vc_column][vc_column width=&#8221;1\/2&#8243;][\/vc_column][\/vc_row][vc_row full_width=&#8221;stretch_row&#8221; css=&#8221;.vc_custom_1633367509733{padding-top: 50px !important;padding-bottom: 50px !important;}&#8221;][vc_column][vc_empty_space height=&#8221;30px&#8221;][vc_single_image image=&#8221;1931&#8243; img_size=&#8221;full&#8221;][vc_column_text]<\/p>\n<p style=\"text-align: justify;\">Es el \u00fanico estudio en nuestro pa\u00eds que brinda informaci\u00f3n clave e indispensable para se\u00f1alar oportunidades de mejoras que se alcanzan trabajando colaborativamente entre Cadenas y Proveedores, detectando las causas por las que se produce un quiebre de stock.<\/p>\n<p style=\"text-align: justify;\">El Estudio de Faltante de Mercader\u00eda en G\u00f3ndola (FMG) es un estudio que GS1 Ecuador viene desarrollando en el mercado nacional con la intenci\u00f3n de identificar el porcentaje de faltantes, las causas que provocan el quiebre de stock y por ende la p\u00e9rdida de venta durante el per\u00edodo de medici\u00f3n. Los resultados obtenidos permitir\u00e1n generar recomendaciones y proyectos de mejora que disminuyan el porcentaje obtenido. La empresa contratante podr\u00e1 crear estrategias y planes de acci\u00f3n para implementar medidas correctivas de tal manera que la fidelidad de marca del consumidor se mantenga y la visibilidad de los procesos log\u00edsticos incremente. Para el estudio se definir\u00e1 como un faltante, todo aquel producto que no es localizado por el consumidor final en el lugar habitual de exhibici\u00f3n, establecido previamente seg\u00fan los criterios de cada local medido.<\/p>\n<p style=\"text-align: justify;\">GS1 Ecuador en colaboraci\u00f3n con las principales Cadenas de Supermercados y Proveedores desarrolla hace m\u00e1s de 10 a\u00f1os el Estudio de Faltantes de Mercader\u00eda en G\u00f3ndola (FMG).<\/p>\n<p style=\"text-align: justify;\">El estudio tiene como objetivos principales en el Sector de Consumo Masivo:<\/p>\n<p style=\"text-align: justify;\">Capitalizar el m\u00e1ximo potencial de Ventas.<br \/>\nBrindar un servicio de excelencia a Clientes y Consumidores.<br \/>\nFMG es la he rramienta que permite adem\u00e1s de conocer el nivel de quiebres en g\u00f3ndola, obtener en profundidad informaci\u00f3n sobre las causas que originan cada uno de esos faltantes.<\/p>\n<p style=\"text-align: justify;\">En este informe podr\u00e1n ver que para cada uno de los productos faltantes se indagan, identifican y exponen detalladamente las causas que dieron lugar a la no presencia en g\u00f3ndola cuando el consumidor fue a comprarlo.<\/p>\n<p style=\"text-align: justify;\">Cabe destacar que a nivel regional, desde el 2012 GS1 realiza el Estudio FMG en varios pa\u00edses de Latinoam\u00e9rica con una metodolog\u00eda homologada. Esto nos permite tener un benchmarking regional y poder brindar a los participantes informaci\u00f3n comparable para la toma de decisiones.<\/p>\n<p style=\"text-align: justify;\">GS1 Ecuador trabaja junto a la Comunidad de Consumo Masivo, a trav\u00e9s del Estudio FMG, en detectar oportunidades de mejora e implementar procesos m\u00e1s eficientes que deriven en alcanzar un 95% de presencia en la g\u00f3ndola.<\/p>\n<p>[\/vc_column_text][\/vc_column][\/vc_row]<\/p>\n","protected":false},"excerpt":{"rendered":"<p>[vc_row full_width=&#8221;stretch_row&#8221; css=&#8221;.vc_custom_1636645565793{padding-top: 60px !important;padding-bottom: 50px !important;background-image: url(https:\/\/gs1ec.org\/contenido\/wp-content\/uploads\/2021\/10\/bread-soluciones.jpg?id=2227) !important;background-position: center !important;background-repeat: no-repeat !important;background-size: cover !important;}&#8221;][vc_column width=&#8221;1\/2&#8243;][vc_custom_heading source=&#8221;post_title&#8221; font_container=&#8221;tag:h1|text_align:left|color:%23ffffff&#8221; use_theme_fonts=&#8221;yes&#8221;][vc_empty_space height=&#8221;50px&#8221;][\/vc_column][vc_column width=&#8221;1\/2&#8243;][\/vc_column][\/vc_row][vc_row full_width=&#8221;stretch_row&#8221; css=&#8221;.vc_custom_1633367509733{padding-top: 50px !important;padding-bottom: 50px !important;}&#8221;][vc_column][vc_empty_space height=&#8221;30px&#8221;][vc_single_image image=&#8221;1931&#8243; img_size=&#8221;full&#8221;][vc_column_text] Es el \u00fanico estudio en nuestro pa\u00eds que brinda informaci\u00f3n clave e indispensable para se\u00f1alar oportunidades de mejoras que se alcanzan trabajando colaborativamente entre Cadenas [&hellip;]<\/p>\n","protected":false},"author":2,"featured_media":0,"parent":0,"menu_order":0,"comment_status":"closed","ping_status":"closed","template":"","meta":{"iawp_total_views":63,"footnotes":""},"class_list":["post-2241","page","type-page","status-publish","hentry"],"_links":{"self":[{"href":"https:\/\/gs1ec.org\/contenido\/wp-json\/wp\/v2\/pages\/2241","targetHints":{"allow":["GET"]}}],"collection":[{"href":"https:\/\/gs1ec.org\/contenido\/wp-json\/wp\/v2\/pages"}],"about":[{"href":"https:\/\/gs1ec.org\/contenido\/wp-json\/wp\/v2\/types\/page"}],"author":[{"embeddable":true,"href":"https:\/\/gs1ec.org\/contenido\/wp-json\/wp\/v2\/users\/2"}],"replies":[{"embeddable":true,"href":"https:\/\/gs1ec.org\/contenido\/wp-json\/wp\/v2\/comments?post=2241"}],"version-history":[{"count":4,"href":"https:\/\/gs1ec.org\/contenido\/wp-json\/wp\/v2\/pages\/2241\/revisions"}],"predecessor-version":[{"id":2363,"href":"https:\/\/gs1ec.org\/contenido\/wp-json\/wp\/v2\/pages\/2241\/revisions\/2363"}],"wp:attachment":[{"href":"https:\/\/gs1ec.org\/contenido\/wp-json\/wp\/v2\/media?parent=2241"}],"curies":[{"name":"wp","href":"https:\/\/api.w.org\/{rel}","templated":true}]}}