{"id":2379,"date":"2021-11-15T12:16:15","date_gmt":"2021-11-15T17:16:15","guid":{"rendered":"https:\/\/gs1ec.org\/contenido\/?page_id=2379"},"modified":"2022-06-08T11:55:37","modified_gmt":"2022-06-08T16:55:37","slug":"gestion-de-transporte","status":"publish","type":"page","link":"https:\/\/gs1ec.org\/contenido\/industrias\/retail-2\/gestion-de-transporte\/","title":{"rendered":"Gesti\u00f3n de Transporte"},"content":{"rendered":"<p>[vc_row full_width=&#8221;stretch_row&#8221; disable_element=&#8221;yes&#8221; css=&#8221;.vc_custom_1632778446073{padding-top: 60px !important;padding-bottom: 50px !important;background-color: #f56125 !important;background-position: center !important;background-repeat: no-repeat !important;background-size: cover !important;}&#8221;][vc_column][vc_custom_heading text=&#8221;Identificar: Claves de Identificaci\u00f3n GS1&#8243; font_container=&#8221;tag:h1|text_align:left|color:%23ffffff&#8221; use_theme_fonts=&#8221;yes&#8221;][\/vc_column][\/vc_row][vc_row full_width=&#8221;stretch_row&#8221; css=&#8221;.vc_custom_1632163053668{padding-top: 50px !important;padding-bottom: 50px !important;background-color: #f0f5fa !important;}&#8221;][vc_column][vc_empty_space height=&#8221;30px&#8221;][vc_custom_heading text=&#8221;Gesti\u00f3n de Transporte: Beneficios de los Est\u00e1ndares GS1&#8243; font_container=&#8221;tag:h2|font_size:25px|text_align:left|color:%230c2c66&#8243; use_theme_fonts=&#8221;yes&#8221;][vc_row_inner][vc_column_inner][vc_column_text]<\/p>\n<p style=\"text-align: justify;\">Hay una creciente demanda de entregas frecuentes, peque\u00f1os env\u00edos y distribuci\u00f3n milim\u00e9trica en las \u00e1reas urbanas densas. Esto tiene que ser hecho con el menor costo posible, utilizando m\u00e9todos sostenibles a trav\u00e9s de m\u00faltiples medios de transporte.<\/p>\n<p style=\"text-align: justify;\"><strong>La coordinaci\u00f3n de transporte y entrega<\/strong><\/p>\n<p style=\"text-align: justify;\">Cargadores y empresas de transporte necesitan compartir informaci\u00f3n entre s\u00ed. Tambi\u00e9n dependen cada vez m\u00e1s de los proveedores de servicios log\u00edsticos especializados, que a su vez tienen que sincronizar las operaciones de transporte intrincados.<\/p>\n<p style=\"text-align: justify;\">Se puede simplificar este complejo mundo de la gesti\u00f3n del transporte mediante el uso de los est\u00e1ndares y nuestro modelo log\u00edstico de Interoperabilidad (LIM) . Estos les ayudar\u00e1n a todos los involucrados en el transporte y la entrega durante el intercambio de informaci\u00f3n y alineamiento de procesos.<\/p>\n<p><strong>Beneficios de nuestros est\u00e1ndares<\/strong><\/p>\n<ul>\n<li>Te ayuda a gestionar las entregas complejas que implican diferentes modos de transporte<\/li>\n<li>Mejora el conocimiento de que los traslados a d\u00f3nde van, c\u00f3mo y cu\u00e1ndo llegar\u00e1n<\/li>\n<li>Aumenta el control de porte de contenedores de paleta de cart\u00f3n individual<\/li>\n<li>Le permite ofrecer m\u00faltiples env\u00edos de varias fuentes<\/li>\n<li>Permite dividir un env\u00edo entrante en m\u00faltiples entregas separadas<\/li>\n<li>Aumenta los esfuerzos de sostenibilidad<\/li>\n<\/ul>\n<p>[\/vc_column_text][\/vc_column_inner][\/vc_row_inner][vc_row_inner][vc_column_inner][vc_separator style=&#8221;solid&#8221;][\/vc_column_inner][\/vc_row_inner][vc_row_inner disable_element=&#8221;yes&#8221;][vc_column_inner width=&#8221;2\/3&#8243;][vc_custom_heading text=&#8221;GS1 Data Matrix&#8221; font_container=&#8221;tag:h2|font_size:25px|text_align:left|color:%230c2c66&#8243; use_theme_fonts=&#8221;yes&#8221;][vc_column_text]S\u00edmbolo de identificaci\u00f3n:]d2<br \/>\nCapacidad: 3116 n\u00fameros, 2335 alfanum\u00e9rica<br \/>\nOmnidireccional<br \/>\nAdmite todas las llaves<br \/>\nCompatible con atributos[\/vc_column_text][\/vc_column_inner][vc_column_inner width=&#8221;1\/3&#8243;][vc_single_image image=&#8221;2089&#8243; img_size=&#8221;full&#8221; alignment=&#8221;center&#8221;][\/vc_column_inner][\/vc_row_inner][\/vc_column][\/vc_row]<\/p>\n","protected":false},"excerpt":{"rendered":"<p>[vc_row full_width=&#8221;stretch_row&#8221; disable_element=&#8221;yes&#8221; css=&#8221;.vc_custom_1632778446073{padding-top: 60px !important;padding-bottom: 50px !important;background-color: #f56125 !important;background-position: center !important;background-repeat: no-repeat !important;background-size: cover !important;}&#8221;][vc_column][vc_custom_heading text=&#8221;Identificar: Claves de Identificaci\u00f3n GS1&#8243; font_container=&#8221;tag:h1|text_align:left|color:%23ffffff&#8221; use_theme_fonts=&#8221;yes&#8221;][\/vc_column][\/vc_row][vc_row full_width=&#8221;stretch_row&#8221; css=&#8221;.vc_custom_1632163053668{padding-top: 50px !important;padding-bottom: 50px !important;background-color: #f0f5fa !important;}&#8221;][vc_column][vc_empty_space height=&#8221;30px&#8221;][vc_custom_heading text=&#8221;Gesti\u00f3n de Transporte: Beneficios de los Est\u00e1ndares GS1&#8243; font_container=&#8221;tag:h2|font_size:25px|text_align:left|color:%230c2c66&#8243; use_theme_fonts=&#8221;yes&#8221;][vc_row_inner][vc_column_inner][vc_column_text] Hay una creciente demanda de entregas frecuentes, peque\u00f1os env\u00edos y distribuci\u00f3n milim\u00e9trica en [&hellip;]<\/p>\n","protected":false},"author":2,"featured_media":0,"parent":2500,"menu_order":0,"comment_status":"closed","ping_status":"closed","template":"","meta":{"iawp_total_views":1,"footnotes":""},"class_list":["post-2379","page","type-page","status-publish","hentry"],"_links":{"self":[{"href":"https:\/\/gs1ec.org\/contenido\/wp-json\/wp\/v2\/pages\/2379","targetHints":{"allow":["GET"]}}],"collection":[{"href":"https:\/\/gs1ec.org\/contenido\/wp-json\/wp\/v2\/pages"}],"about":[{"href":"https:\/\/gs1ec.org\/contenido\/wp-json\/wp\/v2\/types\/page"}],"author":[{"embeddable":true,"href":"https:\/\/gs1ec.org\/contenido\/wp-json\/wp\/v2\/users\/2"}],"replies":[{"embeddable":true,"href":"https:\/\/gs1ec.org\/contenido\/wp-json\/wp\/v2\/comments?post=2379"}],"version-history":[{"count":3,"href":"https:\/\/gs1ec.org\/contenido\/wp-json\/wp\/v2\/pages\/2379\/revisions"}],"predecessor-version":[{"id":2383,"href":"https:\/\/gs1ec.org\/contenido\/wp-json\/wp\/v2\/pages\/2379\/revisions\/2383"}],"up":[{"embeddable":true,"href":"https:\/\/gs1ec.org\/contenido\/wp-json\/wp\/v2\/pages\/2500"}],"wp:attachment":[{"href":"https:\/\/gs1ec.org\/contenido\/wp-json\/wp\/v2\/media?parent=2379"}],"curies":[{"name":"wp","href":"https:\/\/api.w.org\/{rel}","templated":true}]}}