{"id":2384,"date":"2021-11-15T12:25:27","date_gmt":"2021-11-15T17:25:27","guid":{"rendered":"https:\/\/gs1ec.org\/contenido\/?page_id=2384"},"modified":"2021-11-15T12:26:42","modified_gmt":"2021-11-15T17:26:42","slug":"gestion-de-activos","status":"publish","type":"page","link":"https:\/\/gs1ec.org\/contenido\/gestion-de-activos\/","title":{"rendered":"Gesti\u00f3n de Activos"},"content":{"rendered":"<p>[vc_row full_width=&#8221;stretch_row&#8221; disable_element=&#8221;yes&#8221; css=&#8221;.vc_custom_1632778446073{padding-top: 60px !important;padding-bottom: 50px !important;background-color: #f56125 !important;background-position: center !important;background-repeat: no-repeat !important;background-size: cover !important;}&#8221;][vc_column][vc_custom_heading text=&#8221;Identificar: Claves de Identificaci\u00f3n GS1&#8243; font_container=&#8221;tag:h1|text_align:left|color:%23ffffff&#8221; use_theme_fonts=&#8221;yes&#8221;][\/vc_column][\/vc_row][vc_row full_width=&#8221;stretch_row&#8221; css=&#8221;.vc_custom_1632163053668{padding-top: 50px !important;padding-bottom: 50px !important;background-color: #f0f5fa !important;}&#8221;][vc_column][vc_empty_space height=&#8221;30px&#8221;][vc_custom_heading text=&#8221;Gesti\u00f3n de Activos: Beneficios de los Est\u00e1ndares GS1&#8243; font_container=&#8221;tag:h2|font_size:25px|text_align:left|color:%230c2c66&#8243; use_theme_fonts=&#8221;yes&#8221;][vc_row_inner][vc_column_inner][vc_column_text]<\/p>\n<p style=\"text-align: justify;\">Muchos fabricantes, transportistas y proveedores de servicios de log\u00edstica utilizan carritos con ruedas, carros de mano, cajas de pl\u00e1stico, paletas y bandejas de producci\u00f3n para mover mercanc\u00edas de un lugar a otro dentro de sus propios dominios, o aguas arriba y aguas abajo en la cadena de suministro.<\/p>\n<p style=\"text-align: justify;\">Hacer un seguimiento de transporte y equipos de log\u00edstica puede ser un reto, especialmente cuando la gente no registra el paradero de las cosas. Terminan en el lugar equivocado o no se pueden encontrar, por lo que el movimiento de sus mercanc\u00edas se vuelve dif\u00edcil o incluso imposible rastrear provocando retrasos en la entrega y generando costos adicionales.<\/p>\n<p style=\"text-align: justify;\">Los est\u00e1ndares GS1 apoyan la identificaci\u00f3n inequ\u00edvoca de productos, activos, localizaciones permitiendo realizar un seguimiento para asegurarse de que est\u00e1n en el lugar correcto en el momento adecuado.<\/p>\n<p><strong>Beneficios de nuestros est\u00e1ndares<\/strong><\/p>\n<ul>\n<li>Maximiza el uso de sus activos disponibles<\/li>\n<li>Aumenta el n\u00famero de entregas a tiempo<\/li>\n<li>Ayuda a evitar que los activos se pierdan<\/li>\n<li>Alienta el retorno de sus activos<\/li>\n<li>Reduce los conflictos entre los socios comerciales sobre la ubicaci\u00f3n de los activos.<\/li>\n<\/ul>\n<p>[\/vc_column_text][\/vc_column_inner][\/vc_row_inner][vc_row_inner][vc_column_inner][vc_separator style=&#8221;solid&#8221;][\/vc_column_inner][\/vc_row_inner][vc_row_inner disable_element=&#8221;yes&#8221;][vc_column_inner width=&#8221;2\/3&#8243;][vc_custom_heading text=&#8221;GS1 Data Matrix&#8221; font_container=&#8221;tag:h2|font_size:25px|text_align:left|color:%230c2c66&#8243; use_theme_fonts=&#8221;yes&#8221;][vc_column_text]S\u00edmbolo de identificaci\u00f3n:]d2<br \/>\nCapacidad: 3116 n\u00fameros, 2335 alfanum\u00e9rica<br \/>\nOmnidireccional<br \/>\nAdmite todas las llaves<br \/>\nCompatible con atributos[\/vc_column_text][\/vc_column_inner][vc_column_inner width=&#8221;1\/3&#8243;][vc_single_image image=&#8221;2089&#8243; img_size=&#8221;full&#8221; alignment=&#8221;center&#8221;][\/vc_column_inner][\/vc_row_inner][\/vc_column][\/vc_row]<\/p>\n","protected":false},"excerpt":{"rendered":"<p>[vc_row full_width=&#8221;stretch_row&#8221; disable_element=&#8221;yes&#8221; css=&#8221;.vc_custom_1632778446073{padding-top: 60px !important;padding-bottom: 50px !important;background-color: #f56125 !important;background-position: center !important;background-repeat: no-repeat !important;background-size: cover !important;}&#8221;][vc_column][vc_custom_heading text=&#8221;Identificar: Claves de Identificaci\u00f3n GS1&#8243; font_container=&#8221;tag:h1|text_align:left|color:%23ffffff&#8221; use_theme_fonts=&#8221;yes&#8221;][\/vc_column][\/vc_row][vc_row full_width=&#8221;stretch_row&#8221; css=&#8221;.vc_custom_1632163053668{padding-top: 50px !important;padding-bottom: 50px !important;background-color: #f0f5fa !important;}&#8221;][vc_column][vc_empty_space height=&#8221;30px&#8221;][vc_custom_heading text=&#8221;Gesti\u00f3n de Activos: Beneficios de los Est\u00e1ndares GS1&#8243; font_container=&#8221;tag:h2|font_size:25px|text_align:left|color:%230c2c66&#8243; use_theme_fonts=&#8221;yes&#8221;][vc_row_inner][vc_column_inner][vc_column_text] Muchos fabricantes, transportistas y proveedores de servicios de log\u00edstica utilizan carritos con ruedas, [&hellip;]<\/p>\n","protected":false},"author":2,"featured_media":0,"parent":0,"menu_order":0,"comment_status":"closed","ping_status":"closed","template":"","meta":{"iawp_total_views":2,"footnotes":""},"class_list":["post-2384","page","type-page","status-publish","hentry"],"_links":{"self":[{"href":"https:\/\/gs1ec.org\/contenido\/wp-json\/wp\/v2\/pages\/2384","targetHints":{"allow":["GET"]}}],"collection":[{"href":"https:\/\/gs1ec.org\/contenido\/wp-json\/wp\/v2\/pages"}],"about":[{"href":"https:\/\/gs1ec.org\/contenido\/wp-json\/wp\/v2\/types\/page"}],"author":[{"embeddable":true,"href":"https:\/\/gs1ec.org\/contenido\/wp-json\/wp\/v2\/users\/2"}],"replies":[{"embeddable":true,"href":"https:\/\/gs1ec.org\/contenido\/wp-json\/wp\/v2\/comments?post=2384"}],"version-history":[{"count":1,"href":"https:\/\/gs1ec.org\/contenido\/wp-json\/wp\/v2\/pages\/2384\/revisions"}],"predecessor-version":[{"id":2385,"href":"https:\/\/gs1ec.org\/contenido\/wp-json\/wp\/v2\/pages\/2384\/revisions\/2385"}],"wp:attachment":[{"href":"https:\/\/gs1ec.org\/contenido\/wp-json\/wp\/v2\/media?parent=2384"}],"curies":[{"name":"wp","href":"https:\/\/api.w.org\/{rel}","templated":true}]}}