{"id":2448,"date":"2021-11-22T09:01:54","date_gmt":"2021-11-22T14:01:54","guid":{"rendered":"https:\/\/gs1ec.org\/contenido\/?page_id=2448"},"modified":"2022-07-13T15:20:38","modified_gmt":"2022-07-13T20:20:38","slug":"procesos-de-trazabilidad-en-el-estandar-gs1","status":"publish","type":"page","link":"https:\/\/gs1ec.org\/contenido\/estandares\/estandares-gs1\/usar\/procesos-de-trazabilidad-en-el-estandar-gs1\/","title":{"rendered":"Procesos de Trazabilidad en el Est\u00e1ndar GS1"},"content":{"rendered":"<p>[vc_row full_width=&#8221;stretch_row&#8221; css=&#8221;.vc_custom_1637590323158{padding-top: 60px !important;padding-bottom: 50px !important;background-image: url(https:\/\/gs1ec.org\/contenido\/wp-content\/uploads\/2021\/11\/bread-cod-bar-04.jpg?id=2451) !important;background-position: center !important;background-repeat: no-repeat !important;background-size: cover !important;}&#8221;][vc_column width=&#8221;5\/6&#8243;][vc_custom_heading source=&#8221;post_title&#8221; font_container=&#8221;tag:h1|text_align:left|color:%23ffffff&#8221; use_theme_fonts=&#8221;yes&#8221;][vc_custom_heading text=&#8221;El Est\u00e1ndar define reglas comerciales y los requisitos m\u00ednimos que deben cumplirse en el diese\u00f1o e implementaci\u00f3n de un sistema de trazabilidad. Los mismos se agrupan en torno a una matriz de roles y responsabilidades para cada paso del proceso de trazabilidad.&#8221; font_container=&#8221;tag:h2|font_size:25px|text_align:left|color:%23ffffff&#8221; use_theme_fonts=&#8221;yes&#8221;][\/vc_column][vc_column width=&#8221;1\/6&#8243;][\/vc_column][\/vc_row][vc_row full_width=&#8221;stretch_row&#8221; disable_element=&#8221;yes&#8221; css=&#8221;.vc_custom_1637590380692{padding-top: 50px !important;padding-bottom: 50px !important;}&#8221;][vc_column][vc_empty_space height=&#8221;30px&#8221;][vc_row_inner][vc_column_inner width=&#8221;1\/6&#8243;][\/vc_column_inner][vc_column_inner width=&#8221;2\/3&#8243;][vc_column_text]<\/p>\n<p style=\"text-align: justify;\">En la actualidad, la seguridad, protecci\u00f3n y trazabilidad constituyen tanto un aspecto fundamental de las reglamentaciones gubernamentales como una de las inquietudes de la industria en todo el mundo.<\/p>\n<p style=\"text-align: justify;\">En consecuencia, los distintos participantes de la cadena de abastecimiento a nivel nacional, regional y mundial han recibido propuestas de soluciones de rastreo y seguimiento que resultan incompatibles.<\/p>\n<p style=\"text-align: justify;\">GS1 ha logrado establecer un acuerdo comercial a nivel mundial en cuanto a los requisitos gen\u00e9ricos y a una forma com\u00fan para describir el proceso de trazabilidad, teniendo en cuenta las diferencias impuestas por distintos requerimientos reglamentarios y comerciales y diferentes expectativas en lo que respecta a tecnolog\u00edas habilitantes.<\/p>\n<p>[\/vc_column_text][\/vc_column_inner][vc_column_inner width=&#8221;1\/6&#8243;][\/vc_column_inner][\/vc_row_inner][\/vc_column][\/vc_row][vc_row full_width=&#8221;stretch_row&#8221; css=&#8221;.vc_custom_1632163053668{padding-top: 50px !important;padding-bottom: 50px !important;background-color: #f0f5fa !important;}&#8221;][vc_column][vc_empty_space height=&#8221;30px&#8221;][vc_row_inner][vc_column_inner width=&#8221;1\/2&#8243;][vc_single_image image=&#8221;2455&#8243; img_size=&#8221;full&#8221; alignment=&#8221;center&#8221; label=&#8221;&#8221;][\/vc_column_inner][vc_column_inner width=&#8221;1\/2&#8243;][vc_column_text]<\/p>\n<p style=\"text-align: justify;\">1. El subproceso &#8220;Planificar y Organizar&#8221; determina la forma en la que se asigna, recopila, comparte y mantiene la informaci\u00f3n de trazabilidad.<\/p>\n<p style=\"text-align: justify;\">2. El subproceso &#8220;Alinear Datos Maestros&#8221; determina la forma en que se asignan identificaciones a las partes y ubicaciones f\u00edsicas, a los art\u00edculos comerciales y si corresponde, a los bienes. Tambi\u00e9n determina la forma de intercambiar Datos Maestros con socios comerciales.<\/p>\n<p style=\"text-align: justify;\">3. El subproceso &#8220;Registrar Datos de Trazabilidad&#8221; determina la forma en que se asigna, aplica y captura la identificaci\u00f3n de trazabilidad y la forma en que se recopilan y comparten y almacenan datos de trazabilidad durante el flujo f\u00edsico.<\/p>\n<p style=\"text-align: justify;\">4. El subproceso &#8220;Solicitar Seguimiento&#8221; determina la forma en la que se inicia y se responde a una solicitud de trazabilidad. El subproceso &#8220;Utilizar Informaci\u00f3n&#8221; prermite el uso de procesos anteriores para ejecutar las acciones que correspondan conforme a requisitos legales y comerciales.<\/p>\n<p>[\/vc_column_text][\/vc_column_inner][\/vc_row_inner][vc_row_inner disable_element=&#8221;yes&#8221;][vc_column_inner width=&#8221;2\/3&#8243;][vc_custom_heading text=&#8221;\u00bfQu\u00e9 es la Trazabilidad?&#8221; font_container=&#8221;tag:h2|font_size:25px|text_align:left|color:%230c2c66&#8243; use_theme_fonts=&#8221;yes&#8221;][vc_custom_heading text=&#8221;GS1 Data Matrix&#8221; font_container=&#8221;tag:h2|font_size:25px|text_align:left|color:%230c2c66&#8243; use_theme_fonts=&#8221;yes&#8221;][vc_column_text]S\u00edmbolo de identificaci\u00f3n:]d2<br \/>\nCapacidad: 3116 n\u00fameros, 2335 alfanum\u00e9rica<br \/>\nOmnidireccional<br \/>\nAdmite todas las llaves<br \/>\nCompatible con atributos[\/vc_column_text][\/vc_column_inner][vc_column_inner width=&#8221;1\/3&#8243;][vc_single_image image=&#8221;2089&#8243; img_size=&#8221;full&#8221; alignment=&#8221;center&#8221;][\/vc_column_inner][\/vc_row_inner][\/vc_column][\/vc_row]<\/p>\n","protected":false},"excerpt":{"rendered":"<p>[vc_row full_width=&#8221;stretch_row&#8221; css=&#8221;.vc_custom_1637590323158{padding-top: 60px !important;padding-bottom: 50px !important;background-image: url(https:\/\/gs1ec.org\/contenido\/wp-content\/uploads\/2021\/11\/bread-cod-bar-04.jpg?id=2451) !important;background-position: center !important;background-repeat: no-repeat !important;background-size: cover !important;}&#8221;][vc_column width=&#8221;5\/6&#8243;][vc_custom_heading source=&#8221;post_title&#8221; font_container=&#8221;tag:h1|text_align:left|color:%23ffffff&#8221; use_theme_fonts=&#8221;yes&#8221;][vc_custom_heading text=&#8221;El Est\u00e1ndar define reglas comerciales y los requisitos m\u00ednimos que deben cumplirse en el diese\u00f1o e implementaci\u00f3n de un sistema de trazabilidad. Los mismos se agrupan en torno a una matriz de roles y responsabilidades para [&hellip;]<\/p>\n","protected":false},"author":2,"featured_media":0,"parent":1937,"menu_order":0,"comment_status":"closed","ping_status":"closed","template":"","meta":{"iawp_total_views":105,"footnotes":""},"class_list":["post-2448","page","type-page","status-publish","hentry"],"_links":{"self":[{"href":"https:\/\/gs1ec.org\/contenido\/wp-json\/wp\/v2\/pages\/2448","targetHints":{"allow":["GET"]}}],"collection":[{"href":"https:\/\/gs1ec.org\/contenido\/wp-json\/wp\/v2\/pages"}],"about":[{"href":"https:\/\/gs1ec.org\/contenido\/wp-json\/wp\/v2\/types\/page"}],"author":[{"embeddable":true,"href":"https:\/\/gs1ec.org\/contenido\/wp-json\/wp\/v2\/users\/2"}],"replies":[{"embeddable":true,"href":"https:\/\/gs1ec.org\/contenido\/wp-json\/wp\/v2\/comments?post=2448"}],"version-history":[{"count":5,"href":"https:\/\/gs1ec.org\/contenido\/wp-json\/wp\/v2\/pages\/2448\/revisions"}],"predecessor-version":[{"id":2456,"href":"https:\/\/gs1ec.org\/contenido\/wp-json\/wp\/v2\/pages\/2448\/revisions\/2456"}],"up":[{"embeddable":true,"href":"https:\/\/gs1ec.org\/contenido\/wp-json\/wp\/v2\/pages\/1937"}],"wp:attachment":[{"href":"https:\/\/gs1ec.org\/contenido\/wp-json\/wp\/v2\/media?parent=2448"}],"curies":[{"name":"wp","href":"https:\/\/api.w.org\/{rel}","templated":true}]}}