{"id":2477,"date":"2021-11-22T10:27:00","date_gmt":"2021-11-22T15:27:00","guid":{"rendered":"https:\/\/gs1ec.org\/contenido\/?page_id=2477"},"modified":"2022-07-13T15:20:49","modified_gmt":"2022-07-13T20:20:49","slug":"principios-de-la-trazabilidad","status":"publish","type":"page","link":"https:\/\/gs1ec.org\/contenido\/estandares\/estandares-gs1\/usar\/principios-de-la-trazabilidad\/","title":{"rendered":"Principios de la Trazabilidad"},"content":{"rendered":"<p>[vc_row full_width=&#8221;stretch_row&#8221; css=&#8221;.vc_custom_1637590323158{padding-top: 60px !important;padding-bottom: 50px !important;background-image: url(https:\/\/gs1ec.org\/contenido\/wp-content\/uploads\/2021\/11\/bread-cod-bar-04.jpg?id=2451) !important;background-position: center !important;background-repeat: no-repeat !important;background-size: cover !important;}&#8221;][vc_column width=&#8221;5\/6&#8243;][vc_custom_heading source=&#8221;post_title&#8221; font_container=&#8221;tag:h1|text_align:left|color:%23ffffff&#8221; use_theme_fonts=&#8221;yes&#8221;][vc_custom_heading text=&#8221;La Trazabilidad consiste en asociar sistem\u00e1ticamente un flujo de informaci\u00f3n a un flujo f\u00edsico de mercanc\u00edas de manera que se pueda reencontrar en un instante determinado la informaci\u00f3n requerida relativa a los lotes o grupos de productos espec\u00edficos. Para lograr esto, la trazabilidad se base en los siguientes principios:&#8221; font_container=&#8221;tag:h2|font_size:25px|text_align:left|color:%23ffffff&#8221; use_theme_fonts=&#8221;yes&#8221;][\/vc_column][vc_column width=&#8221;1\/6&#8243;][\/vc_column][\/vc_row][vc_row full_width=&#8221;stretch_row&#8221; disable_element=&#8221;yes&#8221; css=&#8221;.vc_custom_1637590380692{padding-top: 50px !important;padding-bottom: 50px !important;}&#8221;][vc_column][vc_empty_space height=&#8221;30px&#8221;][vc_row_inner][vc_column_inner width=&#8221;1\/6&#8243;][\/vc_column_inner][vc_column_inner width=&#8221;2\/3&#8243;][vc_column_text]<\/p>\n<p style=\"text-align: justify;\">En la actualidad, la seguridad, protecci\u00f3n y trazabilidad constituyen tanto un aspecto fundamental de las reglamentaciones gubernamentales como una de las inquietudes de la industria en todo el mundo.<\/p>\n<p style=\"text-align: justify;\">En consecuencia, los distintos participantes de la cadena de abastecimiento a nivel nacional, regional y mundial han recibido propuestas de soluciones de rastreo y seguimiento que resultan incompatibles.<\/p>\n<p style=\"text-align: justify;\">GS1 ha logrado establecer un acuerdo comercial a nivel mundial en cuanto a los requisitos gen\u00e9ricos y a una forma com\u00fan para describir el proceso de trazabilidad, teniendo en cuenta las diferencias impuestas por distintos requerimientos reglamentarios y comerciales y diferentes expectativas en lo que respecta a tecnolog\u00edas habilitantes.<\/p>\n<p>[\/vc_column_text][\/vc_column_inner][vc_column_inner width=&#8221;1\/6&#8243;][\/vc_column_inner][\/vc_row_inner][\/vc_column][\/vc_row][vc_row full_width=&#8221;stretch_row&#8221; css=&#8221;.vc_custom_1632163053668{padding-top: 50px !important;padding-bottom: 50px !important;background-color: #f0f5fa !important;}&#8221;][vc_column][vc_empty_space height=&#8221;30px&#8221;][vc_row_inner][vc_column_inner width=&#8221;1\/2&#8243;][vc_single_image image=&#8221;2483&#8243; img_size=&#8221;full&#8221; alignment=&#8221;center&#8221; label=&#8221;&#8221;][\/vc_column_inner][vc_column_inner width=&#8221;1\/2&#8243;][vc_custom_heading text=&#8221;Identificaci\u00f3n \u00danica&#8221; font_container=&#8221;tag:h2|font_size:25px|text_align:left|color:%230c2c66&#8243; use_theme_fonts=&#8221;yes&#8221;][vc_column_text]<\/p>\n<p style=\"text-align: justify;\">Cualquier unidad comercial debe ser identificada inequ\u00edvocamente. Este identificador \u00fanico es la llave que permite acceder a todos los datos disponibles acerca de la historia del producto, aplicaci\u00f3n o ubicaci\u00f3n.<\/p>\n<p>[\/vc_column_text][\/vc_column_inner][\/vc_row_inner][vc_row_inner disable_element=&#8221;yes&#8221;][vc_column_inner width=&#8221;2\/3&#8243;][vc_custom_heading text=&#8221;GS1 Data Matrix&#8221; font_container=&#8221;tag:h2|font_size:25px|text_align:left|color:%230c2c66&#8243; use_theme_fonts=&#8221;yes&#8221;][vc_column_text]S\u00edmbolo de identificaci\u00f3n:]d2<br \/>\nCapacidad: 3116 n\u00fameros, 2335 alfanum\u00e9rica<br \/>\nOmnidireccional<br \/>\nAdmite todas las llaves<br \/>\nCompatible con atributos[\/vc_column_text][\/vc_column_inner][vc_column_inner width=&#8221;1\/3&#8243;][vc_single_image image=&#8221;2089&#8243; img_size=&#8221;full&#8221; alignment=&#8221;center&#8221;][\/vc_column_inner][\/vc_row_inner][\/vc_column][\/vc_row][vc_row full_width=&#8221;stretch_row&#8221; css=&#8221;.vc_custom_1637595042918{padding-top: 50px !important;padding-bottom: 50px !important;}&#8221;][vc_column][vc_empty_space height=&#8221;30px&#8221;][vc_row_inner][vc_column_inner width=&#8221;1\/2&#8243;][vc_custom_heading text=&#8221;Captura y Registro de Datos&#8221; font_container=&#8221;tag:h2|font_size:25px|text_align:left|color:%230c2c66&#8243; use_theme_fonts=&#8221;yes&#8221;][vc_column_text]<\/p>\n<p style=\"text-align: justify;\">La Trazabilidad requiere datos predefinidos para ser capturados y registrados a trav\u00e9s de la cadena de abastecimiento. La exactitud y velocidad de la captura de \u00e9stos, su registro y posterior recuperaci\u00f3n, es uno de los principales indicadores del rendimiento de cualquier sistema de trazabilidad.<\/p>\n<p>[\/vc_column_text][\/vc_column_inner][vc_column_inner width=&#8221;1\/2&#8243;][vc_single_image image=&#8221;2484&#8243; img_size=&#8221;full&#8221; alignment=&#8221;center&#8221; label=&#8221;&#8221;][\/vc_column_inner][\/vc_row_inner][\/vc_column][\/vc_row][vc_row full_width=&#8221;stretch_row&#8221; css=&#8221;.vc_custom_1632163053668{padding-top: 50px !important;padding-bottom: 50px !important;background-color: #f0f5fa !important;}&#8221;][vc_column][vc_empty_space height=&#8221;30px&#8221;][vc_row_inner][vc_column_inner width=&#8221;1\/2&#8243;][vc_single_image image=&#8221;2485&#8243; img_size=&#8221;full&#8221; alignment=&#8221;center&#8221; label=&#8221;&#8221;][\/vc_column_inner][vc_column_inner width=&#8221;1\/2&#8243;][vc_custom_heading text=&#8221;Manejo de Links&#8221; font_container=&#8221;tag:h2|font_size:25px|text_align:left|color:%230c2c66&#8243; use_theme_fonts=&#8221;yes&#8221;][vc_column_text]<\/p>\n<p style=\"text-align: justify;\">La Trazabilidad requiere del manejo de links sucesivos entre los art\u00edculos\/productos\/lotes que son recibidos, producidos, empacados, almacenados y despachados a trav\u00e9s de toda la cadena de abastecimiento. Si uno de los participantes falla en el manejo de \u00e9stos, se romper\u00e1 la &#8220;cadena de informaci\u00f3n&#8221;, con la consecuente p\u00e9rdida de trazabilidad de los productos.<\/p>\n<p>[\/vc_column_text][\/vc_column_inner][\/vc_row_inner][\/vc_column][\/vc_row][vc_row full_width=&#8221;stretch_row&#8221; css=&#8221;.vc_custom_1637595042918{padding-top: 50px !important;padding-bottom: 50px !important;}&#8221;][vc_column][vc_empty_space height=&#8221;30px&#8221;][vc_row_inner][vc_column_inner width=&#8221;1\/2&#8243;][vc_custom_heading text=&#8221;Comunicaci\u00f3n de Datos&#8221; font_container=&#8221;tag:h2|font_size:25px|text_align:left|color:%230c2c66&#8243; use_theme_fonts=&#8221;yes&#8221;][vc_column_text]<\/p>\n<p style=\"text-align: justify;\">La Trazabilidad requiere una asociaci\u00f3n del flujo f\u00edsico de productos con el flujo de informaci\u00f3n, cada actor de la cadena de abastecimiento debe comunicar al siguiente participante datos predefinidos, permitiendo as\u00ed la posterior aplicaci\u00f3n de los principios de trazabilidad.<\/p>\n<p style=\"text-align: justify;\">Dado que la trazabilidad no es un proyecto individual de una sola empresa, sino que relaciona varias empresas a lo largo de la cadena de suministros, el sistema de transmisi\u00f3n electr\u00f3nica de datos facilita, una vez m\u00e1s esa misi\u00f3n, dado que son est\u00e1ndares conocidos internacionalmente.<\/p>\n<p>[\/vc_column_text][\/vc_column_inner][vc_column_inner width=&#8221;1\/2&#8243;][vc_single_image image=&#8221;2486&#8243; img_size=&#8221;full&#8221; alignment=&#8221;center&#8221; label=&#8221;&#8221;][\/vc_column_inner][\/vc_row_inner][\/vc_column][\/vc_row]<\/p>\n","protected":false},"excerpt":{"rendered":"<p>[vc_row full_width=&#8221;stretch_row&#8221; css=&#8221;.vc_custom_1637590323158{padding-top: 60px !important;padding-bottom: 50px !important;background-image: url(https:\/\/gs1ec.org\/contenido\/wp-content\/uploads\/2021\/11\/bread-cod-bar-04.jpg?id=2451) !important;background-position: center !important;background-repeat: no-repeat !important;background-size: cover !important;}&#8221;][vc_column width=&#8221;5\/6&#8243;][vc_custom_heading source=&#8221;post_title&#8221; font_container=&#8221;tag:h1|text_align:left|color:%23ffffff&#8221; use_theme_fonts=&#8221;yes&#8221;][vc_custom_heading text=&#8221;La Trazabilidad consiste en asociar sistem\u00e1ticamente un flujo de informaci\u00f3n a un flujo f\u00edsico de mercanc\u00edas de manera que se pueda reencontrar en un instante determinado la informaci\u00f3n requerida relativa a los lotes o grupos de [&hellip;]<\/p>\n","protected":false},"author":2,"featured_media":0,"parent":1937,"menu_order":0,"comment_status":"closed","ping_status":"closed","template":"","meta":{"iawp_total_views":95,"footnotes":""},"class_list":["post-2477","page","type-page","status-publish","hentry"],"_links":{"self":[{"href":"https:\/\/gs1ec.org\/contenido\/wp-json\/wp\/v2\/pages\/2477","targetHints":{"allow":["GET"]}}],"collection":[{"href":"https:\/\/gs1ec.org\/contenido\/wp-json\/wp\/v2\/pages"}],"about":[{"href":"https:\/\/gs1ec.org\/contenido\/wp-json\/wp\/v2\/types\/page"}],"author":[{"embeddable":true,"href":"https:\/\/gs1ec.org\/contenido\/wp-json\/wp\/v2\/users\/2"}],"replies":[{"embeddable":true,"href":"https:\/\/gs1ec.org\/contenido\/wp-json\/wp\/v2\/comments?post=2477"}],"version-history":[{"count":6,"href":"https:\/\/gs1ec.org\/contenido\/wp-json\/wp\/v2\/pages\/2477\/revisions"}],"predecessor-version":[{"id":2487,"href":"https:\/\/gs1ec.org\/contenido\/wp-json\/wp\/v2\/pages\/2477\/revisions\/2487"}],"up":[{"embeddable":true,"href":"https:\/\/gs1ec.org\/contenido\/wp-json\/wp\/v2\/pages\/1937"}],"wp:attachment":[{"href":"https:\/\/gs1ec.org\/contenido\/wp-json\/wp\/v2\/media?parent=2477"}],"curies":[{"name":"wp","href":"https:\/\/api.w.org\/{rel}","templated":true}]}}