{"id":2759,"date":"2022-06-08T12:49:48","date_gmt":"2022-06-08T17:49:48","guid":{"rendered":"https:\/\/gs1ec.org\/contenido\/?page_id=2759"},"modified":"2022-07-13T16:30:06","modified_gmt":"2022-07-13T21:30:06","slug":"certificacion-de-trazabilidad","status":"publish","type":"page","link":"https:\/\/gs1ec.org\/contenido\/certificacion-de-trazabilidad\/","title":{"rendered":"Certificaci\u00f3n de Trazabilidad"},"content":{"rendered":"<p>[vc_row full_width=&#8221;stretch_row&#8221; css=&#8221;.vc_custom_1636645565793{padding-top: 60px !important;padding-bottom: 50px !important;background-image: url(https:\/\/gs1ec.org\/contenido\/wp-content\/uploads\/2021\/10\/bread-soluciones.jpg?id=2227) !important;background-position: center !important;background-repeat: no-repeat !important;background-size: cover !important;}&#8221;][vc_column width=&#8221;1\/2&#8243;][vc_custom_heading source=&#8221;post_title&#8221; font_container=&#8221;tag:h1|text_align:left|color:%23ffffff&#8221; use_theme_fonts=&#8221;yes&#8221;][\/vc_column][vc_column width=&#8221;1\/2&#8243;][\/vc_column][\/vc_row][vc_row full_width=&#8221;stretch_row&#8221; css=&#8221;.vc_custom_1633367509733{padding-top: 50px !important;padding-bottom: 50px !important;}&#8221;][vc_column][vc_empty_space height=&#8221;30px&#8221;][vc_single_image image=&#8221;1931&#8243; img_size=&#8221;full&#8221;][vc_column_text]<\/p>\n<p style=\"text-align: justify;\">Con el fin de acercarle a las empresas un mecanismo que permita certificar los procesos de trazabilidad y diferenciarse competitivamente de sus competidores, GS1 ha desarrollado el Servicio de Certificaciones de Trazabilidad GTC (Global Traceability Conformance).<\/p>\n<p style=\"text-align: justify;\">El GTC es un proceso de certificaci\u00f3n de trazabilidad con 95 puntos de gesti\u00f3n que est\u00e1 basado en los Est\u00e1ndares Globales GS1 y es el paso previo para lograr un adecuado cumplimiento de regulaciones y certificaciones de calidad como ISO 22005, BCR, SQF, IFS, HACCP, Global A.P<\/p>\n<p style=\"text-align: justify;\">Con este servicio tu empresa no s\u00f3lo tendr\u00e1 un diferencial competitivo sino que organizar\u00e1 sus procesos de forma eficiente, permiti\u00e9ndole mejorar aspectos de control de gastos, velocidad de procesamiento, optimizaci\u00f3n de recursos, etc.<\/p>\n<p style=\"text-align: justify;\">Este servicio al igual que los otros servicios de GS1 son multisectoriales.<\/p>\n<p>[\/vc_column_text][\/vc_column][\/vc_row]<\/p>\n","protected":false},"excerpt":{"rendered":"<p>[vc_row full_width=&#8221;stretch_row&#8221; css=&#8221;.vc_custom_1636645565793{padding-top: 60px !important;padding-bottom: 50px !important;background-image: url(https:\/\/gs1ec.org\/contenido\/wp-content\/uploads\/2021\/10\/bread-soluciones.jpg?id=2227) !important;background-position: center !important;background-repeat: no-repeat !important;background-size: cover !important;}&#8221;][vc_column width=&#8221;1\/2&#8243;][vc_custom_heading source=&#8221;post_title&#8221; font_container=&#8221;tag:h1|text_align:left|color:%23ffffff&#8221; use_theme_fonts=&#8221;yes&#8221;][\/vc_column][vc_column width=&#8221;1\/2&#8243;][\/vc_column][\/vc_row][vc_row full_width=&#8221;stretch_row&#8221; css=&#8221;.vc_custom_1633367509733{padding-top: 50px !important;padding-bottom: 50px !important;}&#8221;][vc_column][vc_empty_space height=&#8221;30px&#8221;][vc_single_image image=&#8221;1931&#8243; img_size=&#8221;full&#8221;][vc_column_text] Con el fin de acercarle a las empresas un mecanismo que permita certificar los procesos de trazabilidad y diferenciarse competitivamente de sus competidores, GS1 ha desarrollado [&hellip;]<\/p>\n","protected":false},"author":2,"featured_media":0,"parent":0,"menu_order":0,"comment_status":"closed","ping_status":"closed","template":"","meta":{"iawp_total_views":68,"footnotes":""},"class_list":["post-2759","page","type-page","status-publish","hentry"],"_links":{"self":[{"href":"https:\/\/gs1ec.org\/contenido\/wp-json\/wp\/v2\/pages\/2759","targetHints":{"allow":["GET"]}}],"collection":[{"href":"https:\/\/gs1ec.org\/contenido\/wp-json\/wp\/v2\/pages"}],"about":[{"href":"https:\/\/gs1ec.org\/contenido\/wp-json\/wp\/v2\/types\/page"}],"author":[{"embeddable":true,"href":"https:\/\/gs1ec.org\/contenido\/wp-json\/wp\/v2\/users\/2"}],"replies":[{"embeddable":true,"href":"https:\/\/gs1ec.org\/contenido\/wp-json\/wp\/v2\/comments?post=2759"}],"version-history":[{"count":5,"href":"https:\/\/gs1ec.org\/contenido\/wp-json\/wp\/v2\/pages\/2759\/revisions"}],"predecessor-version":[{"id":2853,"href":"https:\/\/gs1ec.org\/contenido\/wp-json\/wp\/v2\/pages\/2759\/revisions\/2853"}],"wp:attachment":[{"href":"https:\/\/gs1ec.org\/contenido\/wp-json\/wp\/v2\/media?parent=2759"}],"curies":[{"name":"wp","href":"https:\/\/api.w.org\/{rel}","templated":true}]}}