{"id":2764,"date":"2022-06-08T12:53:07","date_gmt":"2022-06-08T17:53:07","guid":{"rendered":"https:\/\/gs1ec.org\/contenido\/?page_id=2764"},"modified":"2022-06-08T12:53:07","modified_gmt":"2022-06-08T17:53:07","slug":"estudio-habitos-del-consumidor","status":"publish","type":"page","link":"https:\/\/gs1ec.org\/contenido\/estudio-habitos-del-consumidor\/","title":{"rendered":"Estudio H\u00e1bitos del Consumidor"},"content":{"rendered":"<p>[vc_row full_width=&#8221;stretch_row&#8221; css=&#8221;.vc_custom_1636645565793{padding-top: 60px !important;padding-bottom: 50px !important;background-image: url(https:\/\/gs1ec.org\/contenido\/wp-content\/uploads\/2021\/10\/bread-soluciones.jpg?id=2227) !important;background-position: center !important;background-repeat: no-repeat !important;background-size: cover !important;}&#8221;][vc_column width=&#8221;1\/2&#8243;][vc_custom_heading source=&#8221;post_title&#8221; font_container=&#8221;tag:h1|text_align:left|color:%23ffffff&#8221; use_theme_fonts=&#8221;yes&#8221;][\/vc_column][vc_column width=&#8221;1\/2&#8243;][\/vc_column][\/vc_row][vc_row full_width=&#8221;stretch_row&#8221; css=&#8221;.vc_custom_1633367509733{padding-top: 50px !important;padding-bottom: 50px !important;}&#8221;][vc_column][vc_empty_space height=&#8221;30px&#8221;][vc_single_image image=&#8221;1931&#8243; img_size=&#8221;full&#8221;][vc_column_text]<\/p>\n<p style=\"text-align: justify;\">Este estudio busca conocer mejor el perfil de los clientes que visitan los supermercados o farmacias, determinar su grado de satisfacci\u00f3n, criterios b\u00e1sicos para realizar las compras y como las realizan, lugares que visita, frecuencia de compra, m\u00e9todos de pago, decisiones que toman los clientes en determinadas situaciones, categor\u00edas no tradicionales, publicidad, entre otros aspectos.<\/p>\n<p style=\"text-align: justify;\">Este servicio al igual que los otros servicios de GS1 son multisectoriales.<\/p>\n<p>[\/vc_column_text][\/vc_column][\/vc_row]<\/p>\n","protected":false},"excerpt":{"rendered":"<p>[vc_row full_width=&#8221;stretch_row&#8221; css=&#8221;.vc_custom_1636645565793{padding-top: 60px !important;padding-bottom: 50px !important;background-image: url(https:\/\/gs1ec.org\/contenido\/wp-content\/uploads\/2021\/10\/bread-soluciones.jpg?id=2227) !important;background-position: center !important;background-repeat: no-repeat !important;background-size: cover !important;}&#8221;][vc_column width=&#8221;1\/2&#8243;][vc_custom_heading source=&#8221;post_title&#8221; font_container=&#8221;tag:h1|text_align:left|color:%23ffffff&#8221; use_theme_fonts=&#8221;yes&#8221;][\/vc_column][vc_column width=&#8221;1\/2&#8243;][\/vc_column][\/vc_row][vc_row full_width=&#8221;stretch_row&#8221; css=&#8221;.vc_custom_1633367509733{padding-top: 50px !important;padding-bottom: 50px !important;}&#8221;][vc_column][vc_empty_space height=&#8221;30px&#8221;][vc_single_image image=&#8221;1931&#8243; img_size=&#8221;full&#8221;][vc_column_text] Este estudio busca conocer mejor el perfil de los clientes que visitan los supermercados o farmacias, determinar su grado de satisfacci\u00f3n, criterios b\u00e1sicos para realizar las [&hellip;]<\/p>\n","protected":false},"author":2,"featured_media":0,"parent":0,"menu_order":0,"comment_status":"closed","ping_status":"closed","template":"","meta":{"iawp_total_views":22,"footnotes":""},"class_list":["post-2764","page","type-page","status-publish","hentry"],"_links":{"self":[{"href":"https:\/\/gs1ec.org\/contenido\/wp-json\/wp\/v2\/pages\/2764","targetHints":{"allow":["GET"]}}],"collection":[{"href":"https:\/\/gs1ec.org\/contenido\/wp-json\/wp\/v2\/pages"}],"about":[{"href":"https:\/\/gs1ec.org\/contenido\/wp-json\/wp\/v2\/types\/page"}],"author":[{"embeddable":true,"href":"https:\/\/gs1ec.org\/contenido\/wp-json\/wp\/v2\/users\/2"}],"replies":[{"embeddable":true,"href":"https:\/\/gs1ec.org\/contenido\/wp-json\/wp\/v2\/comments?post=2764"}],"version-history":[{"count":1,"href":"https:\/\/gs1ec.org\/contenido\/wp-json\/wp\/v2\/pages\/2764\/revisions"}],"predecessor-version":[{"id":2765,"href":"https:\/\/gs1ec.org\/contenido\/wp-json\/wp\/v2\/pages\/2764\/revisions\/2765"}],"wp:attachment":[{"href":"https:\/\/gs1ec.org\/contenido\/wp-json\/wp\/v2\/media?parent=2764"}],"curies":[{"name":"wp","href":"https:\/\/api.w.org\/{rel}","templated":true}]}}