{"id":2766,"date":"2022-06-08T12:56:58","date_gmt":"2022-06-08T17:56:58","guid":{"rendered":"https:\/\/gs1ec.org\/contenido\/?page_id=2766"},"modified":"2022-06-08T12:56:58","modified_gmt":"2022-06-08T17:56:58","slug":"tienda-perfecta-o-perfect-store","status":"publish","type":"page","link":"https:\/\/gs1ec.org\/contenido\/tienda-perfecta-o-perfect-store\/","title":{"rendered":"Tienda Perfecta o Perfect Store"},"content":{"rendered":"<p>[vc_row full_width=&#8221;stretch_row&#8221; css=&#8221;.vc_custom_1636645565793{padding-top: 60px !important;padding-bottom: 50px !important;background-image: url(https:\/\/gs1ec.org\/contenido\/wp-content\/uploads\/2021\/10\/bread-soluciones.jpg?id=2227) !important;background-position: center !important;background-repeat: no-repeat !important;background-size: cover !important;}&#8221;][vc_column width=&#8221;1\/2&#8243;][vc_custom_heading source=&#8221;post_title&#8221; font_container=&#8221;tag:h1|text_align:left|color:%23ffffff&#8221; use_theme_fonts=&#8221;yes&#8221;][\/vc_column][vc_column width=&#8221;1\/2&#8243;][\/vc_column][\/vc_row][vc_row full_width=&#8221;stretch_row&#8221; css=&#8221;.vc_custom_1633367509733{padding-top: 50px !important;padding-bottom: 50px !important;}&#8221;][vc_column][vc_empty_space height=&#8221;30px&#8221;][vc_single_image image=&#8221;1931&#8243; img_size=&#8221;full&#8221;][vc_column_text]<\/p>\n<p style=\"text-align: justify;\">El servicio Perfect Store o Tienda Perfecta busca garantizar una excelente ejecuci\u00f3n en el punto de venta. Tiene como objetivo garantizar una excelente ejecuci\u00f3n de las principales operaciones en el punto de venta.<\/p>\n<p style=\"text-align: justify;\">Mejorar la experiencia de los consumidores en los supermercados para identificar la disponibilidad de productos en g\u00f3ndola, la ubicaci\u00f3n de estos o disminuir las filas en la caja.<\/p>\n<p style=\"text-align: justify;\">Los establecimientos comerciales y sus proveedores se ver\u00e1n beneficiados al tener una disponibilidad permanente de los productos en el lugar, garantizar que el precio de los art\u00edculos sea el mismo tanto en las g\u00f3ndolas como en las cajas, entre otros.<\/p>\n<p style=\"text-align: justify;\">Hoy los consumidores son cada vez m\u00e1s exigentes y menos fieles a una cadena de supermercado por lo que se hace casi obligatorio ofrecerles una experiencia de calidad que no deje escapar ning\u00fan detalle de ning\u00fan \u00e1rea para garantizar que regresar\u00e1n en una nueva visita.<\/p>\n<p style=\"text-align: justify;\">Este servicio al igual que los otros servicios de GS1 son multisectoriales.<\/p>\n<p>[\/vc_column_text][\/vc_column][\/vc_row]<\/p>\n","protected":false},"excerpt":{"rendered":"<p>[vc_row full_width=&#8221;stretch_row&#8221; css=&#8221;.vc_custom_1636645565793{padding-top: 60px !important;padding-bottom: 50px !important;background-image: url(https:\/\/gs1ec.org\/contenido\/wp-content\/uploads\/2021\/10\/bread-soluciones.jpg?id=2227) !important;background-position: center !important;background-repeat: no-repeat !important;background-size: cover !important;}&#8221;][vc_column width=&#8221;1\/2&#8243;][vc_custom_heading source=&#8221;post_title&#8221; font_container=&#8221;tag:h1|text_align:left|color:%23ffffff&#8221; use_theme_fonts=&#8221;yes&#8221;][\/vc_column][vc_column width=&#8221;1\/2&#8243;][\/vc_column][\/vc_row][vc_row full_width=&#8221;stretch_row&#8221; css=&#8221;.vc_custom_1633367509733{padding-top: 50px !important;padding-bottom: 50px !important;}&#8221;][vc_column][vc_empty_space height=&#8221;30px&#8221;][vc_single_image image=&#8221;1931&#8243; img_size=&#8221;full&#8221;][vc_column_text] El servicio Perfect Store o Tienda Perfecta busca garantizar una excelente ejecuci\u00f3n en el punto de venta. Tiene como objetivo garantizar una excelente ejecuci\u00f3n de las [&hellip;]<\/p>\n","protected":false},"author":2,"featured_media":0,"parent":0,"menu_order":0,"comment_status":"closed","ping_status":"closed","template":"","meta":{"iawp_total_views":30,"footnotes":""},"class_list":["post-2766","page","type-page","status-publish","hentry"],"_links":{"self":[{"href":"https:\/\/gs1ec.org\/contenido\/wp-json\/wp\/v2\/pages\/2766","targetHints":{"allow":["GET"]}}],"collection":[{"href":"https:\/\/gs1ec.org\/contenido\/wp-json\/wp\/v2\/pages"}],"about":[{"href":"https:\/\/gs1ec.org\/contenido\/wp-json\/wp\/v2\/types\/page"}],"author":[{"embeddable":true,"href":"https:\/\/gs1ec.org\/contenido\/wp-json\/wp\/v2\/users\/2"}],"replies":[{"embeddable":true,"href":"https:\/\/gs1ec.org\/contenido\/wp-json\/wp\/v2\/comments?post=2766"}],"version-history":[{"count":1,"href":"https:\/\/gs1ec.org\/contenido\/wp-json\/wp\/v2\/pages\/2766\/revisions"}],"predecessor-version":[{"id":2767,"href":"https:\/\/gs1ec.org\/contenido\/wp-json\/wp\/v2\/pages\/2766\/revisions\/2767"}],"wp:attachment":[{"href":"https:\/\/gs1ec.org\/contenido\/wp-json\/wp\/v2\/media?parent=2766"}],"curies":[{"name":"wp","href":"https:\/\/api.w.org\/{rel}","templated":true}]}}