{"id":2984,"date":"2023-09-04T17:11:57","date_gmt":"2023-09-04T22:11:57","guid":{"rendered":"https:\/\/gs1ec.org\/contenido\/?page_id=2984"},"modified":"2023-09-05T12:25:56","modified_gmt":"2023-09-05T17:25:56","slug":"verified-gs1","status":"publish","type":"page","link":"https:\/\/gs1ec.org\/contenido\/verified-gs1\/","title":{"rendered":"Verified by GS1"},"content":{"rendered":"<p>[vc_row full_width=&#8221;stretch_row&#8221; css=&#8221;.vc_custom_1693855293032{padding-top: 10px !important;padding-bottom: 50px !important;background: #ffffff url(https:\/\/gs1ec.org\/contenido\/wp-content\/uploads\/2023\/09\/verified-go.png?id=2987) !important;}&#8221;][vc_column][vc_empty_space height=&#8221;300px&#8221;][\/vc_column][\/vc_row][vc_row css=&#8221;.vc_custom_1654721999816{padding-top: 20px !important;padding-bottom: 50px !important;}&#8221;][vc_column width=&#8221;2\/3&#8243;][vc_custom_heading text=&#8221;La confianza y la eficiencia comienzan con una identificaci\u00f3n v\u00e1lida&#8221; font_container=&#8221;tag:h3|font_size:32px|text_align:left&#8221; use_theme_fonts=&#8221;yes&#8221; el_class=&#8221;m-b-none&#8221;][vc_empty_space height=&#8221;30px&#8221;][vc_column_text]<\/p>\n<p style=\"text-align: justify;\"><span style=\"font-size: 16px;\"><strong>Vivimos en un mundo donde los datos impulsan los negocios. Los sitios web de comercio electr\u00f3nico ofrecen millones de productos a los consumidores, y todos los d\u00edas se escanean miles de millones de c\u00f3digos de barras en las tiendas f\u00edsicas. Desafortunadamente, los minoristas y los mercados no pueden verificar con confianza los productos que venden utilizando una \u00fanica fuente de informaci\u00f3n de productos confiable. Ahora con Verified by GS1 puede responder a la pregunta: &#8220;\u00bfEs este el producto que creo que es?&#8221;<\/strong><\/span><\/p>\n<p>[\/vc_column_text][vc_custom_heading text=&#8221;\u00bfQu\u00e9 es Verified by GS1?&#8221; font_container=&#8221;tag:h3|font_size:32px|text_align:left&#8221; use_theme_fonts=&#8221;yes&#8221; el_class=&#8221;m-b-none&#8221;][vc_empty_space height=&#8221;30px&#8221;][vc_empty_space height=&#8221;30px&#8221;][vc_column_text]<\/p>\n<p style=\"text-align: justify;\">Verified by GS1 es una soluci\u00f3n global que permite a los retailers y marketplaces verificar la identidad de un producto consultando la plataforma global de registro GS1.<\/p>\n<p>[\/vc_column_text][vc_single_image image=&#8221;3003&#8243; img_size=&#8221;full&#8221; alignment=&#8221;center&#8221; onclick=&#8221;custom_link&#8221; img_link_target=&#8221;_blank&#8221; css_animation=&#8221;fadeInDown&#8221; link=&#8221;https:\/\/www.gs1.org\/services\/verified-by-gs1&#8243;][\/vc_column][vc_column width=&#8221;1\/3&#8243;][mvc_infobox title_color=&#8221;#002c6c&#8221; image_id=&#8221;1774&#8243; info_title=&#8221;Vincular el producto correcto con la informaci\u00f3n correcta&#8221; image_size=&#8221;200&#8243; title_size=&#8221;16&#8243;][\/mvc_infobox][mvc_infobox title_color=&#8221;#002c6c&#8221; image_id=&#8221;1789&#8243; info_title=&#8221;Facilitar la b\u00fasqueda y compra de un producto&#8221; image_size=&#8221;200&#8243; title_size=&#8221;16&#8243;][\/mvc_infobox][mvc_infobox title_color=&#8221;#002c6c&#8221; image_id=&#8221;1788&#8243; info_title=&#8221;Mejorar la disponibilidad de informaci\u00f3n de productos confiables&#8221; image_size=&#8221;200&#8243; title_size=&#8221;16&#8243;][\/mvc_infobox][\/vc_column][\/vc_row][vc_row css=&#8221;.vc_custom_1693862706116{background-color: #e5f0fc !important;}&#8221;][vc_column][vc_custom_heading text=&#8221;Grandes beneficios que ofrece Verified by GS1&#8243; font_container=&#8221;tag:h3|font_size:32px|text_align:left&#8221; use_theme_fonts=&#8221;yes&#8221; el_class=&#8221;m-b-none&#8221;][vc_empty_space height=&#8221;30px&#8221;][vc_row_inner css=&#8221;.vc_custom_1693862838121{background-color: #e5f0fc !important;}&#8221;][vc_column_inner width=&#8221;1\/2&#8243;][info_list_father][info_list_son style=&#8221;icon&#8221; size=&#8221;20&#8243; width=&#8221;60&#8243; height=&#8221;60&#8243; titleclr=&#8221;#000000&#8243; icon=&#8221;fa fa-check-circle&#8221; iconclr=&#8221;#9fd677&#8243;]Permite a los miembros de GS1 de todo el mundo, verificar la identidad de cada producto que se comercializa.[\/info_list_son][info_list_son style=&#8221;icon&#8221; size=&#8221;20&#8243; width=&#8221;60&#8243; height=&#8221;60&#8243; titleclr=&#8221;#000000&#8243; icon=&#8221;fa fa-check-circle&#8221; iconclr=&#8221;#9fd677&#8243;]Que la informaci\u00f3n pueda ser confirmada por los socios comerciales de manera \u00e1gil.[\/info_list_son][\/info_list_father][\/vc_column_inner][vc_column_inner width=&#8221;1\/2&#8243;][info_list_father][info_list_son style=&#8221;icon&#8221; size=&#8221;20&#8243; width=&#8221;60&#8243; height=&#8221;60&#8243; titleclr=&#8221;#000000&#8243; icon=&#8221;fa fa-check-circle&#8221; iconclr=&#8221;#9fd677&#8243;]Garantiza que cada producto tenga asignado un GTIN \u00fanico que ha sido otorgado seg\u00fan las reglas de asignaci\u00f3n de GS1[\/info_list_son][info_list_son style=&#8221;icon&#8221; size=&#8221;20&#8243; width=&#8221;60&#8243; height=&#8221;60&#8243; titleclr=&#8221;#000000&#8243; icon=&#8221;fa fa-check-circle&#8221; iconclr=&#8221;#9fd677&#8243;]Permite a los propietarios de marcas confirmar la disponibilidad de GTIN&#8217;s.[\/info_list_son][info_list_son style=&#8221;icon&#8221; size=&#8221;20&#8243; width=&#8221;60&#8243; height=&#8221;60&#8243; titleclr=&#8221;#000000&#8243; icon=&#8221;fa fa-check-circle&#8221; iconclr=&#8221;#9fd677&#8243;]Incrementa la confianza del consumidor, ya que \u00e9sta se basa en informaci\u00f3n completa y precisa.[\/info_list_son][\/info_list_father][\/vc_column_inner][\/vc_row_inner][\/vc_column][\/vc_row][vc_row][vc_column][vc_empty_space height=&#8221;30px&#8221;][vc_single_image image=&#8221;3020&#8243; img_size=&#8221;full&#8221; alignment=&#8221;center&#8221; onclick=&#8221;custom_link&#8221; img_link_target=&#8221;_blank&#8221; css_animation=&#8221;fadeInDown&#8221;][vc_row_inner][vc_column_inner width=&#8221;1\/3&#8243;][mvc_infobox title_color=&#8221;#002c6c&#8221; image_id=&#8221;3025&#8243; info_title=&#8221;Eficiencia para propietarios de marcas&#8221; image_size=&#8221;150&#8243; title_size=&#8221;16&#8243;][\/mvc_infobox][vc_column_text]<\/p>\n<ul>\n<li>Proceso de intercambio de datos simplificado y tiempo de comercializaci\u00f3n m\u00e1s r\u00e1pido.<\/li>\n<li>Mayor integridad de la marca al aumentar la visibilidad de la calidad de los datos y obtener informaci\u00f3n del mercado.<\/li>\n<\/ul>\n<p>[\/vc_column_text][\/vc_column_inner][vc_column_inner width=&#8221;1\/3&#8243;][mvc_infobox title_color=&#8221;#002c6c&#8221; image_id=&#8221;3028&#8243; info_title=&#8221;Eficiencia para minoristas&#8221; image_size=&#8221;150&#8243; title_size=&#8221;16&#8243;][\/mvc_infobox][vc_column_text]<\/p>\n<ul>\n<li>Tiempo y costos reducidos para recopilar y verificar datos y menores riesgos de uso indebido de GTIN.<\/li>\n<li>Listado m\u00e1s r\u00e1pido y procesos comerciales optimizados en general.<\/li>\n<\/ul>\n<p>[\/vc_column_text][\/vc_column_inner][vc_column_inner width=&#8221;1\/3&#8243;][mvc_infobox title_color=&#8221;#002c6c&#8221; image_id=&#8221;3029&#8243; info_title=&#8221;Confianza para los consumidores&#8221; image_size=&#8221;150&#8243; title_size=&#8221;16&#8243;][\/mvc_infobox][vc_column_text]<\/p>\n<ul>\n<li>Informaci\u00f3n de producto m\u00e1s confiable y experiencias m\u00e1s ricas.<\/li>\n<li>Mayor satisfacci\u00f3n y menos devoluciones.<\/li>\n<\/ul>\n<p>[\/vc_column_text][\/vc_column_inner][\/vc_row_inner][\/vc_column][\/vc_row]<\/p>\n","protected":false},"excerpt":{"rendered":"<p>[vc_row full_width=&#8221;stretch_row&#8221; css=&#8221;.vc_custom_1693855293032{padding-top: 10px !important;padding-bottom: 50px !important;background: #ffffff url(https:\/\/gs1ec.org\/contenido\/wp-content\/uploads\/2023\/09\/verified-go.png?id=2987) !important;}&#8221;][vc_column][vc_empty_space height=&#8221;300px&#8221;][\/vc_column][\/vc_row][vc_row css=&#8221;.vc_custom_1654721999816{padding-top: 20px !important;padding-bottom: 50px !important;}&#8221;][vc_column width=&#8221;2\/3&#8243;][vc_custom_heading text=&#8221;La confianza y la eficiencia comienzan con una identificaci\u00f3n v\u00e1lida&#8221; font_container=&#8221;tag:h3|font_size:32px|text_align:left&#8221; use_theme_fonts=&#8221;yes&#8221; el_class=&#8221;m-b-none&#8221;][vc_empty_space height=&#8221;30px&#8221;][vc_column_text] Vivimos en un mundo donde los datos impulsan los negocios. Los sitios web de comercio electr\u00f3nico ofrecen millones de productos a los consumidores, y [&hellip;]<\/p>\n","protected":false},"author":2,"featured_media":0,"parent":0,"menu_order":0,"comment_status":"closed","ping_status":"closed","template":"","meta":{"iawp_total_views":118,"footnotes":""},"class_list":["post-2984","page","type-page","status-publish","hentry"],"_links":{"self":[{"href":"https:\/\/gs1ec.org\/contenido\/wp-json\/wp\/v2\/pages\/2984","targetHints":{"allow":["GET"]}}],"collection":[{"href":"https:\/\/gs1ec.org\/contenido\/wp-json\/wp\/v2\/pages"}],"about":[{"href":"https:\/\/gs1ec.org\/contenido\/wp-json\/wp\/v2\/types\/page"}],"author":[{"embeddable":true,"href":"https:\/\/gs1ec.org\/contenido\/wp-json\/wp\/v2\/users\/2"}],"replies":[{"embeddable":true,"href":"https:\/\/gs1ec.org\/contenido\/wp-json\/wp\/v2\/comments?post=2984"}],"version-history":[{"count":41,"href":"https:\/\/gs1ec.org\/contenido\/wp-json\/wp\/v2\/pages\/2984\/revisions"}],"predecessor-version":[{"id":3033,"href":"https:\/\/gs1ec.org\/contenido\/wp-json\/wp\/v2\/pages\/2984\/revisions\/3033"}],"wp:attachment":[{"href":"https:\/\/gs1ec.org\/contenido\/wp-json\/wp\/v2\/media?parent=2984"}],"curies":[{"name":"wp","href":"https:\/\/api.w.org\/{rel}","templated":true}]}}