{"id":3121,"date":"2025-08-15T17:15:27","date_gmt":"2025-08-15T22:15:27","guid":{"rendered":"https:\/\/gs1ec.org\/contenido\/?page_id=3121"},"modified":"2025-08-18T12:33:39","modified_gmt":"2025-08-18T17:33:39","slug":"precaucion-ley-de-competencia-gs1","status":"publish","type":"page","link":"https:\/\/gs1ec.org\/contenido\/estandares\/estandares-gs1\/precaucion-ley-de-competencia-gs1\/","title":{"rendered":"Precauci\u00f3n sobre la ley de competencia de GS1"},"content":{"rendered":"<p>[vc_row full_width=&#8221;stretch_row&#8221; css=&#8221;.vc_custom_1636645501874{padding-top: 60px !important;padding-bottom: 50px !important;background-image: url(https:\/\/gs1ec.org\/contenido\/wp-content\/uploads\/2021\/10\/bread-soluciones.jpg?id=2227) !important;background-position: center !important;background-repeat: no-repeat !important;background-size: cover !important;}&#8221;][vc_column width=&#8221;1\/2&#8243;][vc_custom_heading source=&#8221;post_title&#8221; font_container=&#8221;tag:h1|text_align:left|color:%23ffffff&#8221; use_theme_fonts=&#8221;yes&#8221;][vc_empty_space height=&#8221;50px&#8221;][\/vc_column][vc_column width=&#8221;1\/2&#8243;][\/vc_column][\/vc_row][vc_row full_width=&#8221;stretch_row&#8221; css=&#8221;.vc_custom_1633367509733{padding-top: 50px !important;padding-bottom: 50px !important;}&#8221;][vc_column][vc_empty_space height=&#8221;30px&#8221;][vc_single_image image=&#8221;1578&#8243; img_size=&#8221;full&#8221; label=&#8221;&#8221;][vc_column_text]<span dir=\"auto\">Muchas empresas usuarias del Sistema GS1 compiten entre s\u00ed. La competencia es tanto horizontal como vertical. Esto significa que cada actividad de GS1 debe evaluarse seg\u00fan las leyes de competencia vigentes, que proh\u00edben las combinaciones y conspiraciones para restringir el comercio, los monopolios y los intentos de monopolizar, y los actos o pr\u00e1cticas desleales o enga\u00f1osas. Estas leyes son muy amplias. Las infracciones a la legislaci\u00f3n de competencia pueden dar lugar a medidas cautelares, sentencias por da\u00f1os y perjuicios triplicados, multas cuantiosas e incluso penas de prisi\u00f3n.<\/span><\/p>\n<p><span dir=\"auto\">El estricto cumplimiento de las leyes de competencia es, y siempre ha sido, la pol\u00edtica de GS1. GS1 ejerce un cuidado extremo para evitar no solo infracciones, sino cualquier cosa que pueda levantar la m\u00e1s m\u00ednima sospecha de una posible infracci\u00f3n.<\/span><\/p>\n<p><span dir=\"auto\">Una acci\u00f3n, aparentemente inocente cuando se realiza por s\u00ed sola, puede ser considerada por los responsables de la aplicaci\u00f3n de la ley de competencia como parte de un patr\u00f3n de actividad que constituye una infracci\u00f3n de la ley. Por lo tanto, los participantes en los comit\u00e9s, grupos de trabajo, grupos de trabajo u otros organismos similares de GS1 deben recordar siempre que el prop\u00f3sito del comit\u00e9, grupo de trabajo o grupo de trabajo es mejorar la capacidad de todos los miembros de la industria para competir de forma m\u00e1s eficiente y eficaz y ofrecer un mejor valor al consumidor o usuario final. Sin embargo, dado que la actividad de GS1 casi siempre implica la cooperaci\u00f3n de los competidores, se debe tener mucho cuidado para garantizar el cumplimiento de la ley de competencia.<\/span><\/p>\n<p class=\"mt-spacer-4\"><span dir=\"auto\">Esto significa:<\/span><\/p>\n<ul>\n<li><span dir=\"auto\">La participaci\u00f3n debe ser voluntaria y la no participaci\u00f3n no podr\u00e1 utilizarse para penalizar a ninguna empresa.<\/span><\/li>\n<li><span dir=\"auto\">No se permitir\u00e1 discusi\u00f3n de precios, asignaci\u00f3n de clientes o productos, boicots, negativas a negociar o cuotas de mercado.<\/span><\/li>\n<li><span dir=\"auto\">Si alg\u00fan participante considera que el grupo se est\u00e1 desviando hacia una discusi\u00f3n inadmisible, el tema se archivar\u00e1 hasta que se pueda obtener la opini\u00f3n de un abogado.<\/span><\/li>\n<li><span dir=\"auto\">Las reuniones se regir\u00e1n por un orden del d\u00eda preparado con antelaci\u00f3n y se registrar\u00e1n mediante actas que se preparar\u00e1n inmediatamente despu\u00e9s de la reuni\u00f3n. Los \u00f3rdenes del d\u00eda, cuando corresponda, y las actas deber\u00e1n ser revisados por los abogados antes de su distribuci\u00f3n.<\/span><\/li>\n<li><span dir=\"auto\">Las pruebas o la recopilaci\u00f3n de datos se regir\u00e1n por protocolos elaborados en consulta con el abogado y supervisados por \u00e9l.<\/span><\/li>\n<li><span dir=\"auto\">Las recomendaciones de un comit\u00e9, grupo de trabajo o grupo de trabajo de GS1 son solo eso. Cada empresa tiene la libertad de tomar decisiones independientes y competitivas.<\/span><\/li>\n<li><span dir=\"auto\">Cualquier est\u00e1ndar desarrollado debe ser un est\u00e1ndar voluntario.<\/span><\/li>\n<\/ul>\n<p>[\/vc_column_text][\/vc_column][\/vc_row]<\/p>\n","protected":false},"excerpt":{"rendered":"<p>[vc_row full_width=&#8221;stretch_row&#8221; css=&#8221;.vc_custom_1636645501874{padding-top: 60px !important;padding-bottom: 50px !important;background-image: url(https:\/\/gs1ec.org\/contenido\/wp-content\/uploads\/2021\/10\/bread-soluciones.jpg?id=2227) !important;background-position: center !important;background-repeat: no-repeat !important;background-size: cover !important;}&#8221;][vc_column width=&#8221;1\/2&#8243;][vc_custom_heading source=&#8221;post_title&#8221; font_container=&#8221;tag:h1|text_align:left|color:%23ffffff&#8221; use_theme_fonts=&#8221;yes&#8221;][vc_empty_space height=&#8221;50px&#8221;][\/vc_column][vc_column width=&#8221;1\/2&#8243;][\/vc_column][\/vc_row][vc_row full_width=&#8221;stretch_row&#8221; css=&#8221;.vc_custom_1633367509733{padding-top: 50px !important;padding-bottom: 50px !important;}&#8221;][vc_column][vc_empty_space height=&#8221;30px&#8221;][vc_single_image image=&#8221;1578&#8243; img_size=&#8221;full&#8221; label=&#8221;&#8221;][vc_column_text]Muchas empresas usuarias del Sistema GS1 compiten entre s\u00ed. La competencia es tanto horizontal como vertical. Esto significa que cada actividad de GS1 debe evaluarse [&hellip;]<\/p>\n","protected":false},"author":2,"featured_media":0,"parent":1824,"menu_order":0,"comment_status":"closed","ping_status":"closed","template":"","meta":{"iawp_total_views":28,"footnotes":""},"class_list":["post-3121","page","type-page","status-publish","hentry"],"_links":{"self":[{"href":"https:\/\/gs1ec.org\/contenido\/wp-json\/wp\/v2\/pages\/3121","targetHints":{"allow":["GET"]}}],"collection":[{"href":"https:\/\/gs1ec.org\/contenido\/wp-json\/wp\/v2\/pages"}],"about":[{"href":"https:\/\/gs1ec.org\/contenido\/wp-json\/wp\/v2\/types\/page"}],"author":[{"embeddable":true,"href":"https:\/\/gs1ec.org\/contenido\/wp-json\/wp\/v2\/users\/2"}],"replies":[{"embeddable":true,"href":"https:\/\/gs1ec.org\/contenido\/wp-json\/wp\/v2\/comments?post=3121"}],"version-history":[{"count":1,"href":"https:\/\/gs1ec.org\/contenido\/wp-json\/wp\/v2\/pages\/3121\/revisions"}],"predecessor-version":[{"id":3122,"href":"https:\/\/gs1ec.org\/contenido\/wp-json\/wp\/v2\/pages\/3121\/revisions\/3122"}],"up":[{"embeddable":true,"href":"https:\/\/gs1ec.org\/contenido\/wp-json\/wp\/v2\/pages\/1824"}],"wp:attachment":[{"href":"https:\/\/gs1ec.org\/contenido\/wp-json\/wp\/v2\/media?parent=3121"}],"curies":[{"name":"wp","href":"https:\/\/api.w.org\/{rel}","templated":true}]}}